{"id":5604,"date":"2019-11-25T18:16:37","date_gmt":"2019-11-25T17:16:37","guid":{"rendered":"https:\/\/thermostar-southeasteurope.com\/privacy-policy\/"},"modified":"2025-11-03T15:22:07","modified_gmt":"2025-11-03T14:22:07","slug":"izjava-o-zastiti-podataka","status":"publish","type":"page","link":"https:\/\/thermostar-southeasteurope.com\/sr\/izjava-o-zastiti-podataka\/","title":{"rendered":"Izjava o za\u0161titi podataka"},"content":{"rendered":"<div class=\"acf-fc-column acf-fc-column-1\">\n<p><!-- https:\/\/dse-generator.pixelpoint.at\/?dseversion=7&main_title=&introduction=&contact-full=%3Cp%3EThermostar+Handels-GmbH%3Cbr%3EAuen-Sueduferstrasse+67%3Cbr%3E9220+Velden%3Cbr%3EAustria%3C%2Fp%3E&dpofficer=none&topic-10=1&topic-25=1&topic-30=1&topic-50=1&topic-50-90=1&topic-50-580=1&topic-50-160=1&topic-60=1&topic-70=1&topic-80=1&topic-90=1&topic-100=1&topic-110=1&topic-110-10=1&topic-110-20=1&topic-110-30=1&language=sr&dsb-contact=&heading_level_start=1&heading_numbering=&heading_anchor=tag&submit=DSE+jetzt+generieren%21 --><\/p>\n<h1><a name=\"pp-data-policy-topic-00\"><\/a>Izjava o za\u0161titi podataka<\/h1>\n<p>Ovo obave\u0161tenje opisuje kako se va\u0161i li\u010dni podaci obra\u0111uju u vezi sa ovim veb-sajtom.<\/p>\n<p><a href=\"#pp-data-policy-topic-25\">Do pode\u0161avanja kola\u010di\u0107a \/ za\u0161tite podataka (povla\u010denje saglasnosti)<\/a><\/p>\n<h2><a name=\"pp-data-policy-topic-00-contact\"><\/a>1. Odgovorni za obradu li\u010dnih podataka<\/h2>\n<p>Thermostar Handels-GmbH<br \/>Auen-Sueduferstrasse 67<br \/>9220 Velden<br \/>Austria<\/p>\n<p>(U daljem tekstu Izjave o za\u0161titi podataka ozna\u010deno kao &#8222;mi&#8220; ili &#8222;nas&#8220;.)<\/p>\n<h2><a name=\"pp-data-policy-topic-10\"><\/a>2. Koje podatke obra\u0111ujemo o vama<\/h2>\n<p>\n\tTokom va\u0161e posete ovom veb-sajtu prikupi\u0107emo slede\u0107e informacije: datum i vreme posete stranici na na\u0161em veb-sajtu, va\u0161a IP adresa, ime i verzija va\u0161eg veb-pretra\u017eiva\u010da, veb-sajt (URL) koji ste posetili pre nego \u0161to ste do\u0161li na ovaj veb-sajt, odre\u0111eni kola\u010di\u0107i (pogledajte slede\u0107e ta\u010dke) i li\u010dne podatke koje sami pru\u017eite popunjavanjem kontakt formulara (npr. ime i e-mail adresa) ili sadr\u017eajem va\u0161e poruke.\n<\/p>\n<h2><a name=\"pp-data-policy-topic-25\"><\/a>3. Kola\u010di\u0107i i eksterni servisi<\/h2>\n<p>\n\tNa\u0161 web sajt koristi kola\u010di\u0107e. Kola\u010di\u0107i su zapisi podataka koji se \u010duvaju u va\u0161em pregleda\u010du od strane web sajta ili servera prilikom posete sajtu i \u0161alju se serveru pri svakom pristupu sajtu. Kola\u010di\u0107i omogu\u0107avaju \u010duvanje podataka (npr. pode\u0161avanja jezika, sadr\u017eaj korpe za kupovinu, status prijave ili registracije itd.) izme\u0111u poseta stranici ili ponovljenih poseta u pregleda\u010du. To zna\u010di da pregleda\u010d pamti pode\u0161avanja sa poslednje posete ili pristupa sajtu. Kola\u010di\u0107i se tako\u0111e mogu koristiti za jedinstvenu identifikaciju va\u0161eg pregleda\u010da. Ovo se mo\u017ee koristiti, izme\u0111u ostalog, za proveru va\u0161e autorizacije (status prijave ili registracije).<br \/>\n\tPrilikom prvog pristupa na\u0161em web sajtu, nisu aktivirani servisi ili kola\u010di\u0107i koji nisu neophodni za rad sajta (esencijalni).\n<\/p>\n<h3><a name=\"pp-data-policy-categories\"><\/a>3.1 Kategorije privatnosti<\/h3>\n<h4><a name=\"pp-data-policy-category-essential\"><\/a>3.1.1 Esencijalno<\/h4>\n<p>\n\tZa rad web sajta i njegovih funkcija koristimo neophodne, takozvane esencijalne kola\u010di\u0107e i eksterne servise. Ovi kola\u010di\u0107i i servisi ne mogu biti odbijeni. To mo\u017ee uklju\u010divati slede\u0107e funkcije: korpa za kupovinu online prodavnice, kola\u010di\u0107 za proveru statusa prijave i drugi sli\u010dni kola\u010di\u0107i i eksterne servise. Ovi kola\u010di\u0107i se ne koriste za pra\u0107enje posetilaca. Ve\u0107ina ovih kola\u010di\u0107a se automatski bri\u0161e nakon zatvaranja pregleda\u010da (kola\u010di\u0107i sesije). Obrada va\u0161ih li\u010dnih podataka u ovom kontekstu zasniva se na na\u0161em legitimnom interesu prema \u010dl. 6 st. 1 lit. f GDPR; izme\u0111u ostalog, za osiguranje funkcionalnosti na\u0161eg web sajta. Obrada li\u010dnih podataka u ovom kontekstu nije ni ugovorno ni zakonski obavezna. Bez obrade li\u010dnih podataka, na\u0161 servis i funkcionalnost web sajta ne mogu biti garantovani.<br \/>\n\tVi\u0161e informacija o va\u0161em pravu na prigovor u skladu sa \u010dl. 21 GDPR mo\u017eete prona\u0107i na <a href=\"#pp-data-policy-topic-100\">Va\u0161a prava kao ispitanika i osobe \u010diji se podaci obra\u0111uju<\/a>.\n<\/p>\n<p>Eksterni servisi u kategoriji &#8222;Esencijalno&#8220;:<br \/><a href=\"#pp-data-policy-topic-50-580\">Matomo statistika pristupa<\/a><\/p>\n<h4><a name=\"pp-data-policy-category-media\"><\/a>3.1.2 Eksterni mediji<\/h4>\n<p>\n\tPored toga, koristimo eksterne servise i kola\u010di\u0107e kako bismo bolje prikazali sadr\u017eaj na\u0161eg web sajta. To uklju\u010duje, na primer, servise za prikazivanje i ugradnju slika, video zapisa, audio snimaka, mapa i drugih sadr\u017eaja sa eksternih servisa. Ako je neophodan pristanak za kori\u0161\u0107enje bilo kojeg od ovih eksternih servisa (na primer, servisi iz zemalja koje ne po\u0161tuju evropsku za\u0161titu podataka; npr. servisi u SAD), bi\u0107ete izri\u010dito upitani za va\u0161 pristanak (pristanak prema \u010dl. 6 st. 1 lit. a GDPR) za politiku privatnosti odgovaraju\u0107eg servisa pre kori\u0161\u0107enja.<br \/>\n\tVa\u0161 pristanak mo\u017eete u bilo kom trenutku opozvati na <a href=\"#pp-data-policy-revocation\">Povla\u010denje pristanka<\/a>.\n<\/p>\n<p>Eksterni servisi u kategoriji &#8222;Eksterni mediji&#8220;:<br \/><a href=\"#pp-data-policy-topic-50-90\">Mapbox<\/a>, <a href=\"#pp-data-policy-topic-50-160\">YouTube<\/a><\/p>\n<h3><a name=\"pp-data-policy-revocation\"><\/a>3.2 Povla\u010denje pristanka<\/h3>\n<p>\n\tOvde imate mogu\u0107nost da opozovete prethodno dato odobrenje:<br \/>\n\t[pp-content-blocker show-all-revocation-links]\n<\/p>\n<h2><a name=\"pp-data-policy-topic-30\"><\/a>4. Kontakt<\/h2>\n<p>\n\tAko nas kontaktirate putem kontakt forme na ovom web sajtu, funkcije komentara na sajtu, putem e-po\u0161te ili telefona, saglasni ste sa prenosom va\u0161ih li\u010dnih podataka navedenih u <a href=\"#pp-data-policy-topic-10\">Koje podatke obra\u0111ujemo o vama<\/a> i sa na\u0161im kontaktiranjem putem e-po\u0161te ili telefona. Va\u0161i podaci \u0107e biti kori\u0161\u0107eni isklju\u010divo za kontakt i ne\u0107e biti dalje deljeni.\n<\/p>\n<h2><a name=\"pp-data-policy-topic-50\"><\/a>5. Kori\u0161\u0107eni alati i eksterni servisi<\/h2>\n<h3><a name=\"pp-data-policy-topic-50-90\"><\/a>5.1. Mapbox<\/h3>\n<p>\n\tOvaj web sajt koristi Mapbox za prikaz interaktivnih mapa, servis koji pru\u017ea Mapbox Inc. (1714 14th Street NW Washington, DC 20009-4309 Sjedinjene Ameri\u010dke Dr\u017eave). Pristupanjem ovom sajtu, informacije o kori\u0161\u0107enju sajta, uklju\u010duju\u0107i IP adresu, identifikaciju ure\u0111aja i pregleda\u010da, prenose se na Mapbox Inc. u SAD. Kroz direktnu vezu va\u0161eg pregleda\u010da sa Mapbox-om, sadr\u017eaj mapa sa Mapbox-a se prenosi direktno u va\u0161 pregleda\u010d i odatle se integri\u0161e u web sajt. Dakle, nemamo nikakav uticaj na podatke prikupljene na ovaj na\u010din.\n<\/p>\n<\/p>\n<p>\n\tVi\u0161e informacija o prikupljanju i obradi va\u0161ih podataka od strane Mapbox-a mo\u017eete prona\u0107i ovde: <a href=\"https:\/\/www.mapbox.com\/privacy\/\" rel=\"noopener noreferrer nofollow\" target=\"_blank\">https:\/\/www.mapbox.com\/privacy\/<\/a>.\n<\/p>\n<h3><a name=\"pp-data-policy-topic-50-580\"><\/a>5.2. Matomo statistika pristupa<\/h3>\n<p>\n\tKoristimo Matomo kako bismo merili domet i performanse na\u0161eg internet sajta. Matomo je alat za veb analitiku i koristi se na na\u0161im sopstvenim serverima.<br \/>\n\tMatomo se kod nas koristi u varijanti log fajl pra\u0107enja (logfile tracking). To zna\u010di da se ne koriste kola\u010di\u0107i niti se koristi dodatni kod (npr. JavaScript) za prikupljanje podataka i kreiranje statistike. Pra\u0107enje se oslanja na log fajlove neophodne za rad servera (datum, vreme i URL pristupljene stranice, kao i IP adresa i identifikacija pregleda\u010da posetioca). IP adrese su anonimizovane (IP masking) i sumirane u anonimne korisni\u010dke profile. Dakle, nije mogu\u0107e povezati podatke sa pojedina\u010dnim korisnicima.<br \/>\n\tPodatke koristimo za analizu kori\u0161\u0107enja sajta. Prikupljeni podaci se ne dele sa tre\u0107im licima.\n<\/p>\n<h3><a name=\"pp-data-policy-topic-50-160\"><\/a>5.3. YouTube<\/h3>\n<p>\n\tPrilikom posete na\u0161eg web sajta mo\u017eete gledati video zapise ugra\u0111ene sa YouTube-a (proizvod Google Ireland Limited, Gordon House, Barrow Street, Dublin 4, Irska).<br \/>\n\tDa bi se prikazali YouTube video zapisi, va\u0161a IP adresa, kao i identifikacija ure\u0111aja i pregleda\u010da, prikupljaju se od strane Google-a, koji ih mo\u017ee preneti na servere Google LLC, 1600 Amphitheatre Parkway, Mountain View, CA 94043 u SAD i tamo ih sa\u010duvati. Pored toga, Google mo\u017ee prikupljati podatke o va\u0161em kori\u0161\u0107enju YouTube-a.\n<\/p>\n<\/p>\n<p>\n\tMolimo vas da pa\u017eljivo pro\u010ditate Google-ovu politiku privatnosti pre kori\u0161\u0107enja YouTube-a. Politiku privatnosti i uslove kori\u0161\u0107enja mo\u017eete prona\u0107i na:<br \/>\n\t<a href=\"https:\/\/policies.google.com\/privacy?hl=sr\" rel=\"noopener noreferrer nofollow\" target=\"_blank\">https:\/\/policies.google.com\/privacy?hl=sr<\/a>.\n<\/p>\n<h2><a name=\"pp-data-policy-topic-60\"><\/a>6. Svrhe obrade podataka<\/h2>\n<p>Va\u0161e li\u010dne podatke \u0107emo obra\u0111ivati u slede\u0107e svrhe:<\/p>\n<ul>\n<li>da vam omogu\u0107imo pristup ovom web sajtu i da ga dalje unapre\u0111ujemo i razvijamo;<\/li>\n<li>za kreiranje statistike kori\u0161\u0107enja;<\/li>\n<li>za otkrivanje, spre\u010davanje i istra\u017eivanje napada na na\u0161 web sajt;<\/li>\n<li>da bismo mogli odgovoriti na va\u0161e upite i\/ili sprovesti predugovorne mere;<\/li>\n<li>za pobolj\u0161anje tehni\u010dke podr\u0161ke korisnicima;<\/li>\n<li>za kreiranje jednostavne statistike pristupa sajtu na tro\u0161kovno efikasan na\u010din;<\/li>\n<li>za bolje promovisanje na\u0161ih usluga ili proizvoda;<\/li>\n<li>za primanje prijava za posao.<\/li>\n<\/ul>\n<h2><a name=\"pp-data-policy-topic-70\"><\/a>7. Pravna osnova za obradu<\/h2>\n<p>\n\tObrada va\u0161ih li\u010dnih podataka (vidi ta\u010dku <a href=\"#pp-data-policy-topic-10\">Koje podatke obra\u0111ujemo o vama<\/a>) se vr\u0161i isklju\u010divo na pravnoj osnovi\n<\/p>\n<ul>\n<li>\n\t\tispunjenja ugovora sa vama i\/ili za sprovo\u0111enje predugovornih mera (\u010dlan 6 st. 1 lit. b GDPR);<br \/>\n\t\ti\/ili\n\t<\/li>\n<li>\n\t\tna\u0161eg prevladavaju\u0107eg legitimnog interesa da postignemo svrhe navedene u ta\u010dki <a href=\"#pp-data-policy-topic-60\">Svrhe obrade podataka<\/a> (\u010dlan 6 st. 1 lit. f GDPR).\n\t<\/li>\n<\/ul>\n<h2><a name=\"pp-data-policy-topic-80\"><\/a>8. Prenos va\u0161ih li\u010dnih podataka<\/h2>\n<p>\n\t\tZa gore navedene svrhe, va\u0161e li\u010dne podatke \u0107emo, u nekim slu\u010dajevima dodatno u zavisnosti od va\u0161eg pristanka, preneti slede\u0107im primaocima:\n\t<\/p>\n<ul>\n<li>primaocima navedenim pod <a href=\"#pp-data-policy-topic-50\">Kori\u0161\u0107eni alati i eksterni servisi<\/a><\/li>\n<\/ul>\n<p>\n\tSaradjujemo sa odabranim pru\u017eaocima usluga koji u na\u0161e ime obavljaju odre\u0111enu obradu podataka (npr. hosting provajderi i drugi IT-servis provajderi koje koristimo). Ovo se uvek sprovodi u skladu sa va\u017ee\u0107im propisima o za\u0161titi podataka, posebno sa Op\u0161tom uredbom EU o za\u0161titi podataka (EU GDPR). Sa ovim partnerima smo zaklju\u010dili odgovaraju\u0107e ugovore o obradi podataka (DPA) kako bismo osigurali za\u0161titu va\u0161ih li\u010dnih podataka.\n<\/p>\n<h2><a name=\"pp-data-policy-topic-90\"><\/a>9. Trajanje \u010duvanja<\/h2>\n<p>\n\tVa\u0161e podatke, koje obra\u0111ujemo prilikom posete ovom web sajtu, \u010duvamo u principu tri meseca. Du\u017ee \u010duvanje \u0107e se vr\u0161iti samo ako je potrebno za istra\u017eivanje otkrivenih napada na na\u0161 web sajt.\n<\/p>\n<p>\n\tAko ste nam svoje li\u010dne podatke dostavili putem obrazaca ili drugih tehnika na na\u0161em web sajtu, \u010duva\u0107emo ih dokle god je potrebno za obradu va\u0161e zahteve i koliko to zahtevaju zakonski rokovi \u010duvanja i\/ili zastare.\n<\/p>\n<h2><a name=\"pp-data-policy-topic-100\"><\/a>10. Va\u0161a prava kao ispitanika i osobe \u010diji se podaci obra\u0111uju<\/h2>\n<p>\n\tKao lice na koje se odnosi obrada li\u010dnih podataka, imate pravo na pristup, ispravku, brisanje i ograni\u010denje obrade va\u0161ih li\u010dnih podataka. Ovo va\u017ei i za pravo na prenosivost podataka, ukoliko se obrada zasniva na ugovoru ili pristanku.<br \/>\n\tAko se obrada va\u0161ih li\u010dnih podataka vr\u0161i na osnovu \u010dlana 6 stav 1 ta\u010dka e GDPR (obrada podataka u javnom interesu), \u010dlana 6 stav 1 ta\u010dka f GDPR (obrada na osnovu legitimnog interesa) ili u kontekstu profilisanja prema \u010dlanu 4 br. 4 GDPR, imate tako\u0111e pravo na prigovor. Ovo pravo va\u017ei i u slu\u010daju obrade podataka u svrhu direktnog marketinga.<br \/>\n\tU slu\u010daju da ste dali pristanak, imate i pravo da ga u bilo kom trenutku povu\u010dete za budu\u0107nost.\n<\/p>\n<p>\n\tAko smatrate da obrada va\u0161ih li\u010dnih podataka nije zakonita, mo\u017eete se obratiti bilo kojoj nadzornoj instituciji za za\u0161titu podataka. Nadzorni organ odgovoran za nas prema \u010dlanu 55 GDPR je:\n<\/p>\n<p>\u00d6sterreichische Datenschutzbeh\u00f6rde (<a href=\"https:\/\/www.dsb.gv.at\/\" rel=\"noopener noreferrer nofollow\" target=\"_blank\">https:\/\/www.dsb.gv.at\/<\/a>), Barichgasse 40-42, 1030 Wien, <a href=\"mailto:dsb@dsb.gv.at\">dsb@dsb.gv.at<\/a><\/p>\n<p>\n\tAko imate pitanja u vezi sa ovom politikom privatnosti ili \u017eelite da ostvarite svoja prava navedena u njoj, obratite se na adresu navedenu pod <a href=\"#pp-data-policy-topic-00-contact\">Odgovorni za obradu li\u010dnih podataka<\/a>.\n<\/p>\n<h2><a name=\"pp-data-policy-topic-110\"><\/a>11. Odricanje od odgovornosti<\/h2>\n<p>\n\tOvo odricanje od odgovornosti smatra se delom internet ponude sa koje je ova web stranica referencirana. Ukoliko delovi ili pojedine formulacije ovog teksta ne budu u skladu, vi\u0161e nisu u skladu ili nisu u potpunosti u skladu sa va\u017ee\u0107im zakonima, preostali delovi dokumenta ostaju nepromenjeni u svom sadr\u017eaju i va\u017eenju.\n<\/p>\n<h3><a name=\"pp-data-policy-topic-110-10\"><\/a>11.1. Odgovornost za sadr\u017eaj ovog web sajta<\/h3>\n<p>\n\tSadr\u017eaj ovog web sajta je kreiran sa najve\u0107om pa\u017enjom. Me\u0111utim, ne garantujemo ta\u010dnost, potpunost ili a\u017eurnost sadr\u017eaja. Kao pru\u017ealac usluga odgovorni smo za sopstveni sadr\u017eaj na ovim stranicama u skladu sa op\u0161tim zakonima. Nismo u obavezi da nadgledamo prenete ili sa\u010duvane informacije tre\u0107ih lica niti da istra\u017eujemo okolnosti koje ukazuju na nezakonite aktivnosti. Obaveze za uklanjanje ili blokiranje kori\u0161\u0107enja informacija prema op\u0161tim zakonima ostaju netaknute. Odgovornost u ovom pogledu je mogu\u0107a samo od trenutka kada postanemo svesni konkretne povrede zakona. Kada saznamo za takve povrede, odmah \u0107emo ukloniti sadr\u017eaj.\n<\/p>\n<h3><a name=\"pp-data-policy-topic-110-20\"><\/a>11.2. Odgovornost za linkove ka web sajtovima tre\u0107ih lica<\/h3>\n<p>\n\tNa\u0161a ponuda sadr\u017ei linkove ka eksternim web sajtovima. Nemamo nikakav uticaj na sadr\u017eaj tih eksternih sajtova. Stoga ne mo\u017eemo preuzeti odgovornost za sadr\u017eaj tih tre\u0107ih lica. Za sadr\u017eaj povezanih stranica uvek je odgovoran odgovaraju\u0107i pru\u017ealac ili operater stranice. Povezane stranice su proverene u trenutku povezivanja na mogu\u0107e pravne povrede. Nezakoniti sadr\u017eaji nisu bili prepoznatljivi u trenutku povezivanja. Me\u0111utim, stalna kontrola sadr\u017eaja povezanih stranica nije razumna bez konkretnih indicija o pravnoj povredi. Kada saznamo za pravne povrede, odmah \u0107emo ukloniti takve linkove.\n<\/p>\n<h3><a name=\"pp-data-policy-topic-110-30\"><\/a>11.3. Autorska prava<\/h3>\n<p>\n\tOperateri ovog web sajta se trude da uvek po\u0161tuju autorska prava drugih i da koriste sopstvena ili licencno slobodna dela. Sadr\u017eaj i dela koja kreiraju operateri sajta na ovom web sajtu za\u0161ti\u0107ena su autorskim pravima. Prilozi tre\u0107ih lica su ozna\u010deni kao takvi. Reprodukcija, ure\u0111ivanje, distribucija i bilo koja vrsta kori\u0161\u0107enja izvan granica autorskih prava zahteva pismeni pristanak odgovaraju\u0107eg autora ili kreatora. Preuzimanja i kopije ovog sajta dozvoljeni su samo za privatnu, nekomercijalnu upotrebu.<\/p>\n<\/p><\/div>\n<div class=\"acf-fc-column acf-fc-column-1\">\n<p><a href=\"https:\/\/thermostar-southeasteurope.com\/sr\/kontakt\/\">Do impresuma<\/a><\/p>\n<\/p><\/div>\n","protected":false},"excerpt":{"rendered":"<p>Izjava o za\u0161titi podataka Ovo obave\u0161tenje opisuje kako se va\u0161i li\u010dni podaci obra\u0111uju u vezi sa ovim veb-sajtom. Do pode\u0161avanja kola\u010di\u0107a \/ za\u0161tite podataka (povla\u010denje saglasnosti) 1. Odgovorni za obradu li\u010dnih podataka Thermostar Handels-GmbHAuen-Sueduferstrasse 679220 VeldenAustria (U daljem tekstu Izjave o za\u0161titi podataka ozna\u010deno kao &#8222;mi&#8220; ili &#8222;nas&#8220;.) 2. Koje podatke obra\u0111ujemo o vama Tokom [&hellip;]<\/p>\n","protected":false},"author":1,"featured_media":0,"parent":0,"menu_order":0,"comment_status":"closed","ping_status":"closed","template":"","meta":{"_acf_changed":false,"footnotes":""},"class_list":["post-5604","page","type-page","status-publish","hentry"],"acf":[],"_links":{"self":[{"href":"https:\/\/thermostar-southeasteurope.com\/sr\/wp-json\/wp\/v2\/pages\/5604","targetHints":{"allow":["GET"]}}],"collection":[{"href":"https:\/\/thermostar-southeasteurope.com\/sr\/wp-json\/wp\/v2\/pages"}],"about":[{"href":"https:\/\/thermostar-southeasteurope.com\/sr\/wp-json\/wp\/v2\/types\/page"}],"author":[{"embeddable":true,"href":"https:\/\/thermostar-southeasteurope.com\/sr\/wp-json\/wp\/v2\/users\/1"}],"replies":[{"embeddable":true,"href":"https:\/\/thermostar-southeasteurope.com\/sr\/wp-json\/wp\/v2\/comments?post=5604"}],"version-history":[{"count":4,"href":"https:\/\/thermostar-southeasteurope.com\/sr\/wp-json\/wp\/v2\/pages\/5604\/revisions"}],"predecessor-version":[{"id":5746,"href":"https:\/\/thermostar-southeasteurope.com\/sr\/wp-json\/wp\/v2\/pages\/5604\/revisions\/5746"}],"wp:attachment":[{"href":"https:\/\/thermostar-southeasteurope.com\/sr\/wp-json\/wp\/v2\/media?parent=5604"}],"curies":[{"name":"wp","href":"https:\/\/api.w.org\/{rel}","templated":true}]}}