{"id":4605,"date":"2022-12-02T11:31:07","date_gmt":"2022-12-02T10:31:07","guid":{"rendered":"https:\/\/thermostar-southeasteurope.com\/news\/"},"modified":"2025-11-03T10:52:42","modified_gmt":"2025-11-03T09:52:42","slug":"vesti","status":"publish","type":"page","link":"https:\/\/thermostar-southeasteurope.com\/sr\/vesti\/","title":{"rendered":"Vesti"},"content":{"rendered":"<div class=\"acf-fc-column acf-fc-column-1\">\n<h1 style=\"text-align: center;\">Inovacije na\u0161ih proizvoda<\/h1>\n<\/p><\/div>\n<div class=\"acf-fc-column acf-fc-column-1\">\n<p style=\"text-align: center;\">Stalno te\u017eimo usavr\u0161avanju. Zbog toga smo neprestano u potrazi za savr\u0161enim dodacima koji \u0107e upotpuniti zeleno \u010di\u0161\u0107enje sa Thermostar sistemom suve pare. Zato te\u017eimo najvi\u0161im standardima u pogledu kvaliteta, izrade i odr\u017eivosti proizvoda. Samo apsolutno prvoklasni pronalasci, bez ikakvih hemijskih dodataka, mogu prona\u0107i mesto u na\u0161em asortimanu. Ovde mo\u017eete saznati koje inovacije mogu podi\u0107i iskustvo \u010di\u0161\u0107enja Thermostar-om na jo\u0161 vi\u0161i nivo. Jednostavno pitajte svog savetnika za Thermostar!<\/p>\n<p>&nbsp;<\/p>\n<p style=\"text-align: center;\"><a class=\"button\" href=\"\/sr\/prodavci\/\">Thermostar distributeri<\/a><\/p>\n<\/p><\/div>\n<div class=\"acf-fc-column acf-fc-column-1\">\n<p><a href=\"https:\/\/thermostar-southeasteurope.com\/wp-content\/uploads\/2022\/12\/Desinfektion_HS_Blaster.jpg\"><img loading=\"lazy\" decoding=\"async\" class=\"alignright wp-image-836 size-content_square_xlarge\" src=\"https:\/\/thermostar-southeasteurope.com\/wp-content\/uploads\/2022\/12\/Desinfektion_HS_Blaster-400x400.jpg\" alt=\"HB Solution application on the handle of the entrance door against none and bacteria\" width=\"400\" height=\"400\" data-fancybox-title=\"\" data-fancybox-alt=\"\" data-fancybox-caption=\"\" \/><\/a><\/p>\n<\/p><\/div>\n<div class=\"acf-fc-column acf-fc-column-2\">\n<h2 class=\"h3\" style=\"text-align: left;\">HB Solution<\/h2>\n<p class=\"h6\" style=\"text-align: left;\">Bezbedna dezinfekcija na prirodnoj osnovi<\/p>\n<p>Globalna umre\u017eenost doprinosi sve br\u017eem \u0161irenju bakterija i virusa u svetu. Higijena je odavno postala vi\u0161e od pukog uklanjanja pra\u0161ine i prljav\u0161tine!<br \/>\nHB Solution je na\u0161e re\u0161enje za savr\u0161enu higijenu kod ku\u0107e i na poslu. Temeljnim \u010di\u0161\u0107enjem suvom mikroparom povr\u0161ine se optimalno \u010diste i pripremaju. Zahvaljuju\u0107i posebno razvijenom HS Blaster-u, va\u0161 paro\u010dista\u010d se jednim potezom pretvara u raspr\u0161iva\u010d za dezinfekciju, koji optimalno koristi visok pritisak pare.<br \/>\nHB Solution ne sadr\u017ei sastojke koji su opasni za ljude i \u017eivotinje, aditive niti alergene i stoga je biolo\u0161ki i toksikolo\u0161ki potpuno bezopasan.<\/p>\n<\/p><\/div>\n<div class=\"acf-fc-column acf-fc-column-1\">\n<h2 class=\"h3\" style=\"text-align: right;\">PRO Seal<\/h2>\n<p class=\"h6\" style=\"text-align: right;\">Savr\u0161ena za\u0161tita od prianjanja prljav\u0161tine<\/p>\n<p style=\"text-align: right;\">Ovo vam je sigurno poznato: tek \u0161to ste zavr\u0161ili sa \u010di\u0161\u0107enjem, a ve\u0107 mo\u017eete videti pra\u0161inu, pruge, kamenac ili ostatke masno\u0107e na nekim mestima. Mo\u017eda ste se pomirili sa tim, ali ne mora da bude tako!<br \/>\nUz na\u0161u novu revolucionarnu PRO Seal povr\u0161insku za\u0161titu, va\u0161 stan \u0107e danima izgledati sve\u017ee o\u010di\u0161\u0107eno. Najbolji deo: uz redovnu upotrebu, svako slede\u0107e \u010di\u0161\u0107enje \u0107e biti ma\u010dji ka\u0161alj! Ba\u0161 kao \u0161to o\u010dekujete od nas, PRO Seal radi potpuno bez toksi\u010dnih hemijskih dodataka!<br \/>\nPRO Seal je idealna povr\u0161inska za\u0161tita za sve povr\u0161ine. Efikasno dubinski oplemenjuje povr\u0161inu prirodnim, ekolo\u0161ki prihvatljivim silicijumom i zna\u010dajno spre\u010dava ponovno prianjanje prljav\u0161tine i ne\u010disto\u0107a.<\/p>\n<\/p><\/div>\n<div class=\"acf-fc-column acf-fc-column-2\">\n<p><a href=\"https:\/\/thermostar-southeasteurope.com\/wp-content\/uploads\/2022\/12\/DSC3453.jpg\"><img loading=\"lazy\" decoding=\"async\" class=\"alignleft wp-image-835 size-content_square_xlarge\" src=\"https:\/\/thermostar-southeasteurope.com\/wp-content\/uploads\/2022\/12\/DSC3453-400x400.jpg\" alt=\"PRO Seal application on garden furniture against dirt and limescale stains\" width=\"400\" height=\"400\" data-fancybox-title=\"\" data-fancybox-alt=\"\" data-fancybox-caption=\"\" \/><\/a><\/p>\n<\/p><\/div>\n<div class=\"acf-fc-column acf-fc-column-1\">\n<p style=\"text-align: right;\"><a href=\"https:\/\/thermostar-southeasteurope.com\/wp-content\/uploads\/2022\/12\/Vorteile.jpg\"><img loading=\"lazy\" decoding=\"async\" class=\"alignright wp-image-837 size-content_square_xlarge\" src=\"https:\/\/thermostar-southeasteurope.com\/wp-content\/uploads\/2022\/12\/Vorteile-400x400.jpg\" alt=\"Wipe&amp;Clean is used in the kitchen and ensures sparkling cleanliness\" width=\"400\" height=\"400\" data-fancybox-title=\"\" data-fancybox-alt=\"\" data-fancybox-caption=\"\" \/><\/a><\/p>\n<\/p><\/div>\n<div class=\"acf-fc-column acf-fc-column-2\">\n<h2 class=\"h3\" style=\"text-align: left;\">Wipe&amp;Clean<\/h2>\n<p class=\"h6\" style=\"text-align: left;\">Krpe od mikrofibera 2 u 1 sa molekulima bakra<\/p>\n<p>Jedinstvena tehnologija suve mikropare u kombinaciji sa inovativnim mikrofiber krpama za \u010di\u0161\u0107enje. Wipe&amp;Clean krpe se u patentiranom postupku oboga\u0107uju sitnim \u010desticama bakra po celoj povr\u0161ini. U dodiru sa parom ili vodom, bakarne \u010destice osloba\u0111aju jone i efikasno elimini\u0161u bakterije i viruse.<br \/>\nOvo dodatno pobolj\u0161ava visoke performanse \u010di\u0161\u0107enja suvom mikroparom: Wipe&amp;Clean ne samo da uklanja prljav\u0161tinu, ve\u0107 i do 99,9% bakterija i virusa! U pore\u0111enju sa konvencionalnim krpama, zna\u010dajno se smanjuje rizik od infekcija, \u0161irenja mikroba i, pre svega, neprijatnih mirisa.<\/p>\n<\/p><\/div>\n<div class=\"acf-fc-column acf-fc-column-1\">\n<h2 class=\"h3\" style=\"text-align: right;\">Molecular Cleaner<\/h2>\n<p class=\"h6\" style=\"text-align: right;\">Prirodna moc\u0301 enzima<!--EndFragment --><\/p>\n<p style=\"text-align: right;\"><!--StartFragment -->Molekularno sredstvo za \u010di\u0161c\u0301enje je efikasno i biorazgradivo enzimsko sredstvo za \u010di\u0161c\u0301enje. Organska prljav\u0161tina se brzo i efikasno uklanja mikro-razdvajanjem. Ovo prakti\u010dno ne ostavlja ostatke u obliku surfaktanata ili sli\u010dnih naslaga. Radni rastvor se mo\u017ee koristiti na svim povr\u0161inama otpornim na vodu i hemijski je potpuno bezopasan. Dakle, tamo gde samo suva para vi\u0161e nije dovoljna, na sigurnoj ste strani sa Molekularnim sredstvom za \u010di\u0161c\u0301enje.<!--EndFragment --><br \/>\n<!--StartFragment -->Enzimi su komponente svakog \u017eivog organizma. Molekularni \u010dista\u010d koristi enzime za razgradnju masti, proteina i skroba, \u0161to ga \u010dini savr\u0161enim za uklanjanje \u0161irokog spektra organskih zaga\u0111enja.<!--EndFragment --><\/p>\n<\/p><\/div>\n<div class=\"acf-fc-column acf-fc-column-2\">\n<p><a href=\"https:\/\/thermostar-southeasteurope.com\/wp-content\/uploads\/2024\/05\/MolecularCleaner-Label.jpg\"><img loading=\"lazy\" decoding=\"async\" class=\"alignleft wp-image-3175 size-content_square_xlarge\" src=\"https:\/\/thermostar-southeasteurope.com\/wp-content\/uploads\/2024\/05\/MolecularCleaner-Label-400x400.jpg\" alt=\"Molecular Cleaner dissolves protein, fat and oil in the kitchen with the power of enzymes\" width=\"400\" height=\"400\" srcset=\"https:\/\/thermostar-southeasteurope.com\/wp-content\/uploads\/2024\/05\/MolecularCleaner-Label-400x400.jpg 400w, https:\/\/thermostar-southeasteurope.com\/wp-content\/uploads\/2024\/05\/MolecularCleaner-Label-150x150.jpg 150w, https:\/\/thermostar-southeasteurope.com\/wp-content\/uploads\/2024\/05\/MolecularCleaner-Label-32x32.jpg 32w, https:\/\/thermostar-southeasteurope.com\/wp-content\/uploads\/2024\/05\/MolecularCleaner-Label-180x180.jpg 180w, https:\/\/thermostar-southeasteurope.com\/wp-content\/uploads\/2024\/05\/MolecularCleaner-Label-192x192.jpg 192w, https:\/\/thermostar-southeasteurope.com\/wp-content\/uploads\/2024\/05\/MolecularCleaner-Label-270x270.jpg 270w, https:\/\/thermostar-southeasteurope.com\/wp-content\/uploads\/2024\/05\/MolecularCleaner-Label-512x512.jpg 512w, https:\/\/thermostar-southeasteurope.com\/wp-content\/uploads\/2024\/05\/MolecularCleaner-Label-100x100.jpg 100w, https:\/\/thermostar-southeasteurope.com\/wp-content\/uploads\/2024\/05\/MolecularCleaner-Label-200x200.jpg 200w, https:\/\/thermostar-southeasteurope.com\/wp-content\/uploads\/2024\/05\/MolecularCleaner-Label-250x250.jpg 250w, https:\/\/thermostar-southeasteurope.com\/wp-content\/uploads\/2024\/05\/MolecularCleaner-Label-300x300.jpg 300w, https:\/\/thermostar-southeasteurope.com\/wp-content\/uploads\/2024\/05\/MolecularCleaner-Label-350x350.jpg 350w, https:\/\/thermostar-southeasteurope.com\/wp-content\/uploads\/2024\/05\/MolecularCleaner-Label-900x900.jpg 900w, https:\/\/thermostar-southeasteurope.com\/wp-content\/uploads\/2024\/05\/MolecularCleaner-Label-699x699.jpg 699w, https:\/\/thermostar-southeasteurope.com\/wp-content\/uploads\/2024\/05\/MolecularCleaner-Label-640x640.jpg 640w, https:\/\/thermostar-southeasteurope.com\/wp-content\/uploads\/2024\/05\/MolecularCleaner-Label-480x480.jpg 480w, https:\/\/thermostar-southeasteurope.com\/wp-content\/uploads\/2024\/05\/MolecularCleaner-Label-960x960.jpg 960w, https:\/\/thermostar-southeasteurope.com\/wp-content\/uploads\/2024\/05\/MolecularCleaner-Label-380x380.jpg 380w, https:\/\/thermostar-southeasteurope.com\/wp-content\/uploads\/2024\/05\/MolecularCleaner-Label-780x780.jpg 780w, https:\/\/thermostar-southeasteurope.com\/wp-content\/uploads\/2024\/05\/MolecularCleaner-Label-320x320.jpg 320w, https:\/\/thermostar-southeasteurope.com\/wp-content\/uploads\/2024\/05\/MolecularCleaner-Label-280x280.jpg 280w, https:\/\/thermostar-southeasteurope.com\/wp-content\/uploads\/2024\/05\/MolecularCleaner-Label-560x560.jpg 560w, https:\/\/thermostar-southeasteurope.com\/wp-content\/uploads\/2024\/05\/MolecularCleaner-Label-240x240.jpg 240w, https:\/\/thermostar-southeasteurope.com\/wp-content\/uploads\/2024\/05\/MolecularCleaner-Label-940x940.jpg 940w, https:\/\/thermostar-southeasteurope.com\/wp-content\/uploads\/2024\/05\/MolecularCleaner-Label-360x360.jpg 360w, https:\/\/thermostar-southeasteurope.com\/wp-content\/uploads\/2024\/05\/MolecularCleaner-Label-700x700.jpg 700w, https:\/\/thermostar-southeasteurope.com\/wp-content\/uploads\/2024\/05\/MolecularCleaner-Label-600x600.jpg 600w, https:\/\/thermostar-southeasteurope.com\/wp-content\/uploads\/2024\/05\/MolecularCleaner-Label-460x460.jpg 460w, https:\/\/thermostar-southeasteurope.com\/wp-content\/uploads\/2024\/05\/MolecularCleaner-Label-466x466.jpg 466w, https:\/\/thermostar-southeasteurope.com\/wp-content\/uploads\/2024\/05\/MolecularCleaner-Label-932x932.jpg 932w, https:\/\/thermostar-southeasteurope.com\/wp-content\/uploads\/2024\/05\/MolecularCleaner-Label-500x500.jpg 500w, https:\/\/thermostar-southeasteurope.com\/wp-content\/uploads\/2024\/05\/MolecularCleaner-Label-412x412.jpg 412w\" sizes=\"auto, (max-width: 400px) 100vw, 400px\" data-fancybox-title=\"MolecularCleaner Label\" data-fancybox-alt=\"Molecular Cleaner dissolves protein, fat and oil in the kitchen with the power of enzymes\" data-fancybox-caption=\"\" \/><\/a><\/p>\n<\/p><\/div>\n<div class=\"acf-fc-column acf-fc-column-1\">\n<h3 class=\"h2\" style=\"text-align: center;\">Bez klica, ali na pravi na\u010din &#8211;<\/h3>\n<h3 class=\"h2\" style=\"text-align: center;\">sa HB Solution!<\/h3>\n<h3 class=\"h2\" style=\"text-align: center;\"><!--EndFragment --><\/h3>\n<\/p><\/div>\n<div class=\"acf-fc-column acf-fc-column-1\">\n<p style=\"text-align: center;\"><!--StartFragment -->Posebno u kuc\u0301i nije neophodno &#8211; ili je \u010dak kontraproduktivno &#8211; koristiti hemijska sredstva za borbu protiv svih vrsta bakterija, virusa ili drugih klica. Pre\u010desto, prekomerno \u010di\u0161c\u0301enje toksi\u010dnim sredstvima za \u010di\u0161c\u0301enje dovodi do ozbiljnih zdravstvenih problema, na primer u respiratornom traktu ili na ko\u017ei. Pored toga, razvijaju se razne alergije, posebno kod dece, i na kraju, ali ne i najmanje va\u017eno, nepa\u017eljiva upotreba hemikalija mo\u017ee \u010dak dovesti do razvoja multirezistentnih klica koje mogu prouzrokovati trajnu \u0161tetu po va\u0161e zdravlje.<!--EndFragment --><!--EndFragment --><\/p>\n<p style=\"text-align: center;\"><!--StartFragment -->Pa \u0161ta mo\u017eemo da uradimo da bismo na\u0161 dom odr\u017eali higijenski \u010distim? Za osetljive oblasti kao \u0161to su du\u0161eci, kuhinja ili toaleti, ili kada godi\u0161nja sezona gripa pogodi va\u0161 dom, preporu\u010dujemo na\u0161u sistemsku dezinfekciju: prvo o\u010distite duboko u porama mikro suvom parom. \u0160to se prljav\u0161tina temeljnije ukloni sa povr\u0161ine, to c\u0301e dezinfekcija biti efikasnija. Zahvaljujuc\u0301i jedinstvenim svojstvima HB rastvora i posebnom sistemu vruc\u0301e atomizacije u HS Blasteru, sme\u0161a se precizno dozira tako da se odr\u017eava potpuni efekat dezinfekcije, ali se para optimalno atomizuje i prska. Na\u010din na koji HB rastvor deluje, naime imitirajuc\u0301i antimikrobne procese u ljudskim c\u0301elijama, osigurava da je ovo dezinfekciono sredstvo potpuno bezbedno za ljude i \u017eivotinje, dok pouzdano elimini\u0161e bakterije i viruse i spre\u010dava ih da razviju otpornost.<!--EndFragment --><\/p>\n<\/p><\/div>\n<div class=\"acf-fc-column acf-fc-column-1\">\n<div class=\"video-container\"><iframe loading=\"lazy\" title=\"HB Solution - safe and natural disinfection with Thermostar\" width=\"1398\" height=\"786\" src=\"https:\/\/www.youtube.com\/embed\/lwNXaqNGLo0?feature=oembed&amp;rel=0&amp;showinfo=0\" frameborder=\"0\" allow=\"accelerometer; autoplay; clipboard-write; encrypted-media; gyroscope; picture-in-picture; web-share\" referrerpolicy=\"strict-origin-when-cross-origin\" allowfullscreen><\/iframe><\/div>\n<\/p><\/div>\n<div class=\"acf-fc-row acf-fc-downloadbox acf-fc-row-extra-narrow-width acf-fc-row-style-nobg normal-gap-before downloadbox-columns-2\">\n<div class=\"acf-fc-columns acf-fc-columns-1\">\n<div class=\"acf-fc-column acf-fc-column-1\">\n<h3 class=\"title\">Downloads<\/h3>\n<ul class=\"columns-2\">\n<li>\n\t<a class=\"nopopupicon nolightbox\" rel=\"nofollow\" href=\"https:\/\/thermostar-southeasteurope.com\/wp-content\/uploads\/2023\/07\/PS_HB_Solution_EN.pdf\" target=\"_blank\" title=\"Download product sheet HB Solution\"><\/p>\n<div class=\"container\">\n\t\t\t<i class=\"icon custom-icon custom-icon-file-pdf\"><\/i><\/p>\n<div class=\"details\">\n<div class=\"title\">product sheet HB Solution<\/div>\n<div class=\"description\"><\/div>\n<div class=\"size\">PDF, 3 MB<\/div>\n<\/p><\/div>\n<\/p><\/div>\n<p>\t<\/a>\n<\/li>\n<li>\n\t<a class=\"nopopupicon nolightbox\" rel=\"nofollow\" href=\"https:\/\/thermostar-southeasteurope.com\/wp-content\/uploads\/2023\/11\/PS_ProSeal_EN.pdf\" target=\"_blank\" title=\"Download product sheet PROSeal\"><\/p>\n<div class=\"container\">\n\t\t\t<i class=\"icon custom-icon custom-icon-file-pdf\"><\/i><\/p>\n<div class=\"details\">\n<div class=\"title\">product sheet PROSeal<\/div>\n<div class=\"description\"><\/div>\n<div class=\"size\">PDF, 2 MB<\/div>\n<\/p><\/div>\n<\/p><\/div>\n<p>\t<\/a>\n<\/li>\n<li>\n\t<a class=\"nopopupicon nolightbox\" rel=\"nofollow\" href=\"https:\/\/thermostar-southeasteurope.com\/wp-content\/uploads\/2023\/07\/PS_Wipe_Clean_EN.pdf\" target=\"_blank\" title=\"Download product sheet Wipe&#038;Clean\"><\/p>\n<div class=\"container\">\n\t\t\t<i class=\"icon custom-icon custom-icon-file-pdf\"><\/i><\/p>\n<div class=\"details\">\n<div class=\"title\">product sheet Wipe&amp;Clean<\/div>\n<div class=\"description\"><\/div>\n<div class=\"size\">PDF, 3 MB<\/div>\n<\/p><\/div>\n<\/p><\/div>\n<p>\t<\/a>\n<\/li>\n<li>\n\t<a class=\"nopopupicon nolightbox\" rel=\"nofollow\" href=\"https:\/\/thermostar-southeasteurope.com\/wp-content\/uploads\/2024\/05\/PS_MolecularCleaner_EN.pdf\" target=\"_blank\" title=\"Download product sheet Molecular Cleaner\"><\/p>\n<div class=\"container\">\n\t\t\t<i class=\"icon custom-icon custom-icon-file-pdf\"><\/i><\/p>\n<div class=\"details\">\n<div class=\"title\">product sheet Molecular Cleaner<\/div>\n<div class=\"description\"><\/div>\n<div class=\"size\">PDF, 2 MB<\/div>\n<\/p><\/div>\n<\/p><\/div>\n<p>\t<\/a>\n<\/li>\n<\/ul><\/div>\n<\/p><\/div>\n<\/div>\n","protected":false},"excerpt":{"rendered":"<p>Inovacije na\u0161ih proizvoda Stalno te\u017eimo usavr\u0161avanju. Zbog toga smo neprestano u potrazi za savr\u0161enim dodacima koji \u0107e upotpuniti zeleno \u010di\u0161\u0107enje sa Thermostar sistemom suve pare. Zato te\u017eimo najvi\u0161im standardima u pogledu kvaliteta, izrade i odr\u017eivosti proizvoda. Samo apsolutno prvoklasni pronalasci, bez ikakvih hemijskih dodataka, mogu prona\u0107i mesto u na\u0161em asortimanu. Ovde mo\u017eete saznati koje inovacije [&hellip;]<\/p>\n","protected":false},"author":6,"featured_media":0,"parent":0,"menu_order":0,"comment_status":"closed","ping_status":"closed","template":"","meta":{"_acf_changed":false,"footnotes":""},"class_list":["post-4605","page","type-page","status-publish","hentry"],"acf":[],"_links":{"self":[{"href":"https:\/\/thermostar-southeasteurope.com\/sr\/wp-json\/wp\/v2\/pages\/4605","targetHints":{"allow":["GET"]}}],"collection":[{"href":"https:\/\/thermostar-southeasteurope.com\/sr\/wp-json\/wp\/v2\/pages"}],"about":[{"href":"https:\/\/thermostar-southeasteurope.com\/sr\/wp-json\/wp\/v2\/types\/page"}],"author":[{"embeddable":true,"href":"https:\/\/thermostar-southeasteurope.com\/sr\/wp-json\/wp\/v2\/users\/6"}],"replies":[{"embeddable":true,"href":"https:\/\/thermostar-southeasteurope.com\/sr\/wp-json\/wp\/v2\/comments?post=4605"}],"version-history":[{"count":3,"href":"https:\/\/thermostar-southeasteurope.com\/sr\/wp-json\/wp\/v2\/pages\/4605\/revisions"}],"predecessor-version":[{"id":5729,"href":"https:\/\/thermostar-southeasteurope.com\/sr\/wp-json\/wp\/v2\/pages\/4605\/revisions\/5729"}],"wp:attachment":[{"href":"https:\/\/thermostar-southeasteurope.com\/sr\/wp-json\/wp\/v2\/media?parent=4605"}],"curies":[{"name":"wp","href":"https:\/\/api.w.org\/{rel}","templated":true}]}}