{"id":4599,"date":"2022-12-02T11:30:54","date_gmt":"2022-12-02T10:30:54","guid":{"rendered":"https:\/\/thermostar-southeasteurope.com\/accessories\/"},"modified":"2025-11-03T10:51:38","modified_gmt":"2025-11-03T09:51:38","slug":"dodatna-oprema","status":"publish","type":"page","link":"https:\/\/thermostar-southeasteurope.com\/sr\/dodatna-oprema\/","title":{"rendered":"Dodatna oprema"},"content":{"rendered":"<div class=\"acf-fc-column acf-fc-column-1\">\n<h1 style=\"text-align: center;\">Dodatna oprema Thermostar-a<\/h1>\n<\/p><\/div>\n<div class=\"acf-fc-column acf-fc-column-1\">\n<p><a href=\"https:\/\/thermostar-southeasteurope.com\/wp-content\/uploads\/2022\/12\/Gesamt.jpg\"><img loading=\"lazy\" decoding=\"async\" class=\"aligncenter wp-image-801 size-content_square_full\" src=\"https:\/\/thermostar-southeasteurope.com\/wp-content\/uploads\/2022\/12\/Gesamt-1398x1280.jpg\" alt=\"Thermostar dry steam system with an extensive range of accessories for every cleaning situation\" width=\"1398\" height=\"1280\" data-fancybox-title=\"\" data-fancybox-alt=\"\" data-fancybox-caption=\"\" \/><\/a><\/p>\n<\/p><\/div>\n<div class=\"acf-fc-column acf-fc-column-2\">\n<h2 class=\"h2\">Thermostar se isti\u010de po bogatom asortimanu dodatne opreme<\/h2>\n<p>&nbsp;<\/p>\n<p>Glavna prednost Thermostar paro\u010dista\u010da je \u0161irok asortiman dodatne opreme. \u010cak i uz standardnu opremu dobijate sav alat koji vam je potreban za higijensko i dubinsko \u010di\u0161\u0107enje stana, terase i ba\u0161te. Bilo da se radi o mlaznicama za paru, velikim i malim \u010detkama, parnoj glavi ili maloj lopatici za staklo &#8211; mo\u017eete po\u010deti odmah, potpuno opremljeni. Najbolje od svega: radi isklju\u010divo sa vodom iz \u010desme i potpuno bez hemikalija!<\/p>\n<p>Za veoma posebna podru\u010dja iz \u0161irokog asortimana mo\u017eete odabrati specijalnu dodatnu opremu. Nema podru\u010dja za koje nemamo pravi alat!<\/p>\n<p>Iskoristite dugogodi\u0161nje iskustvo na\u0161ih konsultanata za Thermostar i dozvolite im da vas posavetuju koja oprema je odgovaraju\u0107a za va\u0161e potrebe!<\/p>\n<p>&nbsp;<\/p>\n<p style=\"text-align: left;\"><a class=\"button\" href=\"\/sr\/prodavci\/\">Thermostar distributeri<\/a><\/p>\n<p style=\"text-align: left;\">\n\t<\/div>\n<div class=\"acf-fc-column acf-fc-column-1\">\n<h3>Aplikacija Thermostar &#8211; veran pratilac&#8230;<\/h3>\n<p>Uz na\u0161u aplikaciju Thermostar imate vernog saputnika pored sebe u svakom trenutku. Niste sigurni kako najbolje o\u010distiti prozore pomo\u0107u Thermostar-a ili kako pravilno koristiti poseban dodatak? Nema problema: jednostavno otvorite odgovaraju\u0107u namenu u aplikaciji i inspiri\u0161ite se na\u0161im video-zapisima o primeni!<br \/>\nNaravno, u aplikaciji \u0107ete prona\u0107i tako\u0111e savete za teku\u0107i rad. Dopunjavanje vode ili redovno uklanjanje kamenca obja\u0161njeni su putem video-snimaka, isto kao i aktiviranje funkcije u\u0161tede energije.<\/p>\n<\/div>\n<div class=\"acf-fc-column acf-fc-column-1\">\n<p style=\"text-align: center;\">Preuzmite na\u0161u Progressive internet aplikaciju sada na ovoj stranici:<br \/>\nKliknite na ovaj link na ure\u0111aju i instalacija \u0107e po\u010deti lako i bezbedno!<\/p>\n<p>&nbsp;<\/p>\n<p style=\"text-align: center;\"><a class=\"button\" href=\"https:\/\/thermostar.info\/app\/#\/uses\">Download APP<\/a><\/p>\n<p>&nbsp;<\/p>\n<p>&nbsp;<\/p>\n<\/p><\/div>\n<div class=\"acf-fc-column acf-fc-column-1\">\n<h2 style=\"text-align: center;\">Detaljno o priboru<\/h2>\n<h3 style=\"text-align: center;\">Odgovaraju\u0107i alat za svaku potrebu<\/h3>\n<\/p><\/div>\n<div>\n<div>\n\t\t\t<img width=\"150\" height=\"150\" src=\"https:\/\/thermostar-southeasteurope.com\/wp-content\/uploads\/2022\/12\/DSC8650-150x150.jpg?ver=20250822080950\" class=\"alignleft\" alt=\"A woman enjoys her free time with a book and the Thermostar evaporator\" decoding=\"async\" loading=\"lazy\" srcset=\"https:\/\/thermostar-southeasteurope.com\/wp-content\/uploads\/2022\/12\/DSC8650-150x150.jpg?ver=20250822080950 150w, https:\/\/thermostar-southeasteurope.com\/wp-content\/uploads\/2022\/12\/DSC8650-32x32.jpg?ver=20250822080950 32w, https:\/\/thermostar-southeasteurope.com\/wp-content\/uploads\/2022\/12\/DSC8650-180x180.jpg?ver=20250822080950 180w, https:\/\/thermostar-southeasteurope.com\/wp-content\/uploads\/2022\/12\/DSC8650-192x192.jpg?ver=20250822080950 192w, https:\/\/thermostar-southeasteurope.com\/wp-content\/uploads\/2022\/12\/DSC8650-270x270.jpg?ver=20250822080950 270w, https:\/\/thermostar-southeasteurope.com\/wp-content\/uploads\/2022\/12\/DSC8650-512x512.jpg?ver=20250822080950 512w, https:\/\/thermostar-southeasteurope.com\/wp-content\/uploads\/2022\/12\/DSC8650-100x100.jpg?ver=20250822080950 100w, https:\/\/thermostar-southeasteurope.com\/wp-content\/uploads\/2022\/12\/DSC8650-200x200.jpg?ver=20250822080950 200w, https:\/\/thermostar-southeasteurope.com\/wp-content\/uploads\/2022\/12\/DSC8650-250x250.jpg?ver=20250822080950 250w, https:\/\/thermostar-southeasteurope.com\/wp-content\/uploads\/2022\/12\/DSC8650-300x300.jpg?ver=20250822080950 300w, https:\/\/thermostar-southeasteurope.com\/wp-content\/uploads\/2022\/12\/DSC8650-350x350.jpg?ver=20250822080950 350w, https:\/\/thermostar-southeasteurope.com\/wp-content\/uploads\/2022\/12\/DSC8650-400x400.jpg?ver=20250822080950 400w, https:\/\/thermostar-southeasteurope.com\/wp-content\/uploads\/2022\/12\/DSC8650-1200x1200.jpg?ver=20250822080950 1200w, https:\/\/thermostar-southeasteurope.com\/wp-content\/uploads\/2022\/12\/DSC8650-900x900.jpg?ver=20250822080950 900w, https:\/\/thermostar-southeasteurope.com\/wp-content\/uploads\/2022\/12\/DSC8650-699x699.jpg?ver=20250822080950 699w, https:\/\/thermostar-southeasteurope.com\/wp-content\/uploads\/2022\/12\/DSC8650-640x640.jpg?ver=20250822080950 640w, https:\/\/thermostar-southeasteurope.com\/wp-content\/uploads\/2022\/12\/DSC8650-1280x1280.jpg?ver=20250822080950 1280w, https:\/\/thermostar-southeasteurope.com\/wp-content\/uploads\/2022\/12\/DSC8650-480x480.jpg?ver=20250822080950 480w, https:\/\/thermostar-southeasteurope.com\/wp-content\/uploads\/2022\/12\/DSC8650-960x960.jpg?ver=20250822080950 960w, https:\/\/thermostar-southeasteurope.com\/wp-content\/uploads\/2022\/12\/DSC8650-380x380.jpg?ver=20250822080950 380w, https:\/\/thermostar-southeasteurope.com\/wp-content\/uploads\/2022\/12\/DSC8650-780x780.jpg?ver=20250822080950 780w, https:\/\/thermostar-southeasteurope.com\/wp-content\/uploads\/2022\/12\/DSC8650-320x320.jpg?ver=20250822080950 320w, https:\/\/thermostar-southeasteurope.com\/wp-content\/uploads\/2022\/12\/DSC8650-280x280.jpg?ver=20250822080950 280w, https:\/\/thermostar-southeasteurope.com\/wp-content\/uploads\/2022\/12\/DSC8650-560x560.jpg?ver=20250822080950 560w, https:\/\/thermostar-southeasteurope.com\/wp-content\/uploads\/2022\/12\/DSC8650-240x240.jpg?ver=20250822080950 240w, https:\/\/thermostar-southeasteurope.com\/wp-content\/uploads\/2022\/12\/DSC8650-940x940.jpg?ver=20250822080950 940w, https:\/\/thermostar-southeasteurope.com\/wp-content\/uploads\/2022\/12\/DSC8650-360x360.jpg?ver=20250822080950 360w, https:\/\/thermostar-southeasteurope.com\/wp-content\/uploads\/2022\/12\/DSC8650-700x700.jpg?ver=20250822080950 700w, https:\/\/thermostar-southeasteurope.com\/wp-content\/uploads\/2022\/12\/DSC8650-600x600.jpg?ver=20250822080950 600w, https:\/\/thermostar-southeasteurope.com\/wp-content\/uploads\/2022\/12\/DSC8650-460x460.jpg?ver=20250822080950 460w, https:\/\/thermostar-southeasteurope.com\/wp-content\/uploads\/2022\/12\/DSC8650-466x466.jpg?ver=20250822080950 466w, https:\/\/thermostar-southeasteurope.com\/wp-content\/uploads\/2022\/12\/DSC8650-932x932.jpg?ver=20250822080950 932w, https:\/\/thermostar-southeasteurope.com\/wp-content\/uploads\/2022\/12\/DSC8650-500x500.jpg?ver=20250822080950 500w, https:\/\/thermostar-southeasteurope.com\/wp-content\/uploads\/2022\/12\/DSC8650-412x412.jpg?ver=20250822080950 412w\" sizes=\"auto, (max-width: 150px) 100vw, 150px\" data-fancybox-title=\"Verdampfer Luft reinigen\" data-fancybox-alt=\"A woman enjoys her free time with a book and the Thermostar evaporator\" data-fancybox-caption=\"Thermostar Handels-GmbH \/Helge Bauer\" data-fancybox-srcset=\"https:\/\/thermostar-southeasteurope.com\/wp-content\/uploads\/2022\/12\/DSC8650-300x200.jpg 300w, https:\/\/thermostar-southeasteurope.com\/wp-content\/uploads\/2022\/12\/DSC8650-768x512.jpg 768w, https:\/\/thermostar-southeasteurope.com\/wp-content\/uploads\/2022\/12\/DSC8650-1024x683.jpg 1024w, https:\/\/thermostar-southeasteurope.com\/wp-content\/uploads\/2022\/12\/DSC8650-1536x1024.jpg 1536w, https:\/\/thermostar-southeasteurope.com\/wp-content\/uploads\/2022\/12\/DSC8650-150x100.jpg 150w, https:\/\/thermostar-southeasteurope.com\/wp-content\/uploads\/2022\/12\/DSC8650-200x133.jpg 200w, https:\/\/thermostar-southeasteurope.com\/wp-content\/uploads\/2022\/12\/DSC8650-250x167.jpg 250w, https:\/\/thermostar-southeasteurope.com\/wp-content\/uploads\/2022\/12\/DSC8650-350x233.jpg 350w, https:\/\/thermostar-southeasteurope.com\/wp-content\/uploads\/2022\/12\/DSC8650-400x267.jpg 400w, https:\/\/thermostar-southeasteurope.com\/wp-content\/uploads\/2022\/12\/DSC8650-1200x800.jpg 1200w, https:\/\/thermostar-southeasteurope.com\/wp-content\/uploads\/2022\/12\/DSC8650-900x600.jpg 900w, https:\/\/thermostar-southeasteurope.com\/wp-content\/uploads\/2022\/12\/DSC8650-699x466.jpg 699w, https:\/\/thermostar-southeasteurope.com\/wp-content\/uploads\/2022\/12\/DSC8650-1398x932.jpg 1398w, https:\/\/thermostar-southeasteurope.com\/wp-content\/uploads\/2022\/12\/DSC8650-113x75.jpg 113w, https:\/\/thermostar-southeasteurope.com\/wp-content\/uploads\/2022\/12\/DSC8650-195x130.jpg 195w, https:\/\/thermostar-southeasteurope.com\/wp-content\/uploads\/2022\/12\/DSC8650-450x300.jpg 450w, https:\/\/thermostar-southeasteurope.com\/wp-content\/uploads\/2022\/12\/DSC8650-600x400.jpg 600w, https:\/\/thermostar-southeasteurope.com\/wp-content\/uploads\/2022\/12\/DSC8650-225x150.jpg 225w, https:\/\/thermostar-southeasteurope.com\/wp-content\/uploads\/2022\/12\/DSC8650-75x50.jpg 75w, https:\/\/thermostar-southeasteurope.com\/wp-content\/uploads\/2022\/12\/DSC8650-471x314.jpg 471w, https:\/\/thermostar-southeasteurope.com\/wp-content\/uploads\/2022\/12\/DSC8650-405x270.jpg 405w, https:\/\/thermostar-southeasteurope.com\/wp-content\/uploads\/2022\/12\/DSC8650-305x203.jpg 305w, https:\/\/thermostar-southeasteurope.com\/wp-content\/uploads\/2022\/12\/DSC8650-645x430.jpg 645w, https:\/\/thermostar-southeasteurope.com\/wp-content\/uploads\/2022\/12\/DSC8650-960x640.jpg 960w, https:\/\/thermostar-southeasteurope.com\/wp-content\/uploads\/2022\/12\/DSC8650-932x621.jpg 932w, https:\/\/thermostar-southeasteurope.com\/wp-content\/uploads\/2022\/12\/DSC8650-1280x853.jpg 1280w, https:\/\/thermostar-southeasteurope.com\/wp-content\/uploads\/2022\/12\/DSC8650-466x311.jpg 466w, https:\/\/thermostar-southeasteurope.com\/wp-content\/uploads\/2022\/12\/DSC8650-640x427.jpg 640w, https:\/\/thermostar-southeasteurope.com\/wp-content\/uploads\/2022\/12\/DSC8650-500x333.jpg 500w, https:\/\/thermostar-southeasteurope.com\/wp-content\/uploads\/2022\/12\/DSC8650-120x80.jpg 120w, https:\/\/thermostar-southeasteurope.com\/wp-content\/uploads\/2022\/12\/DSC8650-412x275.jpg 412w, https:\/\/thermostar-southeasteurope.com\/wp-content\/uploads\/2022\/12\/DSC8650.jpg 1920w\" \/>\t\t\t<\/p>\n<h3>Neuporediva unutra\u0161nja klima sa Thermostar ispariva\u010dem<\/h3>\n<\/p><\/div>\n<\/p><\/div>\n<div class=\"acf-fc-column acf-fc-column-1\">\n<p style=\"text-align: center;\">Zna\u010daj o\u010di\u0161\u0107enog, osve\u017eenog i vla\u017enog vazduha za na\u0161e blagostanje ne mo\u017ee se dovoljno naglasiti. U vreme kada sve vi\u0161e ljudi pati od alergija i bolesti disajnih puteva, raste i svest o higijeni u skladu s prirodom.<br \/>\nDa li ste znali da se pomo\u0107u ispariva\u010da Thermostar vazduh u va\u0161a \u010detiri zida tako\u0111e mo\u017ee savr\u0161eno o\u010distiti i osve\u017eiti? Zbog visokih temperatura unutar ure\u0111aja svi mikrobi se uni\u0161tavaju pod dejstvom pare. Rezultat je najfinija i naj\u010distija vodena para koja savr\u0161eno vla\u017ei va\u0161e prostorije za tren oka.<\/p>\n<p>&nbsp;<\/p>\n<\/p><\/div>\n<div class=\"acf-fc-column acf-fc-column-1\">\n<h3 style=\"text-align: center;\">Peglajte kao profesionalci &#8211; sa Thermostar stanicom za peglanje na paru<\/h3>\n<\/p><\/div>\n<div class=\"acf-fc-column acf-fc-column-1\">\n<p>Kao \u0161to ve\u0107 znate, Thermostar paro\u010dista\u010d na suvu paru donosi efikasnost i profesionalnost u va\u0161e doma\u0107instvo! U kombinaciji sa peglom na paru, sada mo\u017eete i da perete ve\u0161 sa lako\u0107om i rado\u0161\u0107u. Jer samo sa pravim alatom mo\u017eete posti\u0107i izvanredne rezultate.<\/p>\n<p style=\"text-align: center;\">Jednostavno pove\u017eite profesionalnu peglu na paru sa Thermostar-om i u\u017eivajte u trajnoj pari i ergonomskoj ru\u010dki od plute. Prilikom rada sa osetljivim tkaninama koristite prilo\u017eenu teflonsku plo\u010du! Zajedno sa stanicom za peglanje na paru Thermostar, sa grejnom povr\u0161inom, funkcijom usisavanja i naduvavanja, peglanje postaje pravo zadovoljstvo.<\/p>\n<\/p><\/div>\n<div class=\"acf-fc-column acf-fc-column-1\">\n<div class=\"video-container\"><iframe loading=\"lazy\" title=\"Thermostar steam ironing station\" width=\"1398\" height=\"786\" src=\"https:\/\/www.youtube.com\/embed\/XfRPrJCfMiQ?feature=oembed&amp;rel=0&amp;showinfo=0\" frameborder=\"0\" allow=\"accelerometer; autoplay; clipboard-write; encrypted-media; gyroscope; picture-in-picture; web-share\" allowfullscreen><\/iframe><\/div>\n<\/p><\/div>\n","protected":false},"excerpt":{"rendered":"<p>Dodatna oprema Thermostar-a Thermostar se isti\u010de po bogatom asortimanu dodatne opreme &nbsp; Glavna prednost Thermostar paro\u010dista\u010da je \u0161irok asortiman dodatne opreme. \u010cak i uz standardnu opremu dobijate sav alat koji vam je potreban za higijensko i dubinsko \u010di\u0161\u0107enje stana, terase i ba\u0161te. Bilo da se radi o mlaznicama za paru, velikim i malim \u010detkama, parnoj [&hellip;]<\/p>\n","protected":false},"author":6,"featured_media":0,"parent":0,"menu_order":0,"comment_status":"closed","ping_status":"closed","template":"","meta":{"_acf_changed":false,"footnotes":""},"class_list":["post-4599","page","type-page","status-publish","hentry"],"acf":[],"_links":{"self":[{"href":"https:\/\/thermostar-southeasteurope.com\/sr\/wp-json\/wp\/v2\/pages\/4599","targetHints":{"allow":["GET"]}}],"collection":[{"href":"https:\/\/thermostar-southeasteurope.com\/sr\/wp-json\/wp\/v2\/pages"}],"about":[{"href":"https:\/\/thermostar-southeasteurope.com\/sr\/wp-json\/wp\/v2\/types\/page"}],"author":[{"embeddable":true,"href":"https:\/\/thermostar-southeasteurope.com\/sr\/wp-json\/wp\/v2\/users\/6"}],"replies":[{"embeddable":true,"href":"https:\/\/thermostar-southeasteurope.com\/sr\/wp-json\/wp\/v2\/comments?post=4599"}],"version-history":[{"count":4,"href":"https:\/\/thermostar-southeasteurope.com\/sr\/wp-json\/wp\/v2\/pages\/4599\/revisions"}],"predecessor-version":[{"id":5727,"href":"https:\/\/thermostar-southeasteurope.com\/sr\/wp-json\/wp\/v2\/pages\/4599\/revisions\/5727"}],"wp:attachment":[{"href":"https:\/\/thermostar-southeasteurope.com\/sr\/wp-json\/wp\/v2\/media?parent=4599"}],"curies":[{"name":"wp","href":"https:\/\/api.w.org\/{rel}","templated":true}]}}