{"id":5601,"date":"2019-11-25T18:16:37","date_gmt":"2019-11-25T17:16:37","guid":{"rendered":"https:\/\/thermostar-southeasteurope.com\/privacy-policy\/"},"modified":"2025-11-03T15:21:29","modified_gmt":"2025-11-03T14:21:29","slug":"izjava-o-varstvu-podatkov","status":"publish","type":"page","link":"https:\/\/thermostar-southeasteurope.com\/sl\/izjava-o-varstvu-podatkov\/","title":{"rendered":"Izjava o varstvu podatkov"},"content":{"rendered":"<div class=\"acf-fc-column acf-fc-column-1\">\n<p><!-- https:\/\/dse-generator.pixelpoint.at\/?dseversion=7&main_title=&introduction=&contact-full=%3Cp%3EThermostar+Handels-GmbH%3Cbr%3EAuen-Sueduferstrasse+67%3Cbr%3E9220+Velden%3Cbr%3EAustria%3C%2Fp%3E&dpofficer=none&topic-10=1&topic-25=1&topic-30=1&topic-50=1&topic-50-90=1&topic-50-580=1&topic-50-160=1&topic-60=1&topic-70=1&topic-80=1&topic-90=1&topic-100=1&topic-110=1&topic-110-10=1&topic-110-20=1&topic-110-30=1&language=sl&dsb-contact=&heading_level_start=1&heading_numbering=&heading_anchor=tag&submit=DSE+jetzt+generieren%21 --><\/p>\n<h1><a name=\"pp-data-policy-topic-00\"><\/a>Izjava o varstvu podatkov<\/h1>\n<p>To obvestilo opisuje, kako se obdelujejo va\u0161i osebni podatki v zvezi s to spletno stranjo.<\/p>\n<p><a href=\"#pp-data-policy-topic-25\">Nastavitve pi\u0161kotkov\/varstva podatkov (preklic soglasja)<\/a><\/p>\n<h2><a name=\"pp-data-policy-topic-00-contact\"><\/a>1. Odgovoren za obdelavo osebnih podatkov<\/h2>\n<p>Thermostar Handels-GmbH<br \/>Auen-Sueduferstrasse 67<br \/>9220 Velden<br \/>Austria<\/p>\n<p>(V nadaljevanju izjave o varstvu podatkov ozna\u010den z &#8222;mi&#8220; ali &#8222;nas&#8220;.)<\/p>\n<h2><a name=\"pp-data-policy-topic-10\"><\/a>2. Kak\u0161ne podatke o vas obdelujemo<\/h2>\n<p>\n\tMed va\u0161im obiskom te spletne strani bomo zbrali naslednje informacije: datum in \u010das obiska strani na na\u0161i spletni strani, va\u0161 IP-naslov, ime in razli\u010dico va\u0161ega spletnega brskalnika, spletno stran (URL), ki ste jo obiskali pred obiskom te spletne strani, dolo\u010dene pi\u0161kotke (glejte naslednje to\u010dke) in tiste osebne podatke, ki ste jih sami posredovali z izpolnitvijo kontaktnega obrazca (npr. navedba imena in e-po\u0161tnega naslova) ali vsebino va\u0161ega sporo\u010dila.\n<\/p>\n<h2><a name=\"pp-data-policy-topic-25\"><\/a>3. Pi\u0161kotki in zunanje storitve<\/h2>\n<p>\n\tNa\u0161a spletna stran uporablja pi\u0161kotke. Pi\u0161kotki so podatkovne datoteke, ki jih ob obisku spletne strani spletna stran ali stre\u017enik shranita v va\u0161 brskalnik in se ob vsakem dostopu do spletne strani po\u0161ljejo stre\u017eniku. Pi\u0161kotki omogo\u010dajo shranjevanje podatkov (npr. nastavitve jezika, vsebina nakupovalne ko\u0161arice, status prijave ali registracije itd.) med obiski strani ali ponovnimi obiski v brskalniku. To pomeni, da si brskalnik zapomni nastavitve z zadnjega obiska ali dostopa do spletne strani. Pi\u0161kotki se lahko uporabljajo tudi za enoli\u010dno identifikacijo va\u0161ega brskalnika. To se lahko med drugim uporabi za preverjanje va\u0161e avtorizacije (status prijave ali registracije).<br \/>\n\tOb prvem dostopu do na\u0161e spletne strani niso aktivirane storitve ali pi\u0161kotki, ki niso nujno potrebni za delovanje spletne strani (nujno).\n<\/p>\n<h3><a name=\"pp-data-policy-categories\"><\/a>3.1 Kategorije zasebnosti<\/h3>\n<h4><a name=\"pp-data-policy-category-essential\"><\/a>3.1.1 Nujno<\/h4>\n<p>\n\tZa delovanje spletne strani in njenih funkcij uporabljamo potrebne, tako imenovane nujne pi\u0161kotke in zunanje storitve. Ti pi\u0161kotki in storitve ne morejo biti zavrnjeni. To lahko vklju\u010duje naslednje funkcije: nakupovalna ko\u0161arica spletne trgovine, pi\u0161kotek za preverjanje statusa prijave in drugi podobni pi\u0161kotki ter zunanje storitve. Ti pi\u0161kotki niso namenjeni sledenju obiskovalcev. Ve\u010dina teh pi\u0161kotkov se po zapiranju brskalnika samodejno izbri\u0161e (sejni pi\u0161kotki). Obdelava va\u0161ih osebnih podatkov v tem kontekstu temelji na na\u0161em upravi\u010denem interesu v skladu s \u010dlenom 6, odstavek 1, to\u010dka f GDPR; med drugim za zagotavljanje funkcionalnosti na\u0161e spletne strani. Obdelava osebnih podatkov v tem kontekstu ni niti pogodbena niti zakonsko obvezna. Brez obdelave osebnih podatkov pa na\u0161a storitev in funkcionalnost spletne strani ne moreta biti zagotovljeni.<br \/>\n\tVe\u010d informacij o va\u0161em pravilu ugovora v skladu s \u010dlenom 21 GDPR najdete na <a href=\"#pp-data-policy-topic-100\">Va\u0161e pravice kot prizadeta oseba<\/a>.\n<\/p>\n<p>Zunanji servisi v kategoriji &#8222;Nujno&#8220;:<br \/><a href=\"#pp-data-policy-topic-50-580\">Matomo statistika dostopa<\/a><\/p>\n<h4><a name=\"pp-data-policy-category-media\"><\/a>3.1.2 Zunanji mediji<\/h4>\n<p>\n\tPoleg tega uporabljamo zunanje storitve in pi\u0161kotke, da lahko bolje predstavimo vsebino na\u0161e spletne strani. To vklju\u010duje npr. storitve za prikaz in vgradnjo slik, videoposnetkov, avdio posnetkov, zemljevidov in drugih vsebin iz zunanjih storitev. \u010ce je za uporabo katere koli od teh zunanjih storitev potrebno va\u0161e soglasje (na primer storitve iz dr\u017eav, ki ne spo\u0161tujejo evropske za\u0161\u010dite podatkov; npr. storitve v ZDA), boste pred uporabo posamezne storitve izrecno vpra\u0161ani za va\u0161e soglasje (soglasje v skladu s \u010dlenom 6, odstavek 1, to\u010dka a GDPR) glede pravilnika o zasebnosti te storitve.<br \/>\n\tSvojo privolitev lahko kadar koli prekli\u010dete na <a href=\"#pp-data-policy-revocation\">Preklic privolitve<\/a>.\n<\/p>\n<p>Zunanji servisi v kategoriji &#8222;Zunanji mediji&#8220;:<br \/><a href=\"#pp-data-policy-topic-50-90\">Mapbox<\/a>, <a href=\"#pp-data-policy-topic-50-160\">YouTube<\/a><\/p>\n<h3><a name=\"pp-data-policy-revocation\"><\/a>3.2 Preklic privolitve<\/h3>\n<p>\n\tTukaj imate mo\u017enost preklicati svoj prej podani privolitev:<br \/>\n\t[pp-content-blocker show-all-revocation-links]\n<\/p>\n<h2><a name=\"pp-data-policy-topic-30\"><\/a>4. Kontakt<\/h2>\n<p>\n\t\u010ce nas kontaktirate preko kontaktnega obrazca na tej spletni strani, funkcije za komentarje na spletni strani, po e-po\u0161ti ali telefonu, se strinjate s posredovanjem va\u0161ih osebnih podatkov, navedenih na <a href=\"#pp-data-policy-topic-10\">Kak\u0161ne podatke o vas obdelujemo<\/a>, in z na\u0161im stikom z vami po e-po\u0161ti ali telefonu. Va\u0161i podatki bodo uporabljeni izklju\u010dno za stik in jih ne bomo posredovali naprej.\n<\/p>\n<h2><a name=\"pp-data-policy-topic-50\"><\/a>5. Uporabljena orodja in zunanje storitve<\/h2>\n<h3><a name=\"pp-data-policy-topic-50-90\"><\/a>5.1. Mapbox<\/h3>\n<p>\n\tTa spletna stran uporablja Mapbox za prikaz interaktivnih zemljevidov, storitev Mapbox Inc. (1714 14th Street NW Washington, DC 20009-4309 Zdru\u017eene dr\u017eave). Ob dostopu do te spletne strani se informacije o uporabi te spletne strani, vklju\u010dno z IP-naslovom, napravo in identifikacijo brskalnika, posredujejo Mapbox Inc. v ZDA. Skozi neposredno povezavo va\u0161ega brskalnika z Mapbox se vsebina zemljevidov iz Mapboxa prenese neposredno v va\u0161 brskalnik in od tam vklju\u010di v spletno stran. Zato nimamo nobenega vpliva na podatke, pridobljene na ta na\u010din.\n<\/p>\n<\/p>\n<p>\n\tVe\u010d informacij o zbiranju in obdelavi va\u0161ih podatkov s strani Mapbox najdete tukaj: <a href=\"https:\/\/www.mapbox.com\/privacy\/\" rel=\"noopener noreferrer nofollow\" target=\"_blank\">https:\/\/www.mapbox.com\/privacy\/<\/a>.\n<\/p>\n<h3><a name=\"pp-data-policy-topic-50-580\"><\/a>5.2. Matomo statistika dostopa<\/h3>\n<p>\n\tZa merjenje dosega in uspe\u0161nosti na\u0161e spletne strani uporabljamo Matomo. Matomo je orodje za spletno analitiko in deluje na na\u0161ih lastnih stre\u017enikih.<br \/>\n\tMatomo pri nas uporablja metodo bele\u017eenja dnevni\u0161kih datotek (logfile tracking). To pomeni, da se ne uporabljajo pi\u0161kotki in se ne uporablja dodatna koda (npr. JavaScript) za zbiranje podatkov in izdelavo statistike. Sledenje temelji na dnevni\u0161kih datotekah, potrebnih za delovanje stre\u017enika (datum, \u010das in URL obiskane strani ter IP-naslov in identifikacija brskalnika obiskovalca). IP-naslovi so anonimizirani (IP masking) in zdru\u017eeni v anonimne uporabni\u0161ke profile. Tako ni mogo\u010de povezati podatkov z posameznimi uporabniki.<br \/>\n\tPodatke uporabljamo za analizo uporabe spletne strani. Zbrani podatki niso posredovani tretjim osebam.\n<\/p>\n<h3><a name=\"pp-data-policy-topic-50-160\"><\/a>5.3. YouTube<\/h3>\n<p>\n\tOb obisku na\u0161e spletne strani si lahko ogledate videoposnetke, ki jih zagotavlja YouTube (izdelek Google Ireland Limited, Gordon House, Barrow Street, Dublin 4, Irska).<br \/>\n\tZa prikaz YouTube videoposnetkov Google zbira va\u0161 IP-naslov ter identifikacijo naprave in brskalnika, ki se lahko prenesejo na stre\u017enike Google LLC, 1600 Amphitheatre Parkway, Mountain View, CA 94043 v ZDA in tam shranijo. Poleg tega Google lahko zbira podatke o va\u0161i uporabi YouTube.\n<\/p>\n<\/p>\n<p>\n\tPred uporabo YouTube natan\u010dno preberite Googlove politike zasebnosti. Politiko zasebnosti in pogoje uporabe najdete na:<br \/>\n\t<a href=\"https:\/\/policies.google.com\/privacy?hl=sl\" rel=\"noopener noreferrer nofollow\" target=\"_blank\">https:\/\/policies.google.com\/privacy?hl=sl<\/a>.\n<\/p>\n<h2><a name=\"pp-data-policy-topic-60\"><\/a>6. Namen obdelave podatkov<\/h2>\n<p>Va\u0161e osebne podatke bomo obdelovali za naslednje namene:<\/p>\n<ul>\n<li>za zagotovitev te spletne strani in njeno nadaljnjo izbolj\u0161avo ter razvoj;<\/li>\n<li>za ustvarjanje statistike uporabe;<\/li>\n<li>za odkrivanje, prepre\u010devanje in preiskovanje napadov na na\u0161o spletno stran;<\/li>\n<li>za odgovarjanje na va\u0161e zahteve in\/ali za izvedbo predpogodbenih ukrepov;<\/li>\n<li>za izbolj\u0161anje tehni\u010dne podpore uporabnikom;<\/li>\n<li>za stro\u0161kovno u\u010dinkovito ustvarjanje enostavne statistike dostopa do spletne strani;<\/li>\n<li>za bolj\u0161o promocijo na\u0161ih storitev ali izdelkov;<\/li>\n<li>za sprejemanje prijav za zaposlitev.<\/li>\n<\/ul>\n<h2><a name=\"pp-data-policy-topic-70\"><\/a>7. Pravna podlaga za obdelavo<\/h2>\n<p>\n\tObdelava va\u0161ih osebnih podatkov (glej to\u010dko <a href=\"#pp-data-policy-topic-10\">Kak\u0161ne podatke o vas obdelujemo<\/a>) temelji izklju\u010dno na pravni podlagi\n<\/p>\n<ul>\n<li>\n\t\tizpolnitve pogodbe z vami in\/ali za izvedbo predpogodbenih ukrepov (\u010dlen 6, odst. 1, to\u010dka b GDPR);<br \/>\n\t\tin\/ali\n\t<\/li>\n<li>\n\t\tna\u0161em prevladujo\u010dem legitimnem interesu za dosego namenov, navedenih v to\u010dki <a href=\"#pp-data-policy-topic-60\">Namen obdelave podatkov<\/a> (\u010dlen 6, odst. 1, to\u010dka f GDPR).\n\t<\/li>\n<\/ul>\n<h2><a name=\"pp-data-policy-topic-80\"><\/a>8. Prenos va\u0161ih osebnih podatkov<\/h2>\n<p>\n\t\tZa zgoraj navedene namene bomo va\u0161e osebne podatke, v nekaterih primerih dodatno odvisno od va\u0161ega soglasja, posredovali naslednjim prejemnikom:\n\t<\/p>\n<ul>\n<li>prejemnikom, navedenim pod <a href=\"#pp-data-policy-topic-50\">Uporabljena orodja in zunanje storitve<\/a><\/li>\n<\/ul>\n<p>\n\tSodelujemo z izbranimi ponudniki storitev, ki v na\u0161em imenu izvajajo dolo\u010deno obdelavo podatkov (npr. ponudniki gostovanja in drugi IT-storitev, ki jih uporabljamo). To vedno poteka v skladu z veljavnimi predpisi o varstvu podatkov, zlasti Splo\u0161no uredbo EU o varstvu podatkov (GDPR). S temi partnerji smo sklenili ustrezne pogodbe o obdelavi podatkov (DPA), da zagotovimo za\u0161\u010dito va\u0161ih osebnih podatkov.\n<\/p>\n<h2><a name=\"pp-data-policy-topic-90\"><\/a>9. Trajanje hrambe<\/h2>\n<p>\n\tVa\u0161e podatke, ki jih ob obisku te spletne strani obdelujemo, bomo obi\u010dajno hranili tri mesece. Dalj\u0161e hranjenje bo izvedeno le, \u010de bo to potrebno za preiskavo zaznanih napadov na na\u0161o spletno stran.\n<\/p>\n<p>\n\t\u010ce ste nam svoje osebne podatke posredovali s pomo\u010djo obrazcev ali drugih tehnik na na\u0161i spletni strani, jih bomo hranili toliko \u010dasa, kolikor bo potrebno za obravnavo va\u0161e zahteve in kolikor to zahtevajo zakonski roki hrambe in\/ali zastarevanja.\n<\/p>\n<h2><a name=\"pp-data-policy-topic-100\"><\/a>10. Va\u0161e pravice kot prizadeta oseba<\/h2>\n<p>\n\tKot posameznik, na katerega se nana\u0161a obdelava osebnih podatkov, imate pravico do dostopa, popravka, izbrisa in omejitve obdelave svojih osebnih podatkov. To velja tudi za pravico do prenosljivosti podatkov, \u010de se obdelava izvaja na podlagi pogodbe ali soglasja.<br \/>\n\t\u010ce obdelava va\u0161ih osebnih podatkov poteka na podlagi \u010dlena 6, odstavek 1, to\u010dka e GDPR (obdelava v javnem interesu), \u010dlena 6, odstavek 1, to\u010dka f GDPR (obdelava na podlagi legitimnih interesov) ali v okviru profiliranja po \u010dlenu 4, \u0161t. 4 GDPR, imate tudi pravico do ugovora. Ta pravica velja tudi v primeru obdelave podatkov za namene neposrednega tr\u017eenja.<br \/>\n\t\u010ce ste dali soglasje, imate tudi pravico, da ga kadarkoli v prihodnje prekli\u010dete.\n<\/p>\n<p>\n\t\u010ce menite, da obdelava va\u0161ih osebnih podatkov ni zakonita, se lahko obrnete na katerokoli nadzorno telo za varstvo podatkov. Nadzorni organ, pristojen za nas po \u010dlenu 55 GDPR, je:\n<\/p>\n<p>\u00d6sterreichische Datenschutzbeh\u00f6rde (<a href=\"https:\/\/www.dsb.gv.at\/\" rel=\"noopener noreferrer nofollow\" target=\"_blank\">https:\/\/www.dsb.gv.at\/<\/a>), Barichgasse 40-42, 1030 Wien, <a href=\"mailto:dsb@dsb.gv.at\">dsb@dsb.gv.at<\/a><\/p>\n<p>\n\t\u010ce imate vpra\u0161anja v zvezi s to politiko zasebnosti ali \u017eelite uveljavljati pravice, navedene v njej, se obrnite na naslov, naveden pod <a href=\"#pp-data-policy-topic-00-contact\">Odgovoren za obdelavo osebnih podatkov<\/a>.\n<\/p>\n<h2><a name=\"pp-data-policy-topic-110\"><\/a>11. Omejitev odgovornosti<\/h2>\n<p>\n\tTa izjema odgovornosti se \u0161teje za del internetne ponudbe, iz katere je bila ta spletna stran referencirana. \u010ce posamezni deli ali formulacije tega besedila ne ustrezajo, ne ustrezajo ve\u010d ali ne ustrezajo popolnoma veljavnemu pravu, preostali deli dokumenta ostanejo neokrnjeni v vsebini in veljavnosti.\n<\/p>\n<h3><a name=\"pp-data-policy-topic-110-10\"><\/a>11.1. Odgovornost za vsebino te spletne strani<\/h3>\n<p>\n\tVsebina te spletne strani je bila ustvarjena z najve\u010djo skrbnostjo. Kljub temu ne zagotavljamo to\u010dnosti, popolnosti ali a\u017eurnosti vsebine. Kot ponudnik storitev smo odgovorni za lastno vsebino na teh straneh v skladu z splo\u0161nimi zakoni. Nismo pa dol\u017eni nadzirati posredovanih ali shranjenih tujih informacij ali raziskovati okoli\u0161\u010din, ki bi kazale na nezakonito dejavnost. Obveznosti za odstranitev ali blokado uporabe informacij po splo\u0161nih zakonih ostajajo nedotaknjene. Odgovornost v zvezi s tem je mogo\u010da \u0161ele od trenutka, ko pridobimo vednost o konkretni pravni kr\u0161itvi. Ko zaznamo take kr\u0161itve, bomo vsebino takoj odstranili.\n<\/p>\n<h3><a name=\"pp-data-policy-topic-110-20\"><\/a>11.2. Odgovornost za povezave na spletne strani tretjih oseb<\/h3>\n<p>\n\tNa\u0161a ponudba vsebuje povezave do zunanjih spletnih strani. Vsebina teh zunanjih spletnih strani je izven na\u0161ega vpliva. Zato za te tuje vsebine ne moremo prevzeti nobene odgovornosti. Za vsebino povezanih strani je vedno odgovoren ustrezni ponudnik ali upravljavec strani. Povezane strani so bile ob \u010dasu povezave pregledane za morebitne pravne kr\u0161itve. Nezakonite vsebine ob \u010dasu povezave niso bile zaznane. Vendar stalni nadzor vsebine povezanih strani brez konkretnih znakov kr\u0161itve prava ni upravi\u010den. Ko zaznamo kr\u0161itve prava, bomo te povezave nemudoma odstranili.\n<\/p>\n<h3><a name=\"pp-data-policy-topic-110-30\"><\/a>11.3. Avtorske pravice<\/h3>\n<p>\n\tUpravljavci te spletne strani si prizadevajo, da vedno upo\u0161tevajo avtorske pravice drugih in uporabljajo lastna ali licen\u010dno prosta dela. Vsebina in dela, ki jih ustvarijo upravljavci strani na tej spletni strani, so za\u0161\u010ditena z avtorskimi pravicami. Prispevki tretjih oseb so ozna\u010deni kot taki. Razmno\u017eevanje, urejanje, \u0161irjenje in vsaka oblika uporabe izven meja avtorskih pravic zahteva pisno soglasje ustreznega avtorja ali ustvarjalca. Prenosi in kopije te strani so dovoljeni le za zasebno, nekomercialno uporabo.<\/p>\n<\/p><\/div>\n<div class=\"acf-fc-column acf-fc-column-1\">\n<p><a href=\"https:\/\/thermostar-southeasteurope.com\/sl\/kontakt\/\">Do pravne informacije<\/a><\/p>\n<\/p><\/div>\n","protected":false},"excerpt":{"rendered":"<p>Izjava o varstvu podatkov To obvestilo opisuje, kako se obdelujejo va\u0161i osebni podatki v zvezi s to spletno stranjo. Nastavitve pi\u0161kotkov\/varstva podatkov (preklic soglasja) 1. Odgovoren za obdelavo osebnih podatkov Thermostar Handels-GmbHAuen-Sueduferstrasse 679220 VeldenAustria (V nadaljevanju izjave o varstvu podatkov ozna\u010den z &#8222;mi&#8220; ali &#8222;nas&#8220;.) 2. Kak\u0161ne podatke o vas obdelujemo Med va\u0161im obiskom te [&hellip;]<\/p>\n","protected":false},"author":1,"featured_media":0,"parent":0,"menu_order":0,"comment_status":"closed","ping_status":"closed","template":"","meta":{"_acf_changed":false,"footnotes":""},"class_list":["post-5601","page","type-page","status-publish","hentry"],"acf":[],"_links":{"self":[{"href":"https:\/\/thermostar-southeasteurope.com\/sl\/wp-json\/wp\/v2\/pages\/5601","targetHints":{"allow":["GET"]}}],"collection":[{"href":"https:\/\/thermostar-southeasteurope.com\/sl\/wp-json\/wp\/v2\/pages"}],"about":[{"href":"https:\/\/thermostar-southeasteurope.com\/sl\/wp-json\/wp\/v2\/types\/page"}],"author":[{"embeddable":true,"href":"https:\/\/thermostar-southeasteurope.com\/sl\/wp-json\/wp\/v2\/users\/1"}],"replies":[{"embeddable":true,"href":"https:\/\/thermostar-southeasteurope.com\/sl\/wp-json\/wp\/v2\/comments?post=5601"}],"version-history":[{"count":5,"href":"https:\/\/thermostar-southeasteurope.com\/sl\/wp-json\/wp\/v2\/pages\/5601\/revisions"}],"predecessor-version":[{"id":5745,"href":"https:\/\/thermostar-southeasteurope.com\/sl\/wp-json\/wp\/v2\/pages\/5601\/revisions\/5745"}],"wp:attachment":[{"href":"https:\/\/thermostar-southeasteurope.com\/sl\/wp-json\/wp\/v2\/media?parent=5601"}],"curies":[{"name":"wp","href":"https:\/\/api.w.org\/{rel}","templated":true}]}}