{"id":4333,"date":"2022-12-02T11:30:54","date_gmt":"2022-12-02T10:30:54","guid":{"rendered":"https:\/\/thermostar-southeasteurope.com\/accessories\/"},"modified":"2025-11-03T11:01:59","modified_gmt":"2025-11-03T10:01:59","slug":"dodatki","status":"publish","type":"page","link":"https:\/\/thermostar-southeasteurope.com\/sl\/dodatki\/","title":{"rendered":"Dodatki"},"content":{"rendered":"<div class=\"acf-fc-column acf-fc-column-1\">\n<h1 style=\"text-align: center;\">Dodatki Thermostar<\/h1>\n<\/p><\/div>\n<div class=\"acf-fc-column acf-fc-column-1\">\n<p><a href=\"https:\/\/thermostar-southeasteurope.com\/wp-content\/uploads\/2022\/12\/Gesamt.jpg\"><img loading=\"lazy\" decoding=\"async\" class=\"aligncenter wp-image-801 size-content_square_full\" src=\"https:\/\/thermostar-southeasteurope.com\/wp-content\/uploads\/2022\/12\/Gesamt-1398x1280.jpg\" alt=\"Thermostar dry steam system with an extensive range of accessories for every cleaning situation\" width=\"1398\" height=\"1280\" data-fancybox-title=\"\" data-fancybox-alt=\"\" data-fancybox-caption=\"\" \/><\/a><\/p>\n<\/p><\/div>\n<div class=\"acf-fc-column acf-fc-column-2\">\n<h2 class=\"h2\">\u010cistilnik Thermostar navdu\u0161uje z obse\u017eno izbiro dodatne opreme<\/h2>\n<p>&nbsp;<\/p>\n<p>Glavna prednost toplotnega \u010distilnika Thermostar je \u0161iroka paleta dodatne opreme. \u017de standardna oprema vklju\u010duje vse nastavke, ki jih potrebujete za higiensko in temeljito \u010di\u0161\u010denje svojega stanovanja, terase in vrta. Naj bodo to parne \u0161obe, velike in majhne \u0161\u010detke, nastavek za paro ali celo majhna lopatica \u2013 z vso opremo lahko takoj pri\u010dnete s \u010di\u0161\u010denjem. In najbolj\u0161i del: deluje izklju\u010dno s \u010disto vodo in popolnoma brez kemikalij!<\/p>\n<p>Za posebne potrebe je na voljo izjemno bogata izbira dodatne opreme, zasnovane za razli\u010dne izzive \u010di\u0161\u010denja. Ni podro\u010dja, za katerega ne bi imeli pravega nastavka!<\/p>\n<p>Na\u0161i svetovalci za \u010distilnik Thermostar vam bodo z veseljem pomagali izbrati dodatno opremo, ki bo najbolje ustrezala va\u0161im \u017eeljam in potrebam!<\/p>\n<p>&nbsp;<\/p>\n<p style=\"text-align: left;\"><a class=\"button\" href=\"\/sl\/prodajalci\/\">Thermostar distributerji<\/a><\/p>\n<p style=\"text-align: left;\">\n\t<\/div>\n<div class=\"acf-fc-column acf-fc-column-1\">\n<h3>Aplikacija Thermostar \u2013 va\u0161 zanesljiv spremljevalec &#8230;<\/h3>\n<p>Z aplikacijo Thermostar imate ob sebi priro\u010dnega spremljevalca, ki vam pomaga pri \u010di\u0161\u010denju in uporabi va\u0161ega \u010distilnika. Niste prepri\u010dani, kako bi z \u010distilnikom Thermostar najbolje o\u010distili okna ali kako pravilno uporabiti dolo\u010den nastavek? Ni\u010d la\u017ejega \u2013 v aplikaciji preprosto odprite ustrezen modul in si oglejte na\u0161e predstavitvene videoposnetke, ki vas bodo navdihnili pri uporabi!<br \/>\nNa\u0161a aplikacija Thermostar vam je vedno v pomo\u010d \u2013 z nasveti in triki za brezhibno delovanje in enostavno vsakodnevno uporabo \u010distilnika. Kako pravilno doliti vodo, redno odstraniti vodni kamen ali aktivirati funkcijo za var\u010devanje z energijo \u2013 vse to je v aplikaciji prikazano s pomo\u010djo videoposnetkov.<\/p>\n<\/div>\n<div class=\"acf-fc-column acf-fc-column-1\">\n<p style=\"text-align: center;\">Prenesite si na\u0161o progresivno spletno aplikacijo kar na tej strani:<br \/>\nenostavno kliknite na povezavo na svoji napravi in namestitev se bo za\u010dela hitro in varno!<\/p>\n<p>&nbsp;<\/p>\n<p style=\"text-align: center;\"><a class=\"button\" href=\"https:\/\/thermostar.info\/app\/#\/uses\">Download APP<\/a><\/p>\n<p>&nbsp;<\/p>\n<p>&nbsp;<\/p>\n<\/p><\/div>\n<div class=\"acf-fc-column acf-fc-column-1\">\n<h2 style=\"text-align: center;\">Podrobna predstavitev dodatne opreme<\/h2>\n<h3 style=\"text-align: center;\">Pravo orodje za vsako nalogo<\/h3>\n<\/p><\/div>\n<div>\n<div>\n\t\t\t<img width=\"150\" height=\"150\" src=\"https:\/\/thermostar-southeasteurope.com\/wp-content\/uploads\/2022\/12\/DSC8650-150x150.jpg?ver=20250822080950\" class=\"alignleft\" alt=\"A woman enjoys her free time with a book and the Thermostar evaporator\" decoding=\"async\" loading=\"lazy\" srcset=\"https:\/\/thermostar-southeasteurope.com\/wp-content\/uploads\/2022\/12\/DSC8650-150x150.jpg?ver=20250822080950 150w, https:\/\/thermostar-southeasteurope.com\/wp-content\/uploads\/2022\/12\/DSC8650-32x32.jpg?ver=20250822080950 32w, https:\/\/thermostar-southeasteurope.com\/wp-content\/uploads\/2022\/12\/DSC8650-180x180.jpg?ver=20250822080950 180w, https:\/\/thermostar-southeasteurope.com\/wp-content\/uploads\/2022\/12\/DSC8650-192x192.jpg?ver=20250822080950 192w, https:\/\/thermostar-southeasteurope.com\/wp-content\/uploads\/2022\/12\/DSC8650-270x270.jpg?ver=20250822080950 270w, https:\/\/thermostar-southeasteurope.com\/wp-content\/uploads\/2022\/12\/DSC8650-512x512.jpg?ver=20250822080950 512w, https:\/\/thermostar-southeasteurope.com\/wp-content\/uploads\/2022\/12\/DSC8650-100x100.jpg?ver=20250822080950 100w, https:\/\/thermostar-southeasteurope.com\/wp-content\/uploads\/2022\/12\/DSC8650-200x200.jpg?ver=20250822080950 200w, https:\/\/thermostar-southeasteurope.com\/wp-content\/uploads\/2022\/12\/DSC8650-250x250.jpg?ver=20250822080950 250w, https:\/\/thermostar-southeasteurope.com\/wp-content\/uploads\/2022\/12\/DSC8650-300x300.jpg?ver=20250822080950 300w, https:\/\/thermostar-southeasteurope.com\/wp-content\/uploads\/2022\/12\/DSC8650-350x350.jpg?ver=20250822080950 350w, https:\/\/thermostar-southeasteurope.com\/wp-content\/uploads\/2022\/12\/DSC8650-400x400.jpg?ver=20250822080950 400w, https:\/\/thermostar-southeasteurope.com\/wp-content\/uploads\/2022\/12\/DSC8650-1200x1200.jpg?ver=20250822080950 1200w, https:\/\/thermostar-southeasteurope.com\/wp-content\/uploads\/2022\/12\/DSC8650-900x900.jpg?ver=20250822080950 900w, https:\/\/thermostar-southeasteurope.com\/wp-content\/uploads\/2022\/12\/DSC8650-699x699.jpg?ver=20250822080950 699w, https:\/\/thermostar-southeasteurope.com\/wp-content\/uploads\/2022\/12\/DSC8650-640x640.jpg?ver=20250822080950 640w, https:\/\/thermostar-southeasteurope.com\/wp-content\/uploads\/2022\/12\/DSC8650-1280x1280.jpg?ver=20250822080950 1280w, https:\/\/thermostar-southeasteurope.com\/wp-content\/uploads\/2022\/12\/DSC8650-480x480.jpg?ver=20250822080950 480w, https:\/\/thermostar-southeasteurope.com\/wp-content\/uploads\/2022\/12\/DSC8650-960x960.jpg?ver=20250822080950 960w, https:\/\/thermostar-southeasteurope.com\/wp-content\/uploads\/2022\/12\/DSC8650-380x380.jpg?ver=20250822080950 380w, https:\/\/thermostar-southeasteurope.com\/wp-content\/uploads\/2022\/12\/DSC8650-780x780.jpg?ver=20250822080950 780w, https:\/\/thermostar-southeasteurope.com\/wp-content\/uploads\/2022\/12\/DSC8650-320x320.jpg?ver=20250822080950 320w, https:\/\/thermostar-southeasteurope.com\/wp-content\/uploads\/2022\/12\/DSC8650-280x280.jpg?ver=20250822080950 280w, https:\/\/thermostar-southeasteurope.com\/wp-content\/uploads\/2022\/12\/DSC8650-560x560.jpg?ver=20250822080950 560w, https:\/\/thermostar-southeasteurope.com\/wp-content\/uploads\/2022\/12\/DSC8650-240x240.jpg?ver=20250822080950 240w, https:\/\/thermostar-southeasteurope.com\/wp-content\/uploads\/2022\/12\/DSC8650-940x940.jpg?ver=20250822080950 940w, https:\/\/thermostar-southeasteurope.com\/wp-content\/uploads\/2022\/12\/DSC8650-360x360.jpg?ver=20250822080950 360w, https:\/\/thermostar-southeasteurope.com\/wp-content\/uploads\/2022\/12\/DSC8650-700x700.jpg?ver=20250822080950 700w, https:\/\/thermostar-southeasteurope.com\/wp-content\/uploads\/2022\/12\/DSC8650-600x600.jpg?ver=20250822080950 600w, https:\/\/thermostar-southeasteurope.com\/wp-content\/uploads\/2022\/12\/DSC8650-460x460.jpg?ver=20250822080950 460w, https:\/\/thermostar-southeasteurope.com\/wp-content\/uploads\/2022\/12\/DSC8650-466x466.jpg?ver=20250822080950 466w, https:\/\/thermostar-southeasteurope.com\/wp-content\/uploads\/2022\/12\/DSC8650-932x932.jpg?ver=20250822080950 932w, https:\/\/thermostar-southeasteurope.com\/wp-content\/uploads\/2022\/12\/DSC8650-500x500.jpg?ver=20250822080950 500w, https:\/\/thermostar-southeasteurope.com\/wp-content\/uploads\/2022\/12\/DSC8650-412x412.jpg?ver=20250822080950 412w\" sizes=\"auto, (max-width: 150px) 100vw, 150px\" data-fancybox-title=\"Verdampfer Luft reinigen\" data-fancybox-alt=\"A woman enjoys her free time with a book and the Thermostar evaporator\" data-fancybox-caption=\"Thermostar Handels-GmbH \/Helge Bauer\" data-fancybox-srcset=\"https:\/\/thermostar-southeasteurope.com\/wp-content\/uploads\/2022\/12\/DSC8650-300x200.jpg 300w, https:\/\/thermostar-southeasteurope.com\/wp-content\/uploads\/2022\/12\/DSC8650-768x512.jpg 768w, https:\/\/thermostar-southeasteurope.com\/wp-content\/uploads\/2022\/12\/DSC8650-1024x683.jpg 1024w, https:\/\/thermostar-southeasteurope.com\/wp-content\/uploads\/2022\/12\/DSC8650-1536x1024.jpg 1536w, https:\/\/thermostar-southeasteurope.com\/wp-content\/uploads\/2022\/12\/DSC8650-150x100.jpg 150w, https:\/\/thermostar-southeasteurope.com\/wp-content\/uploads\/2022\/12\/DSC8650-200x133.jpg 200w, https:\/\/thermostar-southeasteurope.com\/wp-content\/uploads\/2022\/12\/DSC8650-250x167.jpg 250w, https:\/\/thermostar-southeasteurope.com\/wp-content\/uploads\/2022\/12\/DSC8650-350x233.jpg 350w, https:\/\/thermostar-southeasteurope.com\/wp-content\/uploads\/2022\/12\/DSC8650-400x267.jpg 400w, https:\/\/thermostar-southeasteurope.com\/wp-content\/uploads\/2022\/12\/DSC8650-1200x800.jpg 1200w, https:\/\/thermostar-southeasteurope.com\/wp-content\/uploads\/2022\/12\/DSC8650-900x600.jpg 900w, https:\/\/thermostar-southeasteurope.com\/wp-content\/uploads\/2022\/12\/DSC8650-699x466.jpg 699w, https:\/\/thermostar-southeasteurope.com\/wp-content\/uploads\/2022\/12\/DSC8650-1398x932.jpg 1398w, https:\/\/thermostar-southeasteurope.com\/wp-content\/uploads\/2022\/12\/DSC8650-113x75.jpg 113w, https:\/\/thermostar-southeasteurope.com\/wp-content\/uploads\/2022\/12\/DSC8650-195x130.jpg 195w, https:\/\/thermostar-southeasteurope.com\/wp-content\/uploads\/2022\/12\/DSC8650-450x300.jpg 450w, https:\/\/thermostar-southeasteurope.com\/wp-content\/uploads\/2022\/12\/DSC8650-600x400.jpg 600w, https:\/\/thermostar-southeasteurope.com\/wp-content\/uploads\/2022\/12\/DSC8650-225x150.jpg 225w, https:\/\/thermostar-southeasteurope.com\/wp-content\/uploads\/2022\/12\/DSC8650-75x50.jpg 75w, https:\/\/thermostar-southeasteurope.com\/wp-content\/uploads\/2022\/12\/DSC8650-471x314.jpg 471w, https:\/\/thermostar-southeasteurope.com\/wp-content\/uploads\/2022\/12\/DSC8650-405x270.jpg 405w, https:\/\/thermostar-southeasteurope.com\/wp-content\/uploads\/2022\/12\/DSC8650-305x203.jpg 305w, https:\/\/thermostar-southeasteurope.com\/wp-content\/uploads\/2022\/12\/DSC8650-645x430.jpg 645w, https:\/\/thermostar-southeasteurope.com\/wp-content\/uploads\/2022\/12\/DSC8650-960x640.jpg 960w, https:\/\/thermostar-southeasteurope.com\/wp-content\/uploads\/2022\/12\/DSC8650-932x621.jpg 932w, https:\/\/thermostar-southeasteurope.com\/wp-content\/uploads\/2022\/12\/DSC8650-1280x853.jpg 1280w, https:\/\/thermostar-southeasteurope.com\/wp-content\/uploads\/2022\/12\/DSC8650-466x311.jpg 466w, https:\/\/thermostar-southeasteurope.com\/wp-content\/uploads\/2022\/12\/DSC8650-640x427.jpg 640w, https:\/\/thermostar-southeasteurope.com\/wp-content\/uploads\/2022\/12\/DSC8650-500x333.jpg 500w, https:\/\/thermostar-southeasteurope.com\/wp-content\/uploads\/2022\/12\/DSC8650-120x80.jpg 120w, https:\/\/thermostar-southeasteurope.com\/wp-content\/uploads\/2022\/12\/DSC8650-412x275.jpg 412w, https:\/\/thermostar-southeasteurope.com\/wp-content\/uploads\/2022\/12\/DSC8650.jpg 1920w\" \/>\t\t\t<\/p>\n<h3>Neprimerljivo bivalno okolje z uparjalnikom Thermostar<\/h3>\n<\/p><\/div>\n<\/p><\/div>\n<div class=\"acf-fc-column acf-fc-column-1\">\n<p style=\"text-align: center;\">Pomen \u010distega, osve\u017eenega in vla\u017enega zraka za na\u0161e dobro po\u010dutje je preprosto neprecenljiv. V \u010dasu, ko se vse ve\u010d ljudi soo\u010da z alergijami in boleznimi dihal, nara\u0161\u010da tudi zavedanje o naravni higieni.<br \/>\nSte vedeli, da lahko z uparjalnikom Thermostar popolnoma o\u010distite in osve\u017eite tudi zrak v va\u0161em domu? Visoke temperature v notranjosti uni\u010dijo vse klice v pari. Rezultat je izjemno fina in \u010dista vodna para, ki v hipu popolno navla\u017ei va\u0161e prostore.<\/p>\n<p>&nbsp;<\/p>\n<\/p><\/div>\n<div class=\"acf-fc-column acf-fc-column-1\">\n<h3 style=\"text-align: center;\">Likajte kot profesionalci &#8211; s parno likalno postajo Thermostar<\/h3>\n<\/p><\/div>\n<div class=\"acf-fc-column acf-fc-column-1\">\n<p style=\"text-align: center;\">\u010cistilnik Thermostar na suho paro v va\u0161 dom prina\u0161a u\u010dinkovitost in profesionalnost \u2013 ampak to \u017ee veste! V kombinaciji s parno likalno postajo pa boste lahko tudi likali z lahkoto in veseljem. Kajti le s pravim orodjem lahko dose\u017eete izjemne rezultate.<\/p>\n<p style=\"text-align: center;\">Profesionalni parni likalnik preprosto priklju\u010dite na \u010distilnik Thermostar in u\u017eivajte v neprekinjeni pari ter ergonomskem plutovinastem ro\u010daju. Pri ob\u010dutljivih obla\u010dilih uporabite prilo\u017een teflonski podstavek! Likanje s parno likalno postajo Thermostar z ogrevano povr\u0161ino ter funkcijo vsesavanja in izpihovanja postane pravo do\u017eivetje.<\/p>\n<\/p><\/div>\n<div class=\"acf-fc-column acf-fc-column-1\">\n<div class=\"video-container\"><iframe loading=\"lazy\" title=\"Thermostar steam ironing station\" width=\"1398\" height=\"786\" src=\"https:\/\/www.youtube.com\/embed\/XfRPrJCfMiQ?feature=oembed&amp;rel=0&amp;showinfo=0\" frameborder=\"0\" allow=\"accelerometer; autoplay; clipboard-write; encrypted-media; gyroscope; picture-in-picture; web-share\" allowfullscreen><\/iframe><\/div>\n<\/p><\/div>\n","protected":false},"excerpt":{"rendered":"<p>Dodatki Thermostar \u010cistilnik Thermostar navdu\u0161uje z obse\u017eno izbiro dodatne opreme &nbsp; Glavna prednost toplotnega \u010distilnika Thermostar je \u0161iroka paleta dodatne opreme. \u017de standardna oprema vklju\u010duje vse nastavke, ki jih potrebujete za higiensko in temeljito \u010di\u0161\u010denje svojega stanovanja, terase in vrta. Naj bodo to parne \u0161obe, velike in majhne \u0161\u010detke, nastavek za paro ali celo majhna [&hellip;]<\/p>\n","protected":false},"author":6,"featured_media":0,"parent":0,"menu_order":0,"comment_status":"closed","ping_status":"closed","template":"","meta":{"_acf_changed":false,"footnotes":""},"class_list":["post-4333","page","type-page","status-publish","hentry"],"acf":[],"_links":{"self":[{"href":"https:\/\/thermostar-southeasteurope.com\/sl\/wp-json\/wp\/v2\/pages\/4333","targetHints":{"allow":["GET"]}}],"collection":[{"href":"https:\/\/thermostar-southeasteurope.com\/sl\/wp-json\/wp\/v2\/pages"}],"about":[{"href":"https:\/\/thermostar-southeasteurope.com\/sl\/wp-json\/wp\/v2\/types\/page"}],"author":[{"embeddable":true,"href":"https:\/\/thermostar-southeasteurope.com\/sl\/wp-json\/wp\/v2\/users\/6"}],"replies":[{"embeddable":true,"href":"https:\/\/thermostar-southeasteurope.com\/sl\/wp-json\/wp\/v2\/comments?post=4333"}],"version-history":[{"count":5,"href":"https:\/\/thermostar-southeasteurope.com\/sl\/wp-json\/wp\/v2\/pages\/4333\/revisions"}],"predecessor-version":[{"id":5734,"href":"https:\/\/thermostar-southeasteurope.com\/sl\/wp-json\/wp\/v2\/pages\/4333\/revisions\/5734"}],"wp:attachment":[{"href":"https:\/\/thermostar-southeasteurope.com\/sl\/wp-json\/wp\/v2\/media?parent=4333"}],"curies":[{"name":"wp","href":"https:\/\/api.w.org\/{rel}","templated":true}]}}