{"id":4297,"date":"2022-12-02T11:31:07","date_gmt":"2022-12-02T10:31:07","guid":{"rendered":"https:\/\/thermostar-southeasteurope.com\/news\/"},"modified":"2025-11-03T11:04:32","modified_gmt":"2025-11-03T10:04:32","slug":"novice","status":"publish","type":"page","link":"https:\/\/thermostar-southeasteurope.com\/sl\/novice\/","title":{"rendered":"Novice"},"content":{"rendered":"<div class=\"acf-fc-column acf-fc-column-1\">\n<h1 style=\"text-align: center;\">Novosti iz na\u0161e ponudbe<\/h1>\n<\/p><\/div>\n<div class=\"acf-fc-column acf-fc-column-1\">\n<p style=\"text-align: center;\">Na\u0161e poslanstvo je stalno izbolj\u0161evanje. Zato smo nenehno v iskanju popolnih dodatkov za zeleno \u010di\u0161\u010denje s \u010distilnikom Thermostar. Zavezani smo k vrhunski kakovosti, natan\u010dni izdelavi in trajnostnim re\u0161itvam. V na\u0161i ponudbi najdejo mesto samo vrhunske inovacije brez kemi\u010dnih dodatkov. Odkrijte novosti, ki bodo va\u0161e \u010di\u0161\u010denje s \u010distilnikom Thermostar popeljale na vi\u0161jo raven. Za dodatne informacije se obrnite na va\u0161ega svetovalca za \u010distilnik Thermostar.<\/p>\n<p>&nbsp;<\/p>\n<p style=\"text-align: center;\"><a class=\"button\" href=\"\/sl\/prodajalci\/\">Thermostar distributerji<\/a><\/p>\n<\/p><\/div>\n<div class=\"acf-fc-column acf-fc-column-1\">\n<p><a href=\"https:\/\/thermostar-southeasteurope.com\/wp-content\/uploads\/2022\/12\/Desinfektion_HS_Blaster.jpg\"><img loading=\"lazy\" decoding=\"async\" class=\"alignright wp-image-836 size-content_square_xlarge\" src=\"https:\/\/thermostar-southeasteurope.com\/wp-content\/uploads\/2022\/12\/Desinfektion_HS_Blaster-400x400.jpg\" alt=\"HB Solution application on the handle of the entrance door against none and bacteria\" width=\"400\" height=\"400\" data-fancybox-title=\"\" data-fancybox-alt=\"\" data-fancybox-caption=\"\" \/><\/a><\/p>\n<\/p><\/div>\n<div class=\"acf-fc-column acf-fc-column-2\">\n<h2 class=\"h3\" style=\"text-align: left;\">HB Solution<\/h2>\n<p class=\"h6\" style=\"text-align: left;\">Varno razku\u017eevanje na naravni osnovi<\/p>\n<p>Globalna povezanost pospe\u0161uje \u0161irjenje bakterij in virusov po svetu. Higiena je \u017ee dolgo ve\u010d kot le odstranjevanje prahu in umazanije!<br \/>\nSredstvo za \u010di\u0161\u010denje in razku\u017eevanje HB Solution je na\u0161a re\u0161itev, ki prina\u0161a popolno higieno v va\u0161 dom in podjetje. Mikro suha para temeljito o\u010disti povr\u0161ine in jih pripravi na nadaljnjo uporabo. Z nastavkom Blaster spremenite va\u0161 \u010distilnik Thermostar z eno potezo v razpr\u0161ilnik za dezinfekcijo, ki optimalno izkori\u0161\u010da visok tlak pare.<br \/>\nSredstvo za \u010di\u0161\u010denje in razku\u017eevanje HB Solution je povsem naravno sredstvo brez nevarnih snovi za ljudi in \u017eivali, brez dodatkov in alergenov, zato je varna, naravna in popolnoma biolo\u0161ko neopore\u010dna re\u0161itev.<\/p>\n<\/p><\/div>\n<div class=\"acf-fc-column acf-fc-column-1\">\n<h2 class=\"h3\" style=\"text-align: right;\">PRO Seal<\/h2>\n<p class=\"h6\" style=\"text-align: right;\">Popolna za\u0161\u010dita, ki prepre\u010duje, da se umazanija prijemlje<\/p>\n<p style=\"text-align: right;\">To verjetno dobro poznate: Komaj kon\u010date s \u010di\u0161\u010denjem svojega doma, \u017ee se na nekaterih mestih poka\u017ee prah, sledovi made\u017eev, vodnega kamna ali mastnih made\u017eev. Morda ste se s tem sprijaznili, a pravzaprav je lahko druga\u010de!<br \/>\nZ revolucionarnim sredstvom za za\u0161\u010dito povr\u0161in PRO Seal bo va\u0161 dom ve\u010d dni zapored sijal, kot bi ga ravnokar o\u010distili. In najbolj\u0161e pri tem je: z redno uporabo sredstva za za\u0161\u010dito povr\u0161in PRO Seal bo vsako \u010di\u0161\u010denje otro\u010dje lahko! Tako kot vsi na\u0161i izdelki tudi sredstvo za za\u0161\u010dito povr\u0161in PRO Seal deluje popolnoma brez \u0161kodljivih kemikalij!<br \/>\nSredstvo za za\u0161\u010dito povr\u0161in PRO Seal je idealna za\u0161\u010dita za vse povr\u0161ine Povr\u0161ine u\u010dinkovito in globinsko neguje z naravnim in okolju prijaznim silicijem ter u\u010dinkovito prepre\u010duje ponovno oprijemanje umazanije in nastajanje made\u017eev.<\/p>\n<\/p><\/div>\n<div class=\"acf-fc-column acf-fc-column-2\">\n<p><a href=\"https:\/\/thermostar-southeasteurope.com\/wp-content\/uploads\/2022\/12\/DSC3453.jpg\"><img loading=\"lazy\" decoding=\"async\" class=\"alignleft wp-image-835 size-content_square_xlarge\" src=\"https:\/\/thermostar-southeasteurope.com\/wp-content\/uploads\/2022\/12\/DSC3453-400x400.jpg\" alt=\"PRO Seal application on garden furniture against dirt and limescale stains\" width=\"400\" height=\"400\" data-fancybox-title=\"\" data-fancybox-alt=\"\" data-fancybox-caption=\"\" \/><\/a><\/p>\n<\/p><\/div>\n<div class=\"acf-fc-column acf-fc-column-1\">\n<p style=\"text-align: right;\"><a href=\"https:\/\/thermostar-southeasteurope.com\/wp-content\/uploads\/2022\/12\/Vorteile.jpg\"><img loading=\"lazy\" decoding=\"async\" class=\"alignright wp-image-837 size-content_square_xlarge\" src=\"https:\/\/thermostar-southeasteurope.com\/wp-content\/uploads\/2022\/12\/Vorteile-400x400.jpg\" alt=\"Wipe&amp;Clean is used in the kitchen and ensures sparkling cleanliness\" width=\"400\" height=\"400\" data-fancybox-title=\"\" data-fancybox-alt=\"\" data-fancybox-caption=\"\" \/><\/a><\/p>\n<\/p><\/div>\n<div class=\"acf-fc-column acf-fc-column-2\">\n<h2 class=\"h3\" style=\"text-align: left;\">Wipe&amp;Clean<\/h2>\n<p class=\"h6\" style=\"text-align: left;\">krpe iz mikrovlaken 2 v 1 z molekulami bakra<\/p>\n<p>Na\u0161a edinstvena tehnologija mikro suhe pare svojo mo\u010d povezuje z inovativnimi krpami iz mikrovlaken. Celotno povr\u0161ino krp Wipe&amp;Clean smo s patentiranim postopkom obogatili z drobnimi bakrovimi pigmenti, kar zagotavlja izjemno u\u010dinkovito \u010di\u0161\u010denje. Ko se krpe zdru\u017eijo s paro ali vodo, vgrajeni bakrovi pigmenti sprostijo ione, ki uni\u010dijo bakterije in viruse.<br \/>\nTo \u0161e dodatno izbolj\u0161a visoko \u010distilno zmogljivost suhe mikro pare: krpa Wipe&amp;Clean ne odstrani le raztopljene umazanije, temve\u010d tudi do 99,9% bakterij in virusov! V primerjavi s klasi\u010dnimi krpami se tako bistveno zmanj\u0161a tudi tveganje za oku\u017ebe, \u0161irjenje mikroorganizmov in predvsem neprijeten vonj.<\/p>\n<\/p><\/div>\n<div class=\"acf-fc-column acf-fc-column-1\">\n<h2 class=\"h3\" style=\"text-align: right;\">Molecular Cleaner<\/h2>\n<p class=\"h6\" style=\"text-align: right;\">Naravna mo\u010d encimov<\/p>\n<p style=\"text-align: right;\">Molecular Cleaner je u\u010dinkovito in biolo\u0161ko razgradljivo encimsko \u010distilo. Organske ne\u010disto\u010de se hitro in u\u010dinkovito odstranijo z mikro-razcepitvijo. Pri tem prakti\u010dno ne ostanejo ostanki v obliki povr\u0161insko aktivnih snovi ali podobnih usedlin. Delovna raztopina se lahko uporablja na vseh povr\u0161inah, ki niso ob\u010dutljive na vodo, in je popolnoma kemi\u010dno ne\u0161kodljiva. Kadar suha para sama ni ve\u010d dovolj, ste z Molecular Cleaner na varni strani.<br \/>\nEncimi so sestavni del vsakega \u017eivega organizma. Molekularni \u010distilec uporablja encime za razgradnjo ma\u0161\u010dob, beljakovin in \u0161kroba, zaradi \u010desar je idealen za odstranjevanje \u0161irokega spektra organskih made\u017eev.<\/p>\n<\/p><\/div>\n<div class=\"acf-fc-column acf-fc-column-2\">\n<p><a href=\"https:\/\/thermostar-southeasteurope.com\/wp-content\/uploads\/2024\/05\/MolecularCleaner-Label.jpg\"><img loading=\"lazy\" decoding=\"async\" class=\"alignleft wp-image-3175 size-content_square_xlarge\" src=\"https:\/\/thermostar-southeasteurope.com\/wp-content\/uploads\/2024\/05\/MolecularCleaner-Label-400x400.jpg\" alt=\"Molecular Cleaner dissolves protein, fat and oil in the kitchen with the power of enzymes\" width=\"400\" height=\"400\" srcset=\"https:\/\/thermostar-southeasteurope.com\/wp-content\/uploads\/2024\/05\/MolecularCleaner-Label-400x400.jpg 400w, https:\/\/thermostar-southeasteurope.com\/wp-content\/uploads\/2024\/05\/MolecularCleaner-Label-150x150.jpg 150w, https:\/\/thermostar-southeasteurope.com\/wp-content\/uploads\/2024\/05\/MolecularCleaner-Label-32x32.jpg 32w, https:\/\/thermostar-southeasteurope.com\/wp-content\/uploads\/2024\/05\/MolecularCleaner-Label-180x180.jpg 180w, https:\/\/thermostar-southeasteurope.com\/wp-content\/uploads\/2024\/05\/MolecularCleaner-Label-192x192.jpg 192w, https:\/\/thermostar-southeasteurope.com\/wp-content\/uploads\/2024\/05\/MolecularCleaner-Label-270x270.jpg 270w, https:\/\/thermostar-southeasteurope.com\/wp-content\/uploads\/2024\/05\/MolecularCleaner-Label-512x512.jpg 512w, https:\/\/thermostar-southeasteurope.com\/wp-content\/uploads\/2024\/05\/MolecularCleaner-Label-100x100.jpg 100w, https:\/\/thermostar-southeasteurope.com\/wp-content\/uploads\/2024\/05\/MolecularCleaner-Label-200x200.jpg 200w, https:\/\/thermostar-southeasteurope.com\/wp-content\/uploads\/2024\/05\/MolecularCleaner-Label-250x250.jpg 250w, https:\/\/thermostar-southeasteurope.com\/wp-content\/uploads\/2024\/05\/MolecularCleaner-Label-300x300.jpg 300w, https:\/\/thermostar-southeasteurope.com\/wp-content\/uploads\/2024\/05\/MolecularCleaner-Label-350x350.jpg 350w, https:\/\/thermostar-southeasteurope.com\/wp-content\/uploads\/2024\/05\/MolecularCleaner-Label-900x900.jpg 900w, https:\/\/thermostar-southeasteurope.com\/wp-content\/uploads\/2024\/05\/MolecularCleaner-Label-699x699.jpg 699w, https:\/\/thermostar-southeasteurope.com\/wp-content\/uploads\/2024\/05\/MolecularCleaner-Label-640x640.jpg 640w, https:\/\/thermostar-southeasteurope.com\/wp-content\/uploads\/2024\/05\/MolecularCleaner-Label-480x480.jpg 480w, https:\/\/thermostar-southeasteurope.com\/wp-content\/uploads\/2024\/05\/MolecularCleaner-Label-960x960.jpg 960w, https:\/\/thermostar-southeasteurope.com\/wp-content\/uploads\/2024\/05\/MolecularCleaner-Label-380x380.jpg 380w, https:\/\/thermostar-southeasteurope.com\/wp-content\/uploads\/2024\/05\/MolecularCleaner-Label-780x780.jpg 780w, https:\/\/thermostar-southeasteurope.com\/wp-content\/uploads\/2024\/05\/MolecularCleaner-Label-320x320.jpg 320w, https:\/\/thermostar-southeasteurope.com\/wp-content\/uploads\/2024\/05\/MolecularCleaner-Label-280x280.jpg 280w, https:\/\/thermostar-southeasteurope.com\/wp-content\/uploads\/2024\/05\/MolecularCleaner-Label-560x560.jpg 560w, https:\/\/thermostar-southeasteurope.com\/wp-content\/uploads\/2024\/05\/MolecularCleaner-Label-240x240.jpg 240w, https:\/\/thermostar-southeasteurope.com\/wp-content\/uploads\/2024\/05\/MolecularCleaner-Label-940x940.jpg 940w, https:\/\/thermostar-southeasteurope.com\/wp-content\/uploads\/2024\/05\/MolecularCleaner-Label-360x360.jpg 360w, https:\/\/thermostar-southeasteurope.com\/wp-content\/uploads\/2024\/05\/MolecularCleaner-Label-700x700.jpg 700w, https:\/\/thermostar-southeasteurope.com\/wp-content\/uploads\/2024\/05\/MolecularCleaner-Label-600x600.jpg 600w, https:\/\/thermostar-southeasteurope.com\/wp-content\/uploads\/2024\/05\/MolecularCleaner-Label-460x460.jpg 460w, https:\/\/thermostar-southeasteurope.com\/wp-content\/uploads\/2024\/05\/MolecularCleaner-Label-466x466.jpg 466w, https:\/\/thermostar-southeasteurope.com\/wp-content\/uploads\/2024\/05\/MolecularCleaner-Label-932x932.jpg 932w, https:\/\/thermostar-southeasteurope.com\/wp-content\/uploads\/2024\/05\/MolecularCleaner-Label-500x500.jpg 500w, https:\/\/thermostar-southeasteurope.com\/wp-content\/uploads\/2024\/05\/MolecularCleaner-Label-412x412.jpg 412w\" sizes=\"auto, (max-width: 400px) 100vw, 400px\" data-fancybox-title=\"MolecularCleaner Label\" data-fancybox-alt=\"Molecular Cleaner dissolves protein, fat and oil in the kitchen with the power of enzymes\" data-fancybox-caption=\"\" \/><\/a><\/p>\n<\/p><\/div>\n<div class=\"acf-fc-column acf-fc-column-1\">\n<h3 class=\"h2\" style=\"text-align: center;\">Brez bakterij, vendar na pravi na\u010din \u2013<br \/>\nz HB Solution!<\/h3>\n<\/p><\/div>\n<div class=\"acf-fc-column acf-fc-column-1\">\n<p style=\"text-align: center;\">Zlasti v gospodinjstvu ni potrebno \u2013 ali celo kontraproduktivno \u2013 uporabljati kemi\u010dnih sredstev za boj proti vsem vrstam bakterij, virusov ali drugih mikroorganizmov. Prekomerno \u010di\u0161\u010denje s strupenimi \u010distili pogosto vodi do resnih zdravstvenih te\u017eav, na primer v dihalih ali na ko\u017ei. Poleg tega se razvijejo razli\u010dne alergije, zlasti pri otrocih, in nenazadnje lahko neprevidna uporaba kemikalij celo vodi do razvoja ve\u010dkratno odpornih mikroorganizmov, ki lahko trajno \u0161kodujejo va\u0161emu zdravju.<\/p>\n<p style=\"text-align: center;\">Kaj lahko torej storimo, da bo na\u0161 dom higiensko \u010dist? Za ob\u010dutljive povr\u0161ine, kot so vzmetnice, kuhinja ali strani\u0161\u010da, ali ko va\u0161 dom prizadene letna sezona gripe, priporo\u010damo na\u0161o sistemsko dezinfekcijo: najprej temeljito o\u010distite pore z mikro suho paro. Bolj temeljito kot odstranite umazanijo s povr\u0161ine, bolj u\u010dinkovita bo dezinfekcija. Zahvaljujo\u010d edinstvenim lastnostim HB Solution in posebnemu sistemu vro\u010de atomizacije v HS Blasterju je me\u0161anica natan\u010dno odmerjena, tako da se ohrani polni dezinfekcijski u\u010dinek, hkrati pa je para optimalno atomizirana in razpr\u0161ena. Na\u010din delovanja HB Solution, in sicer z imitacijo protimikrobnih procesov v \u010dlove\u0161kih celicah, zagotavlja, da je to razku\u017eilo popolnoma varno za ljudi in \u017eivali, hkrati pa zanesljivo uni\u010di bakterije in viruse ter prepre\u010di, da bi razvili odpornost.<\/p>\n<\/p><\/div>\n<div class=\"acf-fc-column acf-fc-column-1\">\n<div class=\"video-container\"><iframe loading=\"lazy\" title=\"HB Solution - safe and natural disinfection with Thermostar\" width=\"1398\" height=\"786\" src=\"https:\/\/www.youtube.com\/embed\/lwNXaqNGLo0?feature=oembed&amp;rel=0&amp;showinfo=0\" frameborder=\"0\" allow=\"accelerometer; autoplay; clipboard-write; encrypted-media; gyroscope; picture-in-picture; web-share\" referrerpolicy=\"strict-origin-when-cross-origin\" allowfullscreen><\/iframe><\/div>\n<\/p><\/div>\n<div class=\"acf-fc-row acf-fc-downloadbox acf-fc-row-extra-narrow-width acf-fc-row-style-nobg normal-gap-before downloadbox-columns-2\">\n<div class=\"acf-fc-columns acf-fc-columns-1\">\n<div class=\"acf-fc-column acf-fc-column-1\">\n<h3 class=\"title\">Downloads<\/h3>\n<ul class=\"columns-2\">\n<li>\n\t<a class=\"nopopupicon nolightbox\" rel=\"nofollow\" href=\"https:\/\/thermostar-southeasteurope.com\/wp-content\/uploads\/2025\/09\/PS_HB_Solution_SL.pdf\" target=\"_blank\" title=\"Download product sheet HB Solution\"><\/p>\n<div class=\"container\">\n\t\t\t<i class=\"icon custom-icon custom-icon-file-pdf\"><\/i><\/p>\n<div class=\"details\">\n<div class=\"title\">product sheet HB Solution<\/div>\n<div class=\"description\"><\/div>\n<div class=\"size\">PDF, 3 MB<\/div>\n<\/p><\/div>\n<\/p><\/div>\n<p>\t<\/a>\n<\/li>\n<li>\n\t<a class=\"nopopupicon nolightbox\" rel=\"nofollow\" href=\"https:\/\/thermostar-southeasteurope.com\/wp-content\/uploads\/2023\/11\/PS_ProSeal_EN.pdf\" target=\"_blank\" title=\"Download product sheet PROSeal\"><\/p>\n<div class=\"container\">\n\t\t\t<i class=\"icon custom-icon custom-icon-file-pdf\"><\/i><\/p>\n<div class=\"details\">\n<div class=\"title\">product sheet PROSeal<\/div>\n<div class=\"description\"><\/div>\n<div class=\"size\">PDF, 2 MB<\/div>\n<\/p><\/div>\n<\/p><\/div>\n<p>\t<\/a>\n<\/li>\n<li>\n\t<a class=\"nopopupicon nolightbox\" rel=\"nofollow\" href=\"https:\/\/thermostar-southeasteurope.com\/wp-content\/uploads\/2023\/07\/PS_Wipe_Clean_EN.pdf\" target=\"_blank\" title=\"Download product sheet Wipe&#038;Clean\"><\/p>\n<div class=\"container\">\n\t\t\t<i class=\"icon custom-icon custom-icon-file-pdf\"><\/i><\/p>\n<div class=\"details\">\n<div class=\"title\">product sheet Wipe&amp;Clean<\/div>\n<div class=\"description\"><\/div>\n<div class=\"size\">PDF, 3 MB<\/div>\n<\/p><\/div>\n<\/p><\/div>\n<p>\t<\/a>\n<\/li>\n<li>\n\t<a class=\"nopopupicon nolightbox\" rel=\"nofollow\" href=\"https:\/\/thermostar-southeasteurope.com\/wp-content\/uploads\/2025\/09\/PS_MolecularCleaner_SLO.pdf\" target=\"_blank\" title=\"Download product sheet Molecular Cleaner\"><\/p>\n<div class=\"container\">\n\t\t\t<i class=\"icon custom-icon custom-icon-file-pdf\"><\/i><\/p>\n<div class=\"details\">\n<div class=\"title\">product sheet Molecular Cleaner<\/div>\n<div class=\"description\"><\/div>\n<div class=\"size\">PDF, 2 MB<\/div>\n<\/p><\/div>\n<\/p><\/div>\n<p>\t<\/a>\n<\/li>\n<\/ul><\/div>\n<\/p><\/div>\n<\/div>\n","protected":false},"excerpt":{"rendered":"<p>Novosti iz na\u0161e ponudbe Na\u0161e poslanstvo je stalno izbolj\u0161evanje. Zato smo nenehno v iskanju popolnih dodatkov za zeleno \u010di\u0161\u010denje s \u010distilnikom Thermostar. Zavezani smo k vrhunski kakovosti, natan\u010dni izdelavi in trajnostnim re\u0161itvam. V na\u0161i ponudbi najdejo mesto samo vrhunske inovacije brez kemi\u010dnih dodatkov. Odkrijte novosti, ki bodo va\u0161e \u010di\u0161\u010denje s \u010distilnikom Thermostar popeljale na vi\u0161jo [&hellip;]<\/p>\n","protected":false},"author":6,"featured_media":0,"parent":0,"menu_order":0,"comment_status":"closed","ping_status":"closed","template":"","meta":{"_acf_changed":false,"footnotes":""},"class_list":["post-4297","page","type-page","status-publish","hentry"],"acf":[],"_links":{"self":[{"href":"https:\/\/thermostar-southeasteurope.com\/sl\/wp-json\/wp\/v2\/pages\/4297","targetHints":{"allow":["GET"]}}],"collection":[{"href":"https:\/\/thermostar-southeasteurope.com\/sl\/wp-json\/wp\/v2\/pages"}],"about":[{"href":"https:\/\/thermostar-southeasteurope.com\/sl\/wp-json\/wp\/v2\/types\/page"}],"author":[{"embeddable":true,"href":"https:\/\/thermostar-southeasteurope.com\/sl\/wp-json\/wp\/v2\/users\/6"}],"replies":[{"embeddable":true,"href":"https:\/\/thermostar-southeasteurope.com\/sl\/wp-json\/wp\/v2\/comments?post=4297"}],"version-history":[{"count":5,"href":"https:\/\/thermostar-southeasteurope.com\/sl\/wp-json\/wp\/v2\/pages\/4297\/revisions"}],"predecessor-version":[{"id":5735,"href":"https:\/\/thermostar-southeasteurope.com\/sl\/wp-json\/wp\/v2\/pages\/4297\/revisions\/5735"}],"wp:attachment":[{"href":"https:\/\/thermostar-southeasteurope.com\/sl\/wp-json\/wp\/v2\/media?parent=4297"}],"curies":[{"name":"wp","href":"https:\/\/api.w.org\/{rel}","templated":true}]}}