{"id":5598,"date":"2019-11-25T18:16:37","date_gmt":"2019-11-25T17:16:37","guid":{"rendered":"https:\/\/thermostar-southeasteurope.com\/privacy-policy\/"},"modified":"2025-11-03T15:22:40","modified_gmt":"2025-11-03T14:22:40","slug":"declaratie-de-confidentialitate","status":"publish","type":"page","link":"https:\/\/thermostar-southeasteurope.com\/ro\/declaratie-de-confidentialitate\/","title":{"rendered":"Declara\u021bie de confiden\u021bialitate"},"content":{"rendered":"<div class=\"acf-fc-column acf-fc-column-1\">\n<p><!-- https:\/\/dse-generator.pixelpoint.at\/?dseversion=7&main_title=&introduction=&contact-full=%3Cp%3EThermostar+Handels-GmbH%3Cbr%3EAuen-Sueduferstrasse+67%3Cbr%3E9220+Velden%3Cbr%3EAustria%3C%2Fp%3E&dpofficer=none&topic-10=1&topic-25=1&topic-30=1&topic-50=1&topic-50-90=1&topic-50-580=1&topic-50-160=1&topic-60=1&topic-70=1&topic-80=1&topic-90=1&topic-100=1&topic-110=1&topic-110-10=1&topic-110-20=1&topic-110-30=1&language=ro&dsb-contact=&heading_level_start=1&heading_numbering=&heading_anchor=tag&submit=DSE+jetzt+generieren%21 --><\/p>\n<h1><a name=\"pp-data-policy-topic-00\"><\/a>Declara\u021bie de confiden\u021bialitate<\/h1>\n<p>Aceast\u0103 notificare descrie modul \u00een care sunt prelucrate datele dvs. cu caracter personal \u00een leg\u0103tur\u0103 cu acest site web.<\/p>\n<p><a href=\"#pp-data-policy-topic-25\">Set\u0103ri cookie\/confiden\u021bialitate (revocarea consim\u021b\u0103m\u00e2ntului)<\/a><\/p>\n<h2><a name=\"pp-data-policy-topic-00-contact\"><\/a>1. Responsabil pentru prelucrarea datelor cu caracter personal<\/h2>\n<p>Thermostar Handels-GmbH<br \/>Auen-Sueduferstrasse 67<br \/>9220 Velden<br \/>Austria<\/p>\n<p>(Denumit \u00een continuare &#8222;noi&#8220; sau &#8222;nou\u0103&#8220; \u00een declara\u021bia de confiden\u021bialitate.)<\/p>\n<h2><a name=\"pp-data-policy-topic-10\"><\/a>2. Ce date prelucr\u0103m despre dumneavoastr\u0103<\/h2>\n<p>\n\t\u00cen timpul vizitei dumneavoastr\u0103 pe acest site web, vom colecta urm\u0103toarele informa\u021bii: data \u0219i ora acces\u0103rii unei pagini de pe site-ul nostru web, adresa dumneavoastr\u0103 IP, numele \u0219i versiunea browserului dvs. web, site-ul web (URL) pe care l-a\u021bi vizitat \u00eenainte de a accesa acest site web, anumite cookie-uri (a se vedea punctele urm\u0103toare) \u0219i datele cu caracter personal pe care le furniza\u021bi dvs. complet\u00e2nd formularul de contact (de exemplu, numele \u0219i adresa de e-mail) sau con\u021binutul mesajului dvs.\n<\/p>\n<h2><a name=\"pp-data-policy-topic-25\"><\/a>3. Cookie-uri \u0219i servicii externe<\/h2>\n<p>\n\tSite-ul nostru utilizeaz\u0103 cookie-uri. Cookie-urile sunt fi\u0219iere de date care sunt stocate \u00een browserul dvs. de c\u0103tre site-ul web sau server atunci c\u00e2nd vizita\u021bi site-ul \u0219i sunt trimise serverului la fiecare acces la site. Cookie-urile permit stocarea datelor (de exemplu, set\u0103rile de limb\u0103, con\u021binutul co\u0219ului de cump\u0103r\u0103turi, starea de autentificare sau \u00eenregistrare etc.) \u00eentre vizite pe pagin\u0103 sau vizite repetate \u00een browser. Adic\u0103, browserul \u00ee\u0219i aminte\u0219te set\u0103rile de la ultima vizit\u0103 sau acces la site. Cookie-urile pot fi, de asemenea, utilizate pentru a identifica \u00een mod unic browserul dvs. Acest lucru poate fi folosit, printre altele, pentru a verifica autorizarea dvs. (starea de autentificare sau \u00eenregistrare).<br \/>\n\tLa prima accesare a site-ului nostru, nu sunt activate servicii sau cookie-uri care nu sunt strict necesare pentru func\u021bionarea site-ului (esen\u021biale).\n<\/p>\n<h3><a name=\"pp-data-policy-categories\"><\/a>3.1 Categorii de confiden\u021bialitate<\/h3>\n<h4><a name=\"pp-data-policy-category-essential\"><\/a>3.1.1 Esential<\/h4>\n<p>\n\tFolosim cookie-uri \u0219i servicii externe necesare, numite esen\u021biale, pentru func\u021bionarea site-ului \u0219i a func\u021biilor acestuia. Aceste cookie-uri \u0219i servicii nu pot fi refuzate. Acestea pot include urm\u0103toarele func\u021bii: co\u0219ul de cump\u0103r\u0103turi al unui magazin online, cookie pentru verificarea st\u0103rii de autentificare \u0219i alte cookie-uri \u0219i servicii externe similare. Aceste cookie-uri nu sunt utilizate pentru urm\u0103rirea vizitatorilor. Majoritatea acestor cookie-uri sunt \u0219terse automat dup\u0103 \u00eenchiderea browserului (cookie-uri de sesiune). Prelucrarea datelor dvs. cu caracter personal \u00een acest context se bazeaz\u0103 pe interesul nostru legitim conform Art. 6 alin. 1 lit. f GDPR; printre altele, pentru asigurarea func\u021bionalit\u0103\u021bii site-ului nostru. Prelucrarea datelor cu caracter personal \u00een acest context nu este nici contractual\u0103, nici legal obligatorie. F\u0103r\u0103 prelucrarea datelor cu caracter personal, serviciul nostru \u0219i func\u021bionalitatea site-ului nu pot fi garantate.<br \/>\n\tInforma\u021bii suplimentare despre dreptul dvs. de opozi\u021bie conform Art. 21 GDPR g\u0103si\u021bi la <a href=\"#pp-data-policy-topic-100\">Drepturile dvs. ca persoan\u0103 vizat\u0103<\/a>.\n<\/p>\n<p>Servicii externe din categoria &#8222;Esential&#8220;:<br \/><a href=\"#pp-data-policy-topic-50-580\">Statistici de acces Matomo<\/a><\/p>\n<h4><a name=\"pp-data-policy-category-media\"><\/a>3.1.2 Media externe<\/h4>\n<p>\n\t\u00cen plus, folosim servicii externe \u0219i cookie-uri pentru a prezenta mai bine con\u021binutul site-ului nostru. Aceasta include, de exemplu, servicii pentru afi\u0219area \u0219i integrarea imaginilor, videoclipurilor, \u00eenregistr\u0103rilor audio, h\u0103r\u021bilor \u0219i altor con\u021binuturi provenite de la servicii externe. Dac\u0103 este necesar consim\u021b\u0103m\u00e2ntul pentru utilizarea unuia dintre aceste servicii externe (de exemplu, servicii din \u021b\u0103ri care nu respect\u0103 protec\u021bia datelor europene; de ex. servicii din SUA), vi se va cere \u00een mod explicit consim\u021b\u0103m\u00e2ntul (conform Art. 6 alin. 1 lit. a GDPR) la politica de confiden\u021bialitate a serviciului respectiv \u00eenainte de utilizare.<br \/>\n\tPute\u021bi retrage consim\u021b\u0103m\u00e2ntul dvs. \u00een orice moment la <a href=\"#pp-data-policy-revocation\">Retragerea consim\u021b\u0103m\u00e2ntului<\/a>.\n<\/p>\n<p>Servicii externe din categoria &#8222;Media externe&#8220;:<br \/><a href=\"#pp-data-policy-topic-50-90\">Mapbox<\/a>, <a href=\"#pp-data-policy-topic-50-160\">YouTube<\/a><\/p>\n<h3><a name=\"pp-data-policy-revocation\"><\/a>3.2 Retragerea consim\u021b\u0103m\u00e2ntului<\/h3>\n<p>\n\tAici ave\u021bi posibilitatea de a retrage consim\u021b\u0103m\u00e2ntul acordat anterior:<br \/>\n\t[pp-content-blocker show-all-revocation-links]\n<\/p>\n<h2><a name=\"pp-data-policy-topic-30\"><\/a>4. Contact<\/h2>\n<p>\n\tDac\u0103 ne contacta\u021bi prin formularul de contact de pe acest site, func\u021bia de comentarii a site-ului, prin e-mail sau telefon, sunte\u021bi de acord cu transmiterea datelor dvs. personale men\u021bionate la <a href=\"#pp-data-policy-topic-10\">Ce date prelucr\u0103m despre dumneavoastr\u0103<\/a> \u0219i cu contactarea dvs. de c\u0103tre noi prin e-mail sau telefon. Datele dvs. vor fi utilizate exclusiv pentru contact \u0219i nu vor fi divulgate de c\u0103tre noi.\n<\/p>\n<h2><a name=\"pp-data-policy-topic-50\"><\/a>5. Instrumente \u0219i servicii externe utilizate<\/h2>\n<h3><a name=\"pp-data-policy-topic-50-90\"><\/a>5.1. Mapbox<\/h3>\n<p>\n\tAcest site utilizeaz\u0103 Mapbox pentru afi\u0219area h\u0103r\u021bilor interactive, un serviciu oferit de Mapbox Inc. (1714 14th Street NW Washington, DC 20009-4309 Statele Unite). Prin accesarea acestui site, informa\u021bii despre utilizarea site-ului, inclusiv adresa IP, identificarea dispozitivului \u0219i a browserului, sunt transmise c\u0103tre Mapbox Inc. \u00een SUA. Prin conexiunea direct\u0103 a browserului dvs. cu Mapbox, con\u021binutul h\u0103r\u021bilor de la Mapbox este transmis direct browserului dvs. \u0219i integrat \u00een site-ul web de acolo. Prin urmare, nu avem nicio influen\u021b\u0103 asupra datelor colectate \u00een acest mod.\n<\/p>\n<\/p>\n<p>\n\tInforma\u021bii suplimentare despre colectarea \u0219i prelucrarea datelor dvs. de c\u0103tre Mapbox pot fi g\u0103site aici: <a href=\"https:\/\/www.mapbox.com\/privacy\/\" rel=\"noopener noreferrer nofollow\" target=\"_blank\">https:\/\/www.mapbox.com\/privacy\/<\/a>.\n<\/p>\n<h3><a name=\"pp-data-policy-topic-50-580\"><\/a>5.2. Statistici de acces Matomo<\/h3>\n<p>\n\tFolosim Matomo pentru a m\u0103sura acoperirea \u0219i performan\u021ba site-ului nostru. Matomo este un instrument de analiz\u0103 web \u0219i este operat pe serverele noastre proprii.<br \/>\n\tMatomo este utilizat la noi \u00een varianta de logfile tracking. Aceasta \u00eenseamn\u0103 c\u0103 nu se folosesc cookie-uri \u0219i nici cod suplimentar (de ex., JavaScript) pentru colectarea datelor \u0219i generarea statisticilor. Tracking-ul se bazeaz\u0103 pe fi\u0219ierele jurnal necesare pentru func\u021bionarea serverului (data, ora \u0219i URL-ul paginii accesate, precum \u0219i adresa IP \u0219i identificarea browserului vizitatorului). Adresele IP sunt anonimizate (IP masking) \u0219i agregate \u00een profile de utilizatori anonime. Prin urmare, nu este posibil\u0103 asocierea datelor cu utilizatori individuali.<br \/>\n\tDatele sunt folosite pentru a analiza utilizarea site-ului. Datele colectate nu sunt distribuite ter\u021bilor.\n<\/p>\n<h3><a name=\"pp-data-policy-topic-50-160\"><\/a>5.3. YouTube<\/h3>\n<p>\n\tLa vizitarea site-ului nostru, pute\u021bi viziona videoclipuri \u00eencorporate de YouTube (un produs al Google Ireland Limited, Gordon House, Barrow Street, Dublin 4, Irlanda).<br \/>\n\tPentru a afi\u0219a videoclipurile YouTube, adresa dvs. IP, precum \u0219i identificarea dispozitivului \u0219i a browserului sunt colectate de Google, care pot fi transferate c\u0103tre serverele Google LLC, 1600 Amphitheatre Parkway, Mountain View, CA 94043 \u00een SUA \u0219i stocate acolo. \u00cen plus, Google poate colecta date despre utilizarea YouTube de c\u0103tre dvs.\n<\/p>\n<\/p>\n<p>\n\tV\u0103 rug\u0103m s\u0103 citi\u021bi cu aten\u021bie politica de confiden\u021bialitate a Google \u00eenainte de a folosi YouTube. Politica de confiden\u021bialitate \u0219i termenii de utilizare sunt disponibili la:<br \/>\n\t<a href=\"https:\/\/policies.google.com\/privacy?hl=ro\" rel=\"noopener noreferrer nofollow\" target=\"_blank\">https:\/\/policies.google.com\/privacy?hl=ro<\/a>.\n<\/p>\n<h2><a name=\"pp-data-policy-topic-60\"><\/a>6. Scopurile prelucr\u0103rii datelor<\/h2>\n<p>Vom prelucra datele dvs. personale \u00een urm\u0103toarele scopuri:<\/p>\n<ul>\n<li>pentru a v\u0103 oferi acest site \u0219i pentru a-l \u00eembun\u0103t\u0103\u021bi \u0219i dezvolta \u00een continuare;<\/li>\n<li>pentru a genera statistici de utilizare;<\/li>\n<li>pentru a detecta, preveni \u0219i investiga atacurile asupra site-ului nostru;<\/li>\n<li>pentru a r\u0103spunde solicit\u0103rilor dvs. \u0219i\/sau pentru a efectua m\u0103suri precontractuale;<\/li>\n<li>pentru a \u00eembun\u0103t\u0103\u021bi suportul tehnic pentru utilizatori;<\/li>\n<li>pentru a crea statistici de acces la site u\u0219or de utilizat \u00eentr-un mod eficient din punct de vedere al costurilor;<\/li>\n<li>pentru a promova mai bine serviciile sau produsele noastre;<\/li>\n<li>pentru a putea primi cereri de angajare.<\/li>\n<\/ul>\n<h2><a name=\"pp-data-policy-topic-70\"><\/a>7. Baza legal\u0103 a prelucr\u0103rii<\/h2>\n<p>\n\tPrelucrarea datelor dvs. personale (vezi punctul <a href=\"#pp-data-policy-topic-10\">Ce date prelucr\u0103m despre dumneavoastr\u0103<\/a>) se bazeaz\u0103 exclusiv pe baza legal\u0103\n<\/p>\n<ul>\n<li>\n\t\t\u00eendeplinirii contractului cu dvs. \u0219i\/sau pentru punerea \u00een aplicare a m\u0103surilor precontractuale (Art 6 alin. 1 lit. b GDPR);<br \/>\n\t\t\u0219i\/sau\n\t<\/li>\n<li>\n\t\tinteresului nostru legitim predominant de a atinge scopurile men\u021bionate la punctul <a href=\"#pp-data-policy-topic-60\">Scopurile prelucr\u0103rii datelor<\/a> (Art 6 alin. 1 lit. f GDPR).\n\t<\/li>\n<\/ul>\n<h2><a name=\"pp-data-policy-topic-80\"><\/a>8. Transmiterea datelor dvs. personale<\/h2>\n<p>\n\t\t\u00cen scopurile men\u021bionate mai sus, putem transmite datele dvs. personale, \u00een unele cazuri suplimentar \u00een func\u021bie de consim\u021b\u0103m\u00e2ntul dvs., urm\u0103torilor destinatari:\n\t<\/p>\n<ul>\n<li>c\u0103tre serviciile enumerate la <a href=\"#pp-data-policy-topic-50\">Instrumente \u0219i servicii externe utilizate<\/a><\/li>\n<\/ul>\n<p>\n\tColabor\u0103m cu furnizori de servicii selecta\u021bi care efectueaz\u0103 anumite prelucr\u0103ri de date \u00een numele nostru (de exemplu, furnizori de hosting \u0219i al\u021bi furnizori de servicii IT pe care \u00eei folosim). Acest lucru se face \u00eentotdeauna \u00een conformitate cu reglement\u0103rile aplicabile privind protec\u021bia datelor, \u00een special cu Regulamentul general privind protec\u021bia datelor al UE (GDPR). Am \u00eencheiat acorduri corespunz\u0103toare de prelucrare a datelor (DPA-uri) cu ace\u0219ti parteneri pentru a asigura protec\u021bia datelor dvs. personale.\n<\/p>\n<h2><a name=\"pp-data-policy-topic-90\"><\/a>9. Durata stoc\u0103rii<\/h2>\n<p>\n\tVom stoca datele dvs., care sunt prelucrate de noi \u00een timpul vizitei pe acest site web, \u00een general pentru o perioad\u0103 de trei luni. O stocare mai \u00eendelungat\u0103 va avea loc doar dac\u0103 este necesar pentru a investiga atacurile detectate asupra site-ului nostru.\n<\/p>\n<p>\n\tDac\u0103 ne-a\u021bi transmis datele dvs. personale prin completarea formularelor sau alte tehnici pe site-ul nostru, le vom stoca at\u00e2t timp c\u00e2t este necesar pentru a solu\u021biona solicitarea dvs. \u0219i c\u00e2t timp este cerut de termenele legale de p\u0103strare \u0219i\/sau prescrip\u021bie.\n<\/p>\n<h2><a name=\"pp-data-policy-topic-100\"><\/a>10. Drepturile dvs. ca persoan\u0103 vizat\u0103<\/h2>\n<p>\n\tCa persoan\u0103 vizat\u0103 de prelucrarea datelor personale, ave\u021bi dreptul la acces, rectificare, \u0219tergere \u0219i restric\u021bionarea prelucr\u0103rii. Acest drept se aplic\u0103 \u0219i \u00een cazul dreptului la portabilitatea datelor, cu condi\u021bia ca prelucrarea s\u0103 se bazeze pe un contract sau consim\u021b\u0103m\u00e2nt.<br \/>\n\tDac\u0103 prelucrarea datelor dvs. personale are loc pe baza Art. 6 alin. 1 lit. e GDPR (prelucrarea datelor \u00een interes public), Art. 6 alin. 1 lit. f GDPR (prelucrarea pe baza intereselor legitime) sau \u00een contextul unui profil\u0103ri conform Art. 4 nr. 4 GDPR, ave\u021bi de asemenea dreptul de a v\u0103 opune. Acest drept se aplic\u0103 \u0219i \u00een cazul prelucr\u0103rii datelor \u00een scopuri de marketing direct.<br \/>\n\tDac\u0103 a\u021bi acordat consim\u021b\u0103m\u00e2ntul dvs., ave\u021bi de asemenea dreptul de a-l retrage \u00een orice moment pentru viitor.\n<\/p>\n<p>\n\tDac\u0103 considera\u021bi c\u0103 prelucrarea datelor dvs. personale nu se efectueaz\u0103 \u00een mod legal, pute\u021bi contacta orice autoritate de protec\u021bie a datelor. Autoritatea de supraveghere responsabil\u0103 pentru noi conform Art. 55 GDPR este:\n<\/p>\n<p>\u00d6sterreichische Datenschutzbeh\u00f6rde (<a href=\"https:\/\/www.dsb.gv.at\/\" rel=\"noopener noreferrer nofollow\" target=\"_blank\">https:\/\/www.dsb.gv.at\/<\/a>), Barichgasse 40-42, 1030 Wien, <a href=\"mailto:dsb@dsb.gv.at\">dsb@dsb.gv.at<\/a><\/p>\n<p>\n\tDac\u0103 ave\u021bi \u00eentreb\u0103ri legate de aceast\u0103 politic\u0103 de confiden\u021bialitate sau dori\u021bi s\u0103 v\u0103 exercita\u021bi drepturile enumerate aici, v\u0103 rug\u0103m s\u0103 contacta\u021bi adresa men\u021bionat\u0103 la <a href=\"#pp-data-policy-topic-00-contact\">Responsabil pentru prelucrarea datelor cu caracter personal<\/a>.\n<\/p>\n<h2><a name=\"pp-data-policy-topic-110\"><\/a>11. Declinare a responsabilit\u0103\u021bii<\/h2>\n<p>\n\tAcest avertisment trebuie considerat ca parte a ofertei de pe internet din care a fost f\u0103cut\u0103 referire la acest site. \u00cen cazul \u00een care p\u0103r\u021bi sau formul\u0103ri individuale ale acestui text nu respect\u0103, nu mai respect\u0103 sau nu respect\u0103 pe deplin legisla\u021bia aplicabil\u0103, celelalte p\u0103r\u021bi ale documentului r\u0103m\u00e2n neafectate \u00een con\u021binutul \u0219i valabilitatea lor.\n<\/p>\n<h3><a name=\"pp-data-policy-topic-110-10\"><\/a>11.1. R\u0103spunderea pentru con\u021binutul acestui site web<\/h3>\n<p>\n\tCon\u021binutul acestui site web a fost creat cu cea mai mare aten\u021bie. Cu toate acestea, nu garant\u0103m exactitatea, completitudinea sau actualitatea con\u021binutului. Ca furnizor de servicii, suntem responsabili pentru con\u021binutul propriu de pe aceste pagini conform legilor generale. Totu\u0219i, nu suntem obliga\u021bi s\u0103 monitoriz\u0103m informa\u021biile transmise sau stocate de ter\u021bi sau s\u0103 investig\u0103m circumstan\u021be care ar putea indica o activitate ilegal\u0103. Obliga\u021biile de a elimina sau bloca utilizarea informa\u021biilor conform legilor generale r\u0103m\u00e2n neafectate. R\u0103spunderea \u00een aceast\u0103 privin\u021b\u0103 este posibil\u0103 numai de la momentul \u00een care lu\u0103m cuno\u0219tin\u021b\u0103 de o \u00eenc\u0103lcare concret\u0103 a legii. Odat\u0103 ce lu\u0103m cuno\u0219tin\u021b\u0103 de astfel de \u00eenc\u0103lc\u0103ri, vom elimina imediat con\u021binutul.\n<\/p>\n<h3><a name=\"pp-data-policy-topic-110-20\"><\/a>11.2. R\u0103spunderea pentru link-uri c\u0103tre site-uri ter\u021be<\/h3>\n<p>\n\tOferta noastr\u0103 con\u021bine link-uri c\u0103tre site-uri externe. Nu avem nicio influen\u021b\u0103 asupra con\u021binutului acestor site-uri externe. Prin urmare, nu putem r\u0103spunde pentru aceste con\u021binuturi ale ter\u021bilor. Pentru con\u021binutul paginilor link-uite este \u00eentotdeauna responsabil furnizorul sau operatorul respectiv al paginilor. Paginile link-uite au fost verificate la momentul link-ului pentru posibile \u00eenc\u0103lc\u0103ri legale. Con\u021binutul ilegal nu era vizibil la momentul link-ului. Totu\u0219i, o monitorizare permanent\u0103 a con\u021binutului paginilor link-uite nu este rezonabil\u0103 f\u0103r\u0103 indicii concrete ale unei \u00eenc\u0103lc\u0103ri legale. La aflarea unor \u00eenc\u0103lc\u0103ri legale, vom elimina imediat astfel de link-uri.\n<\/p>\n<h3><a name=\"pp-data-policy-topic-110-30\"><\/a>11.3. Drept de autor<\/h3>\n<p>\n\tOperatorii acestui site web se str\u0103duiesc s\u0103 respecte \u00eentotdeauna drepturile de autor ale altora \u0219i s\u0103 utilizeze lucr\u0103ri proprii sau f\u0103r\u0103 licen\u021b\u0103. Con\u021binutul \u0219i lucr\u0103rile create de operatorii site-ului pe acest site sunt protejate prin drepturi de autor. Contribu\u021biile ter\u021bilor sunt marcate ca atare. Reproducerea, editarea, distribuirea \u0219i orice form\u0103 de valorificare \u00een afara limitelor drepturilor de autor necesit\u0103 consim\u021b\u0103m\u00e2ntul scris al autorului sau creatorului respectiv. Desc\u0103rc\u0103rile \u0219i copiile acestui site sunt permise doar pentru uz privat, necomercial.<\/p>\n<\/p><\/div>\n<div class=\"acf-fc-column acf-fc-column-1\">\n<p><a href=\"https:\/\/thermostar-southeasteurope.com\/ro\/contact\/\">La impresum<\/a><\/p>\n<\/p><\/div>\n","protected":false},"excerpt":{"rendered":"<p>Declara\u021bie de confiden\u021bialitate Aceast\u0103 notificare descrie modul \u00een care sunt prelucrate datele dvs. cu caracter personal \u00een leg\u0103tur\u0103 cu acest site web. Set\u0103ri cookie\/confiden\u021bialitate (revocarea consim\u021b\u0103m\u00e2ntului) 1. Responsabil pentru prelucrarea datelor cu caracter personal Thermostar Handels-GmbHAuen-Sueduferstrasse 679220 VeldenAustria (Denumit \u00een continuare &#8222;noi&#8220; sau &#8222;nou\u0103&#8220; \u00een declara\u021bia de confiden\u021bialitate.) 2. Ce date prelucr\u0103m despre dumneavoastr\u0103 \u00cen [&hellip;]<\/p>\n","protected":false},"author":1,"featured_media":0,"parent":0,"menu_order":0,"comment_status":"closed","ping_status":"closed","template":"","meta":{"_acf_changed":false,"footnotes":""},"class_list":["post-5598","page","type-page","status-publish","hentry"],"acf":[],"_links":{"self":[{"href":"https:\/\/thermostar-southeasteurope.com\/ro\/wp-json\/wp\/v2\/pages\/5598","targetHints":{"allow":["GET"]}}],"collection":[{"href":"https:\/\/thermostar-southeasteurope.com\/ro\/wp-json\/wp\/v2\/pages"}],"about":[{"href":"https:\/\/thermostar-southeasteurope.com\/ro\/wp-json\/wp\/v2\/types\/page"}],"author":[{"embeddable":true,"href":"https:\/\/thermostar-southeasteurope.com\/ro\/wp-json\/wp\/v2\/users\/1"}],"replies":[{"embeddable":true,"href":"https:\/\/thermostar-southeasteurope.com\/ro\/wp-json\/wp\/v2\/comments?post=5598"}],"version-history":[{"count":5,"href":"https:\/\/thermostar-southeasteurope.com\/ro\/wp-json\/wp\/v2\/pages\/5598\/revisions"}],"predecessor-version":[{"id":5747,"href":"https:\/\/thermostar-southeasteurope.com\/ro\/wp-json\/wp\/v2\/pages\/5598\/revisions\/5747"}],"wp:attachment":[{"href":"https:\/\/thermostar-southeasteurope.com\/ro\/wp-json\/wp\/v2\/media?parent=5598"}],"curies":[{"name":"wp","href":"https:\/\/api.w.org\/{rel}","templated":true}]}}