{"id":4778,"date":"2022-12-05T15:10:47","date_gmt":"2022-12-05T14:10:47","guid":{"rendered":"https:\/\/thermostar-southeasteurope.com\/aplicatii\/videos\/"},"modified":"2025-10-17T09:44:09","modified_gmt":"2025-10-17T07:44:09","slug":"videoclipuri","status":"publish","type":"page","link":"https:\/\/thermostar-southeasteurope.com\/ro\/aplicatii\/videoclipuri\/","title":{"rendered":"Videoclipuri"},"content":{"rendered":"<div class=\"acf-fc-column acf-fc-column-1\">\n<h1 style=\"text-align: center;\">Cum \u0219i unde s\u0103 aplica\u0163i abur<\/h1>\n<p class=\"h6\" style=\"text-align: center;\">C\u00e2teva videoclipuri practice pentru cur\u0103\u021barea cu aparatul de cur\u0103\u021bare termic\u0103 Thermostar<\/p>\n<\/p><\/div>\n<div class=\"acf-fc-column acf-fc-column-1\">\n<div class=\"video-container\"><iframe loading=\"lazy\" title=\"Thermostar Image Video EN\" width=\"1398\" height=\"786\" src=\"https:\/\/www.youtube.com\/embed\/yJmygeRmNHw?feature=oembed&amp;rel=0&amp;showinfo=0\" frameborder=\"0\" allow=\"accelerometer; autoplay; clipboard-write; encrypted-media; gyroscope; picture-in-picture; web-share\" allowfullscreen><\/iframe><\/div>\n<\/p><\/div>\n<div class=\"acf-fc-column acf-fc-column-1\">\n<h2 class=\"h3\" style=\"text-align: center;\">Tehnologie \u0219i func\u021bionare<\/h2>\n<\/p><\/div>\n<div class=\"acf-fc-column acf-fc-column-1\">\n<div class=\"video-container\"><iframe loading=\"lazy\" title=\"Thermostar - Technology\" width=\"1398\" height=\"786\" src=\"https:\/\/www.youtube.com\/embed\/OWgt6nezwWc?feature=oembed&amp;rel=0&amp;showinfo=0\" frameborder=\"0\" allow=\"accelerometer; autoplay; clipboard-write; encrypted-media; gyroscope; picture-in-picture; web-share\" allowfullscreen><\/iframe><\/div>\n<\/p><\/div>\n<div class=\"acf-fc-column acf-fc-column-2\">\n<div class=\"video-container\"><iframe loading=\"lazy\" title=\"Thermostar Training Video\" width=\"1398\" height=\"786\" src=\"https:\/\/www.youtube.com\/embed\/U_UKbXMITNg?feature=oembed&amp;rel=0&amp;showinfo=0\" frameborder=\"0\" allow=\"accelerometer; autoplay; clipboard-write; encrypted-media; gyroscope; picture-in-picture; web-share\" allowfullscreen><\/iframe><\/div>\n<\/p><\/div>\n<div class=\"acf-fc-column acf-fc-column-1\">\n<h2 class=\"h3\" style=\"text-align: center;\">Utiliz\u0103ri<\/h2>\n<\/p><\/div>\n<div class=\"acf-fc-column acf-fc-column-1\">\n<div class=\"video-container\"><iframe loading=\"lazy\" title=\"Bodenreinigung \/ cleaning floors\" width=\"1398\" height=\"786\" src=\"https:\/\/www.youtube.com\/embed\/uRDVPgd8CoI?feature=oembed&amp;rel=0&amp;showinfo=0\" frameborder=\"0\" allow=\"accelerometer; autoplay; clipboard-write; encrypted-media; gyroscope; picture-in-picture\" allowfullscreen><\/iframe><\/div>\n<p>&nbsp;<\/p>\n<\/p><\/div>\n<div class=\"acf-fc-column acf-fc-column-2\">\n<div class=\"video-container\"><iframe loading=\"lazy\" title=\"Perfekte Hygiene in der K\u00fcche \/ perfect hygiene in the kitchen\" width=\"1398\" height=\"786\" src=\"https:\/\/www.youtube.com\/embed\/sJWL2kcy6aY?feature=oembed&amp;rel=0&amp;showinfo=0\" frameborder=\"0\" allow=\"accelerometer; autoplay; clipboard-write; encrypted-media; gyroscope; picture-in-picture; web-share\" allowfullscreen><\/iframe><\/div>\n<\/p><\/div>\n<div class=\"acf-fc-column acf-fc-column-1\">\n<div class=\"video-container\"><iframe loading=\"lazy\" title=\"Badezimmer reinigen \/ cleaning bath room\" width=\"1398\" height=\"786\" src=\"https:\/\/www.youtube.com\/embed\/kmtzLVgWBqc?feature=oembed&amp;rel=0&amp;showinfo=0\" frameborder=\"0\" allow=\"accelerometer; autoplay; clipboard-write; encrypted-media; gyroscope; picture-in-picture; web-share\" allowfullscreen><\/iframe><\/div>\n<\/p><\/div>\n<div class=\"acf-fc-column acf-fc-column-2\">\n<div class=\"video-container\"><iframe loading=\"lazy\" title=\"Rolll\u00e4den, Fliegengitter und Fensterrahmen \/ shutters, insect screens and window frames\" width=\"1398\" height=\"786\" src=\"https:\/\/www.youtube.com\/embed\/OamrzHlC7nY?feature=oembed&amp;rel=0&amp;showinfo=0\" frameborder=\"0\" allow=\"accelerometer; autoplay; clipboard-write; encrypted-media; gyroscope; picture-in-picture\" allowfullscreen><\/iframe><\/div>\n<p>&nbsp;<\/p>\n<\/p><\/div>\n<div class=\"acf-fc-column acf-fc-column-1\">\n<div class=\"video-container\"><iframe loading=\"lazy\" title=\"Reinigung der Au\u00dfenanlagen und Outdoorbereiche - Cleaning of outdoor facilities and outdoor areas\" width=\"1398\" height=\"786\" src=\"https:\/\/www.youtube.com\/embed\/fjtOjlBMvlI?feature=oembed&amp;rel=0&amp;showinfo=0\" frameborder=\"0\" allow=\"accelerometer; autoplay; clipboard-write; encrypted-media; gyroscope; picture-in-picture\" allowfullscreen><\/iframe><\/div>\n<p>&nbsp;<\/p>\n<\/p><\/div>\n<div class=\"acf-fc-column acf-fc-column-2\">\n<div class=\"video-container\"><iframe loading=\"lazy\" title=\"Matratzen &amp; Polsterm\u00f6bel - Cleaning mattresses &amp; upholstered furniture with Thermostar\" width=\"1398\" height=\"786\" src=\"https:\/\/www.youtube.com\/embed\/R0cwLgqF0U0?feature=oembed&amp;rel=0&amp;showinfo=0\" frameborder=\"0\" allow=\"accelerometer; autoplay; clipboard-write; encrypted-media; gyroscope; picture-in-picture\" allowfullscreen><\/iframe><\/div>\n<p>&nbsp;<\/p>\n<\/p><\/div>\n<div class=\"acf-fc-column acf-fc-column-1\">\n<div class=\"video-container\"><iframe loading=\"lazy\" title=\"Mit Thermostar alle Bereiche desinfizieren - Disinfect all areas with Thermostar\" width=\"1398\" height=\"786\" src=\"https:\/\/www.youtube.com\/embed\/ezQ1Os3_H0c?feature=oembed&amp;rel=0&amp;showinfo=0\" frameborder=\"0\" allow=\"accelerometer; autoplay; clipboard-write; encrypted-media; gyroscope; picture-in-picture\" allowfullscreen><\/iframe><\/div>\n<p>&nbsp;<\/p>\n<\/p><\/div>\n<div class=\"acf-fc-column acf-fc-column-2\">\n<div class=\"video-container\"><iframe loading=\"lazy\" title=\"PRO Seal &#039;der perfekte Oberfl\u00e4chenschutz&#039; - PRO Seal &#039;the perfect surface protection&#039;\" width=\"1398\" height=\"786\" src=\"https:\/\/www.youtube.com\/embed\/CKfrjCahWeU?feature=oembed&amp;rel=0&amp;showinfo=0\" frameborder=\"0\" allow=\"accelerometer; autoplay; clipboard-write; encrypted-media; gyroscope; picture-in-picture\" allowfullscreen><\/iframe><\/div>\n<p>&nbsp;<\/p>\n<\/p><\/div>\n","protected":false},"excerpt":{"rendered":"<p>Cum \u0219i unde s\u0103 aplica\u0163i abur C\u00e2teva videoclipuri practice pentru cur\u0103\u021barea cu aparatul de cur\u0103\u021bare termic\u0103 Thermostar Tehnologie \u0219i func\u021bionare Utiliz\u0103ri &nbsp; &nbsp; &nbsp; &nbsp; &nbsp; &nbsp;<\/p>\n","protected":false},"author":6,"featured_media":0,"parent":4772,"menu_order":0,"comment_status":"closed","ping_status":"closed","template":"","meta":{"_acf_changed":false,"footnotes":""},"class_list":["post-4778","page","type-page","status-publish","hentry"],"acf":[],"_links":{"self":[{"href":"https:\/\/thermostar-southeasteurope.com\/ro\/wp-json\/wp\/v2\/pages\/4778","targetHints":{"allow":["GET"]}}],"collection":[{"href":"https:\/\/thermostar-southeasteurope.com\/ro\/wp-json\/wp\/v2\/pages"}],"about":[{"href":"https:\/\/thermostar-southeasteurope.com\/ro\/wp-json\/wp\/v2\/types\/page"}],"author":[{"embeddable":true,"href":"https:\/\/thermostar-southeasteurope.com\/ro\/wp-json\/wp\/v2\/users\/6"}],"replies":[{"embeddable":true,"href":"https:\/\/thermostar-southeasteurope.com\/ro\/wp-json\/wp\/v2\/comments?post=4778"}],"version-history":[{"count":2,"href":"https:\/\/thermostar-southeasteurope.com\/ro\/wp-json\/wp\/v2\/pages\/4778\/revisions"}],"predecessor-version":[{"id":4780,"href":"https:\/\/thermostar-southeasteurope.com\/ro\/wp-json\/wp\/v2\/pages\/4778\/revisions\/4780"}],"up":[{"embeddable":true,"href":"https:\/\/thermostar-southeasteurope.com\/ro\/wp-json\/wp\/v2\/pages\/4772"}],"wp:attachment":[{"href":"https:\/\/thermostar-southeasteurope.com\/ro\/wp-json\/wp\/v2\/media?parent=4778"}],"curies":[{"name":"wp","href":"https:\/\/api.w.org\/{rel}","templated":true}]}}