{"id":4757,"date":"2022-12-02T11:31:07","date_gmt":"2022-12-02T10:31:07","guid":{"rendered":"https:\/\/thermostar-southeasteurope.com\/news\/"},"modified":"2025-11-03T11:09:06","modified_gmt":"2025-11-03T10:09:06","slug":"stiri","status":"publish","type":"page","link":"https:\/\/thermostar-southeasteurope.com\/ro\/stiri\/","title":{"rendered":"\u0218tiri"},"content":{"rendered":"<div class=\"acf-fc-column acf-fc-column-1\">\n<h1 style=\"text-align: center;\">Nout\u0103\u021bi despre produsul nostru<\/h1>\n<\/p><\/div>\n<div class=\"acf-fc-column acf-fc-column-1\">\n<p style=\"text-align: center;\">Ne str\u0103duim \u00een mod constant s\u0103 ne \u00eembun\u0103t\u0103\u021bim. \u0218i astfel, suntem \u00een permanen\u021b\u0103 \u00een c\u0103utarea complet\u0103rilor perfecte pentru cur\u0103\u021barea ecologic\u0103 cu sistemul de abur uscat Thermostar. Avem \u00eentotdeauna cele mai \u00eenalte standarde pentru calitatea, manopera \u0219i sustenabilitatea produselor. Numai inven\u021biile absolut de prim\u0103 clas\u0103, f\u0103r\u0103 aditivi chimici, \u00ee\u0219i g\u0103sesc locul \u00een gama noastr\u0103. Aici pute\u021bi afla ce inova\u021bii pot asigura experien\u021ba de cur\u0103\u021bare cu Thermostar la un nivel \u0219i mai ridicat. \u00centreba\u021bi-v\u0103 consultantul Thermostar!<\/p>\n<p>&nbsp;<\/p>\n<p style=\"text-align: center;\"><a class=\"button\" href=\"\/ro\/distribuitori\/\">Thermostar distribuitori<\/a><\/p>\n<\/p><\/div>\n<div class=\"acf-fc-column acf-fc-column-1\">\n<p><a href=\"https:\/\/thermostar-southeasteurope.com\/wp-content\/uploads\/2022\/12\/Desinfektion_HS_Blaster.jpg\"><img loading=\"lazy\" decoding=\"async\" class=\"alignright wp-image-836 size-content_square_xlarge\" src=\"https:\/\/thermostar-southeasteurope.com\/wp-content\/uploads\/2022\/12\/Desinfektion_HS_Blaster-400x400.jpg\" alt=\"HB Solution application on the handle of the entrance door against none and bacteria\" width=\"400\" height=\"400\" data-fancybox-title=\"\" data-fancybox-alt=\"\" data-fancybox-caption=\"\" \/><\/a><\/p>\n<\/p><\/div>\n<div class=\"acf-fc-column acf-fc-column-2\">\n<h2 class=\"h3\" style=\"text-align: left;\">HB Solution<\/h2>\n<p class=\"h6\" style=\"text-align: left;\">Dezinfectare sigur\u0103 pe baz\u0103 natural\u0103<\/p>\n<p>R\u0103sp\u00e2ndirea bacteriilor \u0219i a viru\u0219ilor este \u00een cre\u0219tere rapid\u0103 la nivel mondial datorit\u0103 re\u021belelor globale. Igiena a devenit de mult mai mult dec\u00e2t \u00eendep\u0103rtarea prafului \u0219i murd\u0103riei!<br \/>\nHB Solution este solu\u021bia noastr\u0103 pentru o igien\u0103 perfect\u0103 acas\u0103 \u0219i la birou. Cur\u0103\u021barea temeinic\u0103 cu micro-abur uscat cur\u0103\u021b\u0103 \u0219i preg\u0103te\u0219te optim suprafe\u021bele. HS Blaster special dezvoltat transform\u0103 aparatul de cur\u0103\u021bare termic\u0103 \u00eentr-un nebulizator de dezinfec\u021bie cu un singur m\u00e2ner, care utilizeaz\u0103 \u00een mod optim presiunea ridicat\u0103 a aburului.<br \/>\nSolu\u021bia HB nu con\u021bine ingrediente periculoase pentru oameni \u0219i animale, nu con\u021bine aditivi \u0219i alergeni \u0219i, prin urmare, este complet inofensiv\u0103 din punct de vedere biologic \u0219i toxicologic.<\/p>\n<\/p><\/div>\n<div class=\"acf-fc-column acf-fc-column-1\">\n<h2 class=\"h3\" style=\"text-align: right;\">PRO Seal<\/h2>\n<p class=\"h6\" style=\"text-align: right;\">Protec\u021bie perfect\u0103 \u00eempotriva aderen\u021bei murd\u0103riei<\/p>\n<p style=\"text-align: right;\">Probabil c\u0103 sunte\u021bi familiariza\u021bi cu acest lucru: de \u00eendat\u0103 ce a\u021bi terminat de cur\u0103\u021bat propria cas\u0103, pute\u021bi vedea deja praf, dungi, depuneri de piatr\u0103 sau reziduuri de gr\u0103sime \u00een unele zone. V-a\u021bi \u00eemp\u0103cat cu aceast\u0103 situa\u0163ie, dar lucurile nu trebuie s\u0103 r\u0103m\u00e2n\u0103 a\u0219a!<br \/>\nCu noua noastr\u0103 protec\u021bie revolu\u021bionar\u0103 a suprafe\u021belor PRO Seal, apartamentul dvs. va ar\u0103ta proasp\u0103t cur\u0103\u021bat zile \u00eentregi. \u0218i cea mai bun\u0103 parte: cu utilizare regulat\u0103, urm\u0103toarea cur\u0103\u021bare va fi o joac\u0103 de copii! \u0218i a\u0219a cum v-a\u021bi a\u0219tepta de la noi, PRO Seal func\u021bioneaz\u0103 complet f\u0103r\u0103 aditivi chimici toxici!<br \/>\nPRO Seal este protec\u021bia ideal\u0103 pentru toate suprafe\u021bele. Cur\u0103\u021b\u0103 eficient suprafa\u021ba profund \u00een pori cu siliciu natural, ecologic \u0219i previne \u00een mod semnificativ readeren\u021ba murd\u0103riei \u0219i a impurit\u0103\u021bilor.<\/p>\n<\/p><\/div>\n<div class=\"acf-fc-column acf-fc-column-2\">\n<p><a href=\"https:\/\/thermostar-southeasteurope.com\/wp-content\/uploads\/2022\/12\/DSC3453.jpg\"><img loading=\"lazy\" decoding=\"async\" class=\"alignleft wp-image-835 size-content_square_xlarge\" src=\"https:\/\/thermostar-southeasteurope.com\/wp-content\/uploads\/2022\/12\/DSC3453-400x400.jpg\" alt=\"PRO Seal application on garden furniture against dirt and limescale stains\" width=\"400\" height=\"400\" data-fancybox-title=\"\" data-fancybox-alt=\"\" data-fancybox-caption=\"\" \/><\/a><\/p>\n<\/p><\/div>\n<div class=\"acf-fc-column acf-fc-column-1\">\n<p style=\"text-align: right;\"><a href=\"https:\/\/thermostar-southeasteurope.com\/wp-content\/uploads\/2022\/12\/Vorteile.jpg\"><img loading=\"lazy\" decoding=\"async\" class=\"alignright wp-image-837 size-content_square_xlarge\" src=\"https:\/\/thermostar-southeasteurope.com\/wp-content\/uploads\/2022\/12\/Vorteile-400x400.jpg\" alt=\"Wipe&amp;Clean is used in the kitchen and ensures sparkling cleanliness\" width=\"400\" height=\"400\" data-fancybox-title=\"\" data-fancybox-alt=\"\" data-fancybox-caption=\"\" \/><\/a><\/p>\n<\/p><\/div>\n<div class=\"acf-fc-column acf-fc-column-2\">\n<h2 class=\"h3\" style=\"text-align: left;\">Wipe&amp;Clean<\/h2>\n<p class=\"h6\" style=\"text-align: left;\">Lavete din microfibr\u0103 2 \u00een 1 cu molecule de cupru<\/p>\n<p>Tehnologia noastr\u0103 unic\u0103 cu micro-abur uscat \u00eent\u00e2lne\u0219te lavetele de cur\u0103\u021bare inovatoare din microfibr\u0103. Lavetele Wipe&amp;Clean sunt \u00eembog\u0103\u021bite cu pigmen\u021bi mici de cupru \u00eentr-un proces brevetat. Atunci c\u00e2nd sunt combina\u021bi cu abur sau ap\u0103, pigmen\u021bii de cupru \u00eencorpora\u021bi elibereaz\u0103 ioni, iar bacteriile \u0219i viru\u0219ii absorbi\u021bi sunt inactiva\u021bi.<br \/>\nAcest lucru \u00eembun\u0103t\u0103\u021be\u0219te \u0219i mai mult performan\u021ba ridicat\u0103 de cur\u0103\u021bare a micro-aburului uscat: Wipe&amp;Clean nu numai c\u0103 \u00eendep\u0103rteaz\u0103 murd\u0103ria dizolvat\u0103, ci \u0219i p\u00e2n\u0103 la 99,9% dintre bacterii \u0219i viru\u0219i! Comparativ cu lavetele conven\u021bionale, riscul de infec\u021bie, r\u0103sp\u00e2ndire a germenilor \u0219i, mai presus de toate, mirosurile nepl\u0103cute sunt reduse semnificativ.<\/p>\n<\/p><\/div>\n<div class=\"acf-fc-column acf-fc-column-1\">\n<h2 class=\"h3\" style=\"text-align: right;\">Molecular Cleaner<\/h2>\n<p class=\"h6\" style=\"text-align: right;\">Puterea natural\u0103 a enzimelor<\/p>\n<p style=\"text-align: right;\">Molecular Cleaner este un detergent enzimatic eficient \u0219i biodegradabil. Murd\u0103ria organic\u0103 este \u00eendep\u0103rtat\u0103 rapid \u0219i eficient prin micro-descompunere. Acest lucru nu las\u0103 practic niciun reziduu sub form\u0103 de surfactan\u021bi sau depozite similare. Solu\u021bia de lucru poate fi utilizat\u0103 pe toate suprafe\u021bele insensibile la ap\u0103 \u0219i este complet inofensiv\u0103 din punct de vedere chimic. A\u0219adar, acolo unde aburul uscat nu mai este suficient, Molecular Cleaner v\u0103 ofer\u0103 siguran\u021b\u0103.<br \/>\nEnzimele sunt componente ale fiec\u0103rui organism viu. Molecular Cleaner utilizeaz\u0103 enzime pentru a descompune gr\u0103simile, proteinele \u0219i amidonul, fiind perfect pentru \u00eendep\u0103rtarea unei game largi de murd\u0103rie organic\u0103.<\/p>\n<\/p><\/div>\n<div class=\"acf-fc-column acf-fc-column-2\">\n<p><a href=\"https:\/\/thermostar-southeasteurope.com\/wp-content\/uploads\/2024\/05\/MolecularCleaner-Label.jpg\"><img loading=\"lazy\" decoding=\"async\" class=\"alignleft wp-image-3175 size-content_square_xlarge\" src=\"https:\/\/thermostar-southeasteurope.com\/wp-content\/uploads\/2024\/05\/MolecularCleaner-Label-400x400.jpg\" alt=\"Molecular Cleaner dissolves protein, fat and oil in the kitchen with the power of enzymes\" width=\"400\" height=\"400\" srcset=\"https:\/\/thermostar-southeasteurope.com\/wp-content\/uploads\/2024\/05\/MolecularCleaner-Label-400x400.jpg 400w, https:\/\/thermostar-southeasteurope.com\/wp-content\/uploads\/2024\/05\/MolecularCleaner-Label-150x150.jpg 150w, https:\/\/thermostar-southeasteurope.com\/wp-content\/uploads\/2024\/05\/MolecularCleaner-Label-32x32.jpg 32w, https:\/\/thermostar-southeasteurope.com\/wp-content\/uploads\/2024\/05\/MolecularCleaner-Label-180x180.jpg 180w, https:\/\/thermostar-southeasteurope.com\/wp-content\/uploads\/2024\/05\/MolecularCleaner-Label-192x192.jpg 192w, https:\/\/thermostar-southeasteurope.com\/wp-content\/uploads\/2024\/05\/MolecularCleaner-Label-270x270.jpg 270w, https:\/\/thermostar-southeasteurope.com\/wp-content\/uploads\/2024\/05\/MolecularCleaner-Label-512x512.jpg 512w, https:\/\/thermostar-southeasteurope.com\/wp-content\/uploads\/2024\/05\/MolecularCleaner-Label-100x100.jpg 100w, https:\/\/thermostar-southeasteurope.com\/wp-content\/uploads\/2024\/05\/MolecularCleaner-Label-200x200.jpg 200w, https:\/\/thermostar-southeasteurope.com\/wp-content\/uploads\/2024\/05\/MolecularCleaner-Label-250x250.jpg 250w, https:\/\/thermostar-southeasteurope.com\/wp-content\/uploads\/2024\/05\/MolecularCleaner-Label-300x300.jpg 300w, https:\/\/thermostar-southeasteurope.com\/wp-content\/uploads\/2024\/05\/MolecularCleaner-Label-350x350.jpg 350w, https:\/\/thermostar-southeasteurope.com\/wp-content\/uploads\/2024\/05\/MolecularCleaner-Label-900x900.jpg 900w, https:\/\/thermostar-southeasteurope.com\/wp-content\/uploads\/2024\/05\/MolecularCleaner-Label-699x699.jpg 699w, https:\/\/thermostar-southeasteurope.com\/wp-content\/uploads\/2024\/05\/MolecularCleaner-Label-640x640.jpg 640w, https:\/\/thermostar-southeasteurope.com\/wp-content\/uploads\/2024\/05\/MolecularCleaner-Label-480x480.jpg 480w, https:\/\/thermostar-southeasteurope.com\/wp-content\/uploads\/2024\/05\/MolecularCleaner-Label-960x960.jpg 960w, https:\/\/thermostar-southeasteurope.com\/wp-content\/uploads\/2024\/05\/MolecularCleaner-Label-380x380.jpg 380w, https:\/\/thermostar-southeasteurope.com\/wp-content\/uploads\/2024\/05\/MolecularCleaner-Label-780x780.jpg 780w, https:\/\/thermostar-southeasteurope.com\/wp-content\/uploads\/2024\/05\/MolecularCleaner-Label-320x320.jpg 320w, https:\/\/thermostar-southeasteurope.com\/wp-content\/uploads\/2024\/05\/MolecularCleaner-Label-280x280.jpg 280w, https:\/\/thermostar-southeasteurope.com\/wp-content\/uploads\/2024\/05\/MolecularCleaner-Label-560x560.jpg 560w, https:\/\/thermostar-southeasteurope.com\/wp-content\/uploads\/2024\/05\/MolecularCleaner-Label-240x240.jpg 240w, https:\/\/thermostar-southeasteurope.com\/wp-content\/uploads\/2024\/05\/MolecularCleaner-Label-940x940.jpg 940w, https:\/\/thermostar-southeasteurope.com\/wp-content\/uploads\/2024\/05\/MolecularCleaner-Label-360x360.jpg 360w, https:\/\/thermostar-southeasteurope.com\/wp-content\/uploads\/2024\/05\/MolecularCleaner-Label-700x700.jpg 700w, https:\/\/thermostar-southeasteurope.com\/wp-content\/uploads\/2024\/05\/MolecularCleaner-Label-600x600.jpg 600w, https:\/\/thermostar-southeasteurope.com\/wp-content\/uploads\/2024\/05\/MolecularCleaner-Label-460x460.jpg 460w, https:\/\/thermostar-southeasteurope.com\/wp-content\/uploads\/2024\/05\/MolecularCleaner-Label-466x466.jpg 466w, https:\/\/thermostar-southeasteurope.com\/wp-content\/uploads\/2024\/05\/MolecularCleaner-Label-932x932.jpg 932w, https:\/\/thermostar-southeasteurope.com\/wp-content\/uploads\/2024\/05\/MolecularCleaner-Label-500x500.jpg 500w, https:\/\/thermostar-southeasteurope.com\/wp-content\/uploads\/2024\/05\/MolecularCleaner-Label-412x412.jpg 412w\" sizes=\"auto, (max-width: 400px) 100vw, 400px\" data-fancybox-title=\"MolecularCleaner Label\" data-fancybox-alt=\"Molecular Cleaner dissolves protein, fat and oil in the kitchen with the power of enzymes\" data-fancybox-caption=\"\" \/><\/a><\/p>\n<\/p><\/div>\n<div class=\"acf-fc-column acf-fc-column-1\">\n<h3 class=\"h2\" style=\"text-align: center;\">F\u0103r\u0103 germeni, dar \u00een mod corect &#8211;<br \/>\ncu HB Solution!<\/h3>\n<\/p><\/div>\n<div class=\"acf-fc-column acf-fc-column-1\">\n<p style=\"text-align: center;\">\u00cen special \u00een gospod\u0103rie, nu este necesar \u2013 ba chiar contraproductiv \u2013 s\u0103 se utilizeze substan\u021be chimice pentru a combate toate tipurile de bacterii, viru\u0219i sau al\u021bi germeni. De prea multe ori, cur\u0103\u021barea excesiv\u0103 cu agen\u021bi de cur\u0103\u021bare toxici duce la probleme grave de s\u0103n\u0103tate, de exemplu la nivelul c\u0103ilor respiratorii sau al pielii. \u00cen plus, apar diverse alergii, \u00een special la copii, \u0219i, nu \u00een ultimul r\u00e2nd, utilizarea neglijent\u0103 a substan\u021belor chimice poate duce chiar la dezvoltarea de germeni multirezisten\u021bi care pot provoca daune durabile s\u0103n\u0103t\u0103\u021bii.<\/p>\n<p style=\"text-align: center;\">Deci, ce putem face pentru a ne men\u021bine casa igienic\u0103? Pentru zonele sensibile, cum ar fi saltelele, buc\u0103t\u0103ria sau toaletele, sau c\u00e2nd sezonul anual al gripei love\u0219te casa dvs., v\u0103 recomand\u0103m dezinfectarea sistemic\u0103: mai \u00eent\u00e2i cur\u0103\u021ba\u021bi \u00een profunzime porii cu abur micro uscat. Cu c\u00e2t murd\u0103ria este \u00eendep\u0103rtat\u0103 mai bine de pe o suprafa\u021b\u0103, cu at\u00e2t dezinfectarea va fi mai eficient\u0103. Datorit\u0103 propriet\u0103\u021bilor unice ale HB Solution \u0219i unui sistem special de atomizare la cald din HS Blaster, amestecul este dozat cu precizie, astfel \u00eenc\u00e2t efectul complet de dezinfec\u021bie s\u0103 fie men\u021binut, dar aburul s\u0103 fie atomizat \u0219i pulverizat \u00een mod optim. Modul \u00een care func\u021bioneaz\u0103 HB Solution, \u0219i anume prin imitarea proceselor antimicrobiene din celulele umane, asigur\u0103 faptul c\u0103 acest dezinfectant este complet sigur pentru oameni \u0219i animale, elimin\u00e2nd \u00een mod fiabil bacteriile \u0219i virusurile \u0219i \u00eempiedic\u00e2ndu-le s\u0103 dezvolte rezisten\u021b\u0103.<\/p>\n<\/p><\/div>\n<div class=\"acf-fc-column acf-fc-column-1\">\n<div class=\"video-container\"><iframe loading=\"lazy\" title=\"HB Solution - safe and natural disinfection with Thermostar\" width=\"1398\" height=\"786\" src=\"https:\/\/www.youtube.com\/embed\/lwNXaqNGLo0?feature=oembed&amp;rel=0&amp;showinfo=0\" frameborder=\"0\" allow=\"accelerometer; autoplay; clipboard-write; encrypted-media; gyroscope; picture-in-picture; web-share\" referrerpolicy=\"strict-origin-when-cross-origin\" allowfullscreen><\/iframe><\/div>\n<\/p><\/div>\n<div class=\"acf-fc-row acf-fc-downloadbox acf-fc-row-extra-narrow-width acf-fc-row-style-nobg normal-gap-before downloadbox-columns-2\">\n<div class=\"acf-fc-columns acf-fc-columns-1\">\n<div class=\"acf-fc-column acf-fc-column-1\">\n<h3 class=\"title\">Downloads<\/h3>\n<ul class=\"columns-2\">\n<li>\n\t<a class=\"nopopupicon nolightbox\" rel=\"nofollow\" href=\"https:\/\/thermostar-southeasteurope.com\/wp-content\/uploads\/2023\/07\/PS_HB_Solution_EN.pdf\" target=\"_blank\" title=\"Download product sheet HB Solution\"><\/p>\n<div class=\"container\">\n\t\t\t<i class=\"icon custom-icon custom-icon-file-pdf\"><\/i><\/p>\n<div class=\"details\">\n<div class=\"title\">product sheet HB Solution<\/div>\n<div class=\"description\"><\/div>\n<div class=\"size\">PDF, 3 MB<\/div>\n<\/p><\/div>\n<\/p><\/div>\n<p>\t<\/a>\n<\/li>\n<li>\n\t<a class=\"nopopupicon nolightbox\" rel=\"nofollow\" href=\"https:\/\/thermostar-southeasteurope.com\/wp-content\/uploads\/2023\/11\/PS_ProSeal_EN.pdf\" target=\"_blank\" title=\"Download product sheet PROSeal\"><\/p>\n<div class=\"container\">\n\t\t\t<i class=\"icon custom-icon custom-icon-file-pdf\"><\/i><\/p>\n<div class=\"details\">\n<div class=\"title\">product sheet PROSeal<\/div>\n<div class=\"description\"><\/div>\n<div class=\"size\">PDF, 2 MB<\/div>\n<\/p><\/div>\n<\/p><\/div>\n<p>\t<\/a>\n<\/li>\n<li>\n\t<a class=\"nopopupicon nolightbox\" rel=\"nofollow\" href=\"https:\/\/thermostar-southeasteurope.com\/wp-content\/uploads\/2023\/07\/PS_Wipe_Clean_EN.pdf\" target=\"_blank\" title=\"Download product sheet Wipe&#038;Clean\"><\/p>\n<div class=\"container\">\n\t\t\t<i class=\"icon custom-icon custom-icon-file-pdf\"><\/i><\/p>\n<div class=\"details\">\n<div class=\"title\">product sheet Wipe&amp;Clean<\/div>\n<div class=\"description\"><\/div>\n<div class=\"size\">PDF, 3 MB<\/div>\n<\/p><\/div>\n<\/p><\/div>\n<p>\t<\/a>\n<\/li>\n<li>\n\t<a class=\"nopopupicon nolightbox\" rel=\"nofollow\" href=\"https:\/\/thermostar-southeasteurope.com\/wp-content\/uploads\/2024\/05\/PS_MolecularCleaner_EN.pdf\" target=\"_blank\" title=\"Download product sheet Molecular Cleaner\"><\/p>\n<div class=\"container\">\n\t\t\t<i class=\"icon custom-icon custom-icon-file-pdf\"><\/i><\/p>\n<div class=\"details\">\n<div class=\"title\">product sheet Molecular Cleaner<\/div>\n<div class=\"description\"><\/div>\n<div class=\"size\">PDF, 2 MB<\/div>\n<\/p><\/div>\n<\/p><\/div>\n<p>\t<\/a>\n<\/li>\n<\/ul><\/div>\n<\/p><\/div>\n<\/div>\n","protected":false},"excerpt":{"rendered":"<p>Nout\u0103\u021bi despre produsul nostru Ne str\u0103duim \u00een mod constant s\u0103 ne \u00eembun\u0103t\u0103\u021bim. \u0218i astfel, suntem \u00een permanen\u021b\u0103 \u00een c\u0103utarea complet\u0103rilor perfecte pentru cur\u0103\u021barea ecologic\u0103 cu sistemul de abur uscat Thermostar. Avem \u00eentotdeauna cele mai \u00eenalte standarde pentru calitatea, manopera \u0219i sustenabilitatea produselor. Numai inven\u021biile absolut de prim\u0103 clas\u0103, f\u0103r\u0103 aditivi chimici, \u00ee\u0219i g\u0103sesc locul \u00een [&hellip;]<\/p>\n","protected":false},"author":6,"featured_media":0,"parent":0,"menu_order":0,"comment_status":"closed","ping_status":"closed","template":"","meta":{"_acf_changed":false,"footnotes":""},"class_list":["post-4757","page","type-page","status-publish","hentry"],"acf":[],"_links":{"self":[{"href":"https:\/\/thermostar-southeasteurope.com\/ro\/wp-json\/wp\/v2\/pages\/4757","targetHints":{"allow":["GET"]}}],"collection":[{"href":"https:\/\/thermostar-southeasteurope.com\/ro\/wp-json\/wp\/v2\/pages"}],"about":[{"href":"https:\/\/thermostar-southeasteurope.com\/ro\/wp-json\/wp\/v2\/types\/page"}],"author":[{"embeddable":true,"href":"https:\/\/thermostar-southeasteurope.com\/ro\/wp-json\/wp\/v2\/users\/6"}],"replies":[{"embeddable":true,"href":"https:\/\/thermostar-southeasteurope.com\/ro\/wp-json\/wp\/v2\/comments?post=4757"}],"version-history":[{"count":3,"href":"https:\/\/thermostar-southeasteurope.com\/ro\/wp-json\/wp\/v2\/pages\/4757\/revisions"}],"predecessor-version":[{"id":5739,"href":"https:\/\/thermostar-southeasteurope.com\/ro\/wp-json\/wp\/v2\/pages\/4757\/revisions\/5739"}],"wp:attachment":[{"href":"https:\/\/thermostar-southeasteurope.com\/ro\/wp-json\/wp\/v2\/media?parent=4757"}],"curies":[{"name":"wp","href":"https:\/\/api.w.org\/{rel}","templated":true}]}}