{"id":4752,"date":"2022-12-02T11:30:54","date_gmt":"2022-12-02T10:30:54","guid":{"rendered":"https:\/\/thermostar-southeasteurope.com\/accessories\/"},"modified":"2025-11-03T11:08:25","modified_gmt":"2025-11-03T10:08:25","slug":"accesorii","status":"publish","type":"page","link":"https:\/\/thermostar-southeasteurope.com\/ro\/accesorii\/","title":{"rendered":"Accesorii"},"content":{"rendered":"<div class=\"acf-fc-column acf-fc-column-1\">\n<h1 style=\"text-align: center;\">Accesorii Thermostar<\/h1>\n<\/p><\/div>\n<div class=\"acf-fc-column acf-fc-column-1\">\n<p><a href=\"https:\/\/thermostar-southeasteurope.com\/wp-content\/uploads\/2022\/12\/Gesamt.jpg\"><img loading=\"lazy\" decoding=\"async\" class=\"aligncenter wp-image-801 size-content_square_full\" src=\"https:\/\/thermostar-southeasteurope.com\/wp-content\/uploads\/2022\/12\/Gesamt-1398x1280.jpg\" alt=\"Thermostar dry steam system with an extensive range of accessories for every cleaning situation\" width=\"1398\" height=\"1280\" data-fancybox-title=\"\" data-fancybox-alt=\"\" data-fancybox-caption=\"\" \/><\/a><\/p>\n<\/p><\/div>\n<div class=\"acf-fc-column acf-fc-column-2\">\n<h2 class=\"h2\">Thermostar impresioneaz\u0103 cu o gam\u0103 larg\u0103 de accesorii<\/h2>\n<p>&nbsp;<\/p>\n<p>Un mare avantaj al aparatului de cur\u0103\u021bat termic Thermostar este gama larg\u0103 de accesorii. Chiar \u0219i cu echipamentul standard, ob\u021bine\u021bi toate instrumentele de care ave\u021bi nevoie pentru cur\u0103\u021barea igienic\u0103 \u0219i \u00een profunzime a apartamentului, terasei \u0219i gr\u0103dinii. Fie c\u0103 este vorba de l\u0103ncile de abur, periile mari \u0219i mici, clopotul de abur sau spatula mic\u0103, pute\u021bi \u00eencepe imediat, cu echipare complet\u0103. \u0218i cea mai bun\u0103 parte: func\u021bioneaz\u0103 exclusiv cu ap\u0103 de la robinet \u0219i complet f\u0103r\u0103 substan\u021be chimice!<\/p>\n<p>Pentru zone foarte speciale, pute\u021bi alege \u0219i dintr-o gam\u0103 larg\u0103 de accesorii speciale. Nu exist\u0103 domeniu pentru care s\u0103 nu avem instrumentul potrivit!<\/p>\n<p>Beneficia\u021bi de mul\u021bi ani de experien\u021b\u0103 ai consultan\u021bilor no\u0219tri Thermostar \u0219i l\u0103sa\u021bi-i s\u0103 v\u0103 sf\u0103tuiasc\u0103 cu privire la accesoriile potrivite pentru cerin\u021bele dvs.!<\/p>\n<p>&nbsp;<\/p>\n<p style=\"text-align: left;\"><a class=\"button\" href=\"\/ro\/distribuitori\/\">Thermostar distribuitori<\/a><\/p>\n<p style=\"text-align: left;\">\n\t<\/div>\n<div class=\"acf-fc-column acf-fc-column-1\">\n<h3>Aplica\u021bia Thermostar &#8211; un companion loial&#8230;<\/h3>\n<p>Cu aplica\u021bia noastr\u0103 Thermostar, ave\u021bi un partener loial al\u0103turi de dvs. \u00een orice moment. Nu \u0219ti\u021bi sigur cum s\u0103 cur\u0103\u021ba\u021bi cel mai bine ferestrele cu Thermostar sau cum s\u0103 utiliza\u021bi corect un accesoriu special? Nicio problem\u0103: pur \u0219i simplu deschide\u021bi utilizarea corespunz\u0103toare \u00een aplica\u021bie \u0219i v\u0103 inspira\u021bi din videoclipurile noastre din aplica\u021bie!<br \/>\nDesigur, aplica\u021bia v\u0103 ofer\u0103, de asemenea, sfaturi pentru func\u021bionarea continu\u0103. Reumplerea cu ap\u0103 sau eliminarea regulat\u0103 a pietrei sunt explicate \u00een videoclipuri \u00een acela\u0219i mod ca activarea func\u021biei de economisire a energiei.<\/p>\n<\/div>\n<div class=\"acf-fc-column acf-fc-column-1\">\n<p style=\"text-align: center;\">Desc\u0103rca\u021bi APLICA\u021aIA noastr\u0103 Progressive Web acum pe aceast\u0103 pagin\u0103:<br \/>\nface\u021bi clic pe acest link de pe dispozitivul dvs. \u0219i instalarea va \u00eencepe u\u0219or \u0219i sigur!<\/p>\n<p>&nbsp;<\/p>\n<p style=\"text-align: center;\"><a class=\"button\" href=\"https:\/\/thermostar.info\/app\/#\/uses\">Download APP<\/a><\/p>\n<p>&nbsp;<\/p>\n<p>&nbsp;<\/p>\n<\/p><\/div>\n<div class=\"acf-fc-column acf-fc-column-1\">\n<h2 style=\"text-align: center;\">Accesorii \u00een detaliu<\/h2>\n<h3 style=\"text-align: center;\">Instrumentul potrivit pentru fiecare cerin\u021b\u0103<\/h3>\n<\/p><\/div>\n<div>\n<div>\n\t\t\t<img width=\"150\" height=\"150\" src=\"https:\/\/thermostar-southeasteurope.com\/wp-content\/uploads\/2022\/12\/DSC8650-150x150.jpg?ver=20250822080950\" class=\"alignleft\" alt=\"A woman enjoys her free time with a book and the Thermostar evaporator\" decoding=\"async\" loading=\"lazy\" srcset=\"https:\/\/thermostar-southeasteurope.com\/wp-content\/uploads\/2022\/12\/DSC8650-150x150.jpg?ver=20250822080950 150w, https:\/\/thermostar-southeasteurope.com\/wp-content\/uploads\/2022\/12\/DSC8650-32x32.jpg?ver=20250822080950 32w, https:\/\/thermostar-southeasteurope.com\/wp-content\/uploads\/2022\/12\/DSC8650-180x180.jpg?ver=20250822080950 180w, https:\/\/thermostar-southeasteurope.com\/wp-content\/uploads\/2022\/12\/DSC8650-192x192.jpg?ver=20250822080950 192w, https:\/\/thermostar-southeasteurope.com\/wp-content\/uploads\/2022\/12\/DSC8650-270x270.jpg?ver=20250822080950 270w, https:\/\/thermostar-southeasteurope.com\/wp-content\/uploads\/2022\/12\/DSC8650-512x512.jpg?ver=20250822080950 512w, https:\/\/thermostar-southeasteurope.com\/wp-content\/uploads\/2022\/12\/DSC8650-100x100.jpg?ver=20250822080950 100w, https:\/\/thermostar-southeasteurope.com\/wp-content\/uploads\/2022\/12\/DSC8650-200x200.jpg?ver=20250822080950 200w, https:\/\/thermostar-southeasteurope.com\/wp-content\/uploads\/2022\/12\/DSC8650-250x250.jpg?ver=20250822080950 250w, https:\/\/thermostar-southeasteurope.com\/wp-content\/uploads\/2022\/12\/DSC8650-300x300.jpg?ver=20250822080950 300w, https:\/\/thermostar-southeasteurope.com\/wp-content\/uploads\/2022\/12\/DSC8650-350x350.jpg?ver=20250822080950 350w, https:\/\/thermostar-southeasteurope.com\/wp-content\/uploads\/2022\/12\/DSC8650-400x400.jpg?ver=20250822080950 400w, https:\/\/thermostar-southeasteurope.com\/wp-content\/uploads\/2022\/12\/DSC8650-1200x1200.jpg?ver=20250822080950 1200w, https:\/\/thermostar-southeasteurope.com\/wp-content\/uploads\/2022\/12\/DSC8650-900x900.jpg?ver=20250822080950 900w, https:\/\/thermostar-southeasteurope.com\/wp-content\/uploads\/2022\/12\/DSC8650-699x699.jpg?ver=20250822080950 699w, https:\/\/thermostar-southeasteurope.com\/wp-content\/uploads\/2022\/12\/DSC8650-640x640.jpg?ver=20250822080950 640w, https:\/\/thermostar-southeasteurope.com\/wp-content\/uploads\/2022\/12\/DSC8650-1280x1280.jpg?ver=20250822080950 1280w, https:\/\/thermostar-southeasteurope.com\/wp-content\/uploads\/2022\/12\/DSC8650-480x480.jpg?ver=20250822080950 480w, https:\/\/thermostar-southeasteurope.com\/wp-content\/uploads\/2022\/12\/DSC8650-960x960.jpg?ver=20250822080950 960w, https:\/\/thermostar-southeasteurope.com\/wp-content\/uploads\/2022\/12\/DSC8650-380x380.jpg?ver=20250822080950 380w, https:\/\/thermostar-southeasteurope.com\/wp-content\/uploads\/2022\/12\/DSC8650-780x780.jpg?ver=20250822080950 780w, https:\/\/thermostar-southeasteurope.com\/wp-content\/uploads\/2022\/12\/DSC8650-320x320.jpg?ver=20250822080950 320w, https:\/\/thermostar-southeasteurope.com\/wp-content\/uploads\/2022\/12\/DSC8650-280x280.jpg?ver=20250822080950 280w, https:\/\/thermostar-southeasteurope.com\/wp-content\/uploads\/2022\/12\/DSC8650-560x560.jpg?ver=20250822080950 560w, https:\/\/thermostar-southeasteurope.com\/wp-content\/uploads\/2022\/12\/DSC8650-240x240.jpg?ver=20250822080950 240w, https:\/\/thermostar-southeasteurope.com\/wp-content\/uploads\/2022\/12\/DSC8650-940x940.jpg?ver=20250822080950 940w, https:\/\/thermostar-southeasteurope.com\/wp-content\/uploads\/2022\/12\/DSC8650-360x360.jpg?ver=20250822080950 360w, https:\/\/thermostar-southeasteurope.com\/wp-content\/uploads\/2022\/12\/DSC8650-700x700.jpg?ver=20250822080950 700w, https:\/\/thermostar-southeasteurope.com\/wp-content\/uploads\/2022\/12\/DSC8650-600x600.jpg?ver=20250822080950 600w, https:\/\/thermostar-southeasteurope.com\/wp-content\/uploads\/2022\/12\/DSC8650-460x460.jpg?ver=20250822080950 460w, https:\/\/thermostar-southeasteurope.com\/wp-content\/uploads\/2022\/12\/DSC8650-466x466.jpg?ver=20250822080950 466w, https:\/\/thermostar-southeasteurope.com\/wp-content\/uploads\/2022\/12\/DSC8650-932x932.jpg?ver=20250822080950 932w, https:\/\/thermostar-southeasteurope.com\/wp-content\/uploads\/2022\/12\/DSC8650-500x500.jpg?ver=20250822080950 500w, https:\/\/thermostar-southeasteurope.com\/wp-content\/uploads\/2022\/12\/DSC8650-412x412.jpg?ver=20250822080950 412w\" sizes=\"auto, (max-width: 150px) 100vw, 150px\" data-fancybox-title=\"Verdampfer Luft reinigen\" data-fancybox-alt=\"A woman enjoys her free time with a book and the Thermostar evaporator\" data-fancybox-caption=\"Thermostar Handels-GmbH \/Helge Bauer\" data-fancybox-srcset=\"https:\/\/thermostar-southeasteurope.com\/wp-content\/uploads\/2022\/12\/DSC8650-300x200.jpg 300w, https:\/\/thermostar-southeasteurope.com\/wp-content\/uploads\/2022\/12\/DSC8650-768x512.jpg 768w, https:\/\/thermostar-southeasteurope.com\/wp-content\/uploads\/2022\/12\/DSC8650-1024x683.jpg 1024w, https:\/\/thermostar-southeasteurope.com\/wp-content\/uploads\/2022\/12\/DSC8650-1536x1024.jpg 1536w, https:\/\/thermostar-southeasteurope.com\/wp-content\/uploads\/2022\/12\/DSC8650-150x100.jpg 150w, https:\/\/thermostar-southeasteurope.com\/wp-content\/uploads\/2022\/12\/DSC8650-200x133.jpg 200w, https:\/\/thermostar-southeasteurope.com\/wp-content\/uploads\/2022\/12\/DSC8650-250x167.jpg 250w, https:\/\/thermostar-southeasteurope.com\/wp-content\/uploads\/2022\/12\/DSC8650-350x233.jpg 350w, https:\/\/thermostar-southeasteurope.com\/wp-content\/uploads\/2022\/12\/DSC8650-400x267.jpg 400w, https:\/\/thermostar-southeasteurope.com\/wp-content\/uploads\/2022\/12\/DSC8650-1200x800.jpg 1200w, https:\/\/thermostar-southeasteurope.com\/wp-content\/uploads\/2022\/12\/DSC8650-900x600.jpg 900w, https:\/\/thermostar-southeasteurope.com\/wp-content\/uploads\/2022\/12\/DSC8650-699x466.jpg 699w, https:\/\/thermostar-southeasteurope.com\/wp-content\/uploads\/2022\/12\/DSC8650-1398x932.jpg 1398w, https:\/\/thermostar-southeasteurope.com\/wp-content\/uploads\/2022\/12\/DSC8650-113x75.jpg 113w, https:\/\/thermostar-southeasteurope.com\/wp-content\/uploads\/2022\/12\/DSC8650-195x130.jpg 195w, https:\/\/thermostar-southeasteurope.com\/wp-content\/uploads\/2022\/12\/DSC8650-450x300.jpg 450w, https:\/\/thermostar-southeasteurope.com\/wp-content\/uploads\/2022\/12\/DSC8650-600x400.jpg 600w, https:\/\/thermostar-southeasteurope.com\/wp-content\/uploads\/2022\/12\/DSC8650-225x150.jpg 225w, https:\/\/thermostar-southeasteurope.com\/wp-content\/uploads\/2022\/12\/DSC8650-75x50.jpg 75w, https:\/\/thermostar-southeasteurope.com\/wp-content\/uploads\/2022\/12\/DSC8650-471x314.jpg 471w, https:\/\/thermostar-southeasteurope.com\/wp-content\/uploads\/2022\/12\/DSC8650-405x270.jpg 405w, https:\/\/thermostar-southeasteurope.com\/wp-content\/uploads\/2022\/12\/DSC8650-305x203.jpg 305w, https:\/\/thermostar-southeasteurope.com\/wp-content\/uploads\/2022\/12\/DSC8650-645x430.jpg 645w, https:\/\/thermostar-southeasteurope.com\/wp-content\/uploads\/2022\/12\/DSC8650-960x640.jpg 960w, https:\/\/thermostar-southeasteurope.com\/wp-content\/uploads\/2022\/12\/DSC8650-932x621.jpg 932w, https:\/\/thermostar-southeasteurope.com\/wp-content\/uploads\/2022\/12\/DSC8650-1280x853.jpg 1280w, https:\/\/thermostar-southeasteurope.com\/wp-content\/uploads\/2022\/12\/DSC8650-466x311.jpg 466w, https:\/\/thermostar-southeasteurope.com\/wp-content\/uploads\/2022\/12\/DSC8650-640x427.jpg 640w, https:\/\/thermostar-southeasteurope.com\/wp-content\/uploads\/2022\/12\/DSC8650-500x333.jpg 500w, https:\/\/thermostar-southeasteurope.com\/wp-content\/uploads\/2022\/12\/DSC8650-120x80.jpg 120w, https:\/\/thermostar-southeasteurope.com\/wp-content\/uploads\/2022\/12\/DSC8650-412x275.jpg 412w, https:\/\/thermostar-southeasteurope.com\/wp-content\/uploads\/2022\/12\/DSC8650.jpg 1920w\" \/>\t\t\t<\/p>\n<h3>Climat interior incomparabil cu vaporizatorul Thermostar<\/h3>\n<\/p><\/div>\n<\/p><\/div>\n<div class=\"acf-fc-column acf-fc-column-1\">\n<p style=\"text-align: center;\">Importan\u021ba aerului purificat, re\u00eemprosp\u0103tat \u0219i umidificat pentru bun\u0103starea noastr\u0103 nu poate fi supraevaluat\u0103. \u00cen vremuri \u00een care mai mul\u021bi oameni ca niciodat\u0103 sunt afecta\u021bi de alergii \u0219i boli respiratorii, con\u0219tientizarea igienei naturale este, de asemenea, \u00een cre\u0219tere.<br \/>\n\u0218tia\u021bi c\u0103, cu vaporizatorul Thermostar aerul din cas\u0103 poate fi, de asemenea, cur\u0103\u021bat perfect \u0219i \u00eemprosp\u0103tat? Temperaturile ridicate din interior elimin\u0103 to\u021bi germenii din traiectoria aburului. Rezultatul este cel mai fin \u0219i mai pur vapor de ap\u0103 care v\u0103 umidific\u0103 perfect camerele \u00een cel mai scurt timp.<\/p>\n<p>&nbsp;<\/p>\n<\/p><\/div>\n<div class=\"acf-fc-column acf-fc-column-1\">\n<h3 style=\"text-align: center;\">C\u0103lca\u021bi ca profesioni\u0219tii &#8211; cu sta\u021bia de c\u0103lcat cu abur Thermostar<\/h3>\n<\/p><\/div>\n<div class=\"acf-fc-column acf-fc-column-1\">\n<p>Aparatul de cur\u0103\u021bat cu abur uscat Thermostar aduce eficien\u021b\u0103 \u0219i profesionalism gospod\u0103riei dvs., dup\u0103 cum \u0219ti\u021bi deja! \u00cen combina\u021bie cu fierul de c\u0103lcat cu abur, acum v\u0103 pute\u021bi sp\u0103la rufele cu u\u0219urin\u021b\u0103 \u0219i bucurie. Pentru c\u0103 numai cu instrumentul potrivit pute\u021bi ob\u021bine rezultate remarcabile.<\/p>\n<p style=\"text-align: center;\">Pur \u0219i simplu conecta\u021bi fierul de c\u0103lcat cu abur, profesional la Thermostar \u0219i bucura\u021bi-v\u0103 de abur permanent \u0219i de m\u00e2nerul ergonomic din plut\u0103. Lucra\u021bi cu talpa din teflon ata\u0219abil\u0103 pe rufele sensibile! \u00cempreun\u0103 cu sta\u021bia de c\u0103lcat cu abur Thermostar, cu suprafa\u021b\u0103 \u00eenc\u0103lzit\u0103, func\u021bie de aspirare \u0219i umflare, c\u0103lcatul devine o experien\u021b\u0103.<\/p>\n<\/p><\/div>\n<div class=\"acf-fc-column acf-fc-column-1\">\n<div class=\"video-container\"><iframe loading=\"lazy\" title=\"Thermostar steam ironing station\" width=\"1398\" height=\"786\" src=\"https:\/\/www.youtube.com\/embed\/XfRPrJCfMiQ?feature=oembed&amp;rel=0&amp;showinfo=0\" frameborder=\"0\" allow=\"accelerometer; autoplay; clipboard-write; encrypted-media; gyroscope; picture-in-picture; web-share\" allowfullscreen><\/iframe><\/div>\n<\/p><\/div>\n","protected":false},"excerpt":{"rendered":"<p>Accesorii Thermostar Thermostar impresioneaz\u0103 cu o gam\u0103 larg\u0103 de accesorii &nbsp; Un mare avantaj al aparatului de cur\u0103\u021bat termic Thermostar este gama larg\u0103 de accesorii. Chiar \u0219i cu echipamentul standard, ob\u021bine\u021bi toate instrumentele de care ave\u021bi nevoie pentru cur\u0103\u021barea igienic\u0103 \u0219i \u00een profunzime a apartamentului, terasei \u0219i gr\u0103dinii. Fie c\u0103 este vorba de l\u0103ncile de [&hellip;]<\/p>\n","protected":false},"author":6,"featured_media":0,"parent":0,"menu_order":0,"comment_status":"closed","ping_status":"closed","template":"","meta":{"_acf_changed":false,"footnotes":""},"class_list":["post-4752","page","type-page","status-publish","hentry"],"acf":[],"_links":{"self":[{"href":"https:\/\/thermostar-southeasteurope.com\/ro\/wp-json\/wp\/v2\/pages\/4752","targetHints":{"allow":["GET"]}}],"collection":[{"href":"https:\/\/thermostar-southeasteurope.com\/ro\/wp-json\/wp\/v2\/pages"}],"about":[{"href":"https:\/\/thermostar-southeasteurope.com\/ro\/wp-json\/wp\/v2\/types\/page"}],"author":[{"embeddable":true,"href":"https:\/\/thermostar-southeasteurope.com\/ro\/wp-json\/wp\/v2\/users\/6"}],"replies":[{"embeddable":true,"href":"https:\/\/thermostar-southeasteurope.com\/ro\/wp-json\/wp\/v2\/comments?post=4752"}],"version-history":[{"count":3,"href":"https:\/\/thermostar-southeasteurope.com\/ro\/wp-json\/wp\/v2\/pages\/4752\/revisions"}],"predecessor-version":[{"id":5738,"href":"https:\/\/thermostar-southeasteurope.com\/ro\/wp-json\/wp\/v2\/pages\/4752\/revisions\/5738"}],"wp:attachment":[{"href":"https:\/\/thermostar-southeasteurope.com\/ro\/wp-json\/wp\/v2\/media?parent=4752"}],"curies":[{"name":"wp","href":"https:\/\/api.w.org\/{rel}","templated":true}]}}